{"id":120,"date":"2021-05-21T16:45:23","date_gmt":"2021-05-21T14:45:23","guid":{"rendered":"https:\/\/cpm.osupytheas.fr\/?page_id=120"},"modified":"2021-08-25T09:51:07","modified_gmt":"2021-08-25T07:51:07","slug":"introduction","status":"publish","type":"page","link":"https:\/\/cpm.osupytheas.fr\/index.php\/en\/introduction\/","title":{"rendered":"Introduction"},"content":{"rendered":"\n<p class=\"has-small-font-size\"><em>Title:&nbsp;<strong>Mirages<\/strong> &#8211; Year:&nbsp;2019 &#8211; Place:&nbsp;Fuente Segura (Spain) &#8211; Author &amp; Copyright:&nbsp;Pau SANOSA<\/em><\/p>\n\n\n\n<div style=\"height:50px\" aria-hidden=\"true\" class=\"wp-block-spacer\"><\/div>\n\n\n\n<p><em><strong>Position of the different pastoral systems presented in this exhibition<\/strong>&nbsp;(inset courtesy of Google Earth Engine).<\/em><\/p>\n\n\n<p><div class=\"leaflet-map WPLeafletMap\" style=\"height:400px; width:100%;\"><\/div><script>\nwindow.WPLeafletMapPlugin = window.WPLeafletMapPlugin || [];\nwindow.WPLeafletMapPlugin.push(function WPLeafletMapShortcode() {\/*<script>*\/\nvar baseUrl = atob('aHR0cHM6Ly9zZXJ2ZXIuYXJjZ2lzb25saW5lLmNvbS9BcmNHSVMvcmVzdC9zZXJ2aWNlcy9Xb3JsZF9JbWFnZXJ5L01hcFNlcnZlci90aWxlL3t6fS97eX0ve3h9LmpwZw==');\nvar base = (!baseUrl && window.MQ) ?\n    window.MQ.mapLayer() : L.tileLayer(baseUrl,\n        L.Util.extend({}, {\n            detectRetina: 0,\n        },\n        {\"subdomains\":\"abc\",\"noWrap\":false,\"maxZoom\":20}        )\n    );\n    var options = L.Util.extend({}, {\n        layers: [base],\n        attributionControl: false\n    },\n    {\"zoomControl\":false,\"scrollWheelZoom\":false,\"doubleClickZoom\":false,\"fitBounds\":false,\"minZoom\":0,\"maxZoom\":20,\"maxBounds\":null,\"attribution\":\"Tiles \\u00a9 Esri \\u2014 Source: Esri, i-cubed, USDA, USGS, AEX, GeoEye, Getmapping, Aerogrid, IGN, IGP, UPR-EGP, and the GIS User Community ; Icons made by Freepik from www.flaticon.com\"},\n    {});\nwindow.WPLeafletMapPlugin.createMap(options).setView([38,18],4);});<\/script><script>\nwindow.WPLeafletMapPlugin = window.WPLeafletMapPlugin || [];\nwindow.WPLeafletMapPlugin.push(function WPLeafletMarkerShortcode() {\/*<script>*\/\nvar map = window.WPLeafletMapPlugin.getCurrentMap();\nvar group = window.WPLeafletMapPlugin.getCurrentGroup();\nvar marker_options = window.WPLeafletMapPlugin.getIconOptions({\"iconUrl\":\"https:\\\/\\\/cpm.osupytheas.fr\\\/wp-content\\\/uploads\\\/2021\\\/06\\\/pin.png\",\"iconSize\":\"16,16\",\"iconAnchor\":\"8,18\"});\nvar marker = L.marker(\n    [32.296419798969,-6.191630859375],\n    marker_options\n);\nvar is_image = map.is_image_map;\nif (marker_options.draggable) {\n    marker.on('dragend', function () {\n        var latlng = this.getLatLng();\n        var lat = latlng.lat;\n        var lng = latlng.lng;\n        if (is_image) {\n            console.log('leaflet-marker y=' + lat + ' x=' + lng);\n        } else {\n            console.log('leaflet-marker lat=' + lat + ' lng=' + lng);\n        }\n    });\n}\nmarker.addTo( group );\nmarker.bindPopup(window.WPLeafletMapPlugin.unescape(' &lt;a href=\\&quot;https:\/\/cpm.osupytheas.fr\/index.php\/morocco-2\/\\&quot;&gt;Morocco&lt;\/a&gt; '));window.WPLeafletMapPlugin.markers.push( marker );\n        });<\/script><script>\nwindow.WPLeafletMapPlugin = window.WPLeafletMapPlugin || [];\nwindow.WPLeafletMapPlugin.push(function WPLeafletMarkerShortcode() {\/*<script>*\/\nvar map = window.WPLeafletMapPlugin.getCurrentMap();\nvar group = window.WPLeafletMapPlugin.getCurrentGroup();\nvar marker_options = window.WPLeafletMapPlugin.getIconOptions({\"iconUrl\":\"https:\\\/\\\/cpm.osupytheas.fr\\\/wp-content\\\/uploads\\\/2021\\\/06\\\/pin.png\",\"iconSize\":\"16,16\",\"iconAnchor\":\"8,18\"});\nvar marker = L.marker(\n    [42.719275360242,19.147060546875],\n    marker_options\n);\nvar is_image = map.is_image_map;\nif (marker_options.draggable) {\n    marker.on('dragend', function () {\n        var latlng = this.getLatLng();\n        var lat = latlng.lat;\n        var lng = latlng.lng;\n        if (is_image) {\n            console.log('leaflet-marker y=' + lat + ' x=' + lng);\n        } else {\n            console.log('leaflet-marker lat=' + lat + ' lng=' + lng);\n        }\n    });\n}\nmarker.addTo( group );\nmarker.bindPopup(window.WPLeafletMapPlugin.unescape(' &lt;a href=\\&quot;https:\/\/cpm.osupytheas.fr\/index.php\/montenegro\/\\&quot;&gt;Montenegro&lt;\/a&gt;'));window.WPLeafletMapPlugin.markers.push( marker );\n        });<\/script><script>\nwindow.WPLeafletMapPlugin = window.WPLeafletMapPlugin || [];\nwindow.WPLeafletMapPlugin.push(function WPLeafletMarkerShortcode() {\/*<script>*\/\nvar map = window.WPLeafletMapPlugin.getCurrentMap();\nvar group = window.WPLeafletMapPlugin.getCurrentGroup();\nvar marker_options = window.WPLeafletMapPlugin.getIconOptions({\"iconUrl\":\"https:\\\/\\\/cpm.osupytheas.fr\\\/wp-content\\\/uploads\\\/2021\\\/06\\\/pin.png\",\"iconSize\":\"16,16\",\"iconAnchor\":\"8,18\"});\nvar marker = L.marker(\n    [37.051032826488,32.91515625],\n    marker_options\n);\nvar is_image = map.is_image_map;\nif (marker_options.draggable) {\n    marker.on('dragend', function () {\n        var latlng = this.getLatLng();\n        var lat = latlng.lat;\n        var lng = latlng.lng;\n        if (is_image) {\n            console.log('leaflet-marker y=' + lat + ' x=' + lng);\n        } else {\n            console.log('leaflet-marker lat=' + lat + ' lng=' + lng);\n        }\n    });\n}\nmarker.addTo( group );\nmarker.bindPopup(window.WPLeafletMapPlugin.unescape(' &lt;a href=\\&quot;https:\/\/cpm.osupytheas.fr\/index.php\/turkey\/\\&quot;&gt;Turkey&lt;\/a&gt;'));window.WPLeafletMapPlugin.markers.push( marker );\n        });<\/script><script>\nwindow.WPLeafletMapPlugin = window.WPLeafletMapPlugin || [];\nwindow.WPLeafletMapPlugin.push(function WPLeafletMarkerShortcode() {\/*<script>*\/\nvar map = window.WPLeafletMapPlugin.getCurrentMap();\nvar group = window.WPLeafletMapPlugin.getCurrentGroup();\nvar marker_options = window.WPLeafletMapPlugin.getIconOptions({\"iconUrl\":\"https:\\\/\\\/cpm.osupytheas.fr\\\/wp-content\\\/uploads\\\/2021\\\/06\\\/pin.png\",\"iconSize\":\"16,16\",\"iconAnchor\":\"8,18\"});\nvar marker = L.marker(\n    [38.2,-2.8],\n    marker_options\n);\nvar is_image = map.is_image_map;\nif (marker_options.draggable) {\n    marker.on('dragend', function () {\n        var latlng = this.getLatLng();\n        var lat = latlng.lat;\n        var lng = latlng.lng;\n        if (is_image) {\n            console.log('leaflet-marker y=' + lat + ' x=' + lng);\n        } else {\n            console.log('leaflet-marker lat=' + lat + ' lng=' + lng);\n        }\n    });\n}\nmarker.addTo( group );\nmarker.bindPopup(window.WPLeafletMapPlugin.unescape('&lt;a href=\\&quot;https:\/\/cpm.osupytheas.fr\/index.php\/spain\/\\&quot;&gt;Spain&lt;\/a&gt;'));window.WPLeafletMapPlugin.markers.push( marker );\n        });<\/script><script>\nwindow.WPLeafletMapPlugin = window.WPLeafletMapPlugin || [];\nwindow.WPLeafletMapPlugin.push(function WPLeafletMarkerShortcode() {\/*<script>*\/\nvar map = window.WPLeafletMapPlugin.getCurrentMap();\nvar group = window.WPLeafletMapPlugin.getCurrentGroup();\nvar marker_options = window.WPLeafletMapPlugin.getIconOptions({\"iconUrl\":\"https:\\\/\\\/cpm.osupytheas.fr\\\/wp-content\\\/uploads\\\/2021\\\/06\\\/pin.png\",\"iconSize\":\"16,16\",\"iconAnchor\":\"8,18\"});\nvar marker = L.marker(\n    [37.740313292103,39.839172363281],\n    marker_options\n);\nvar is_image = map.is_image_map;\nif (marker_options.draggable) {\n    marker.on('dragend', function () {\n        var latlng = this.getLatLng();\n        var lat = latlng.lat;\n        var lng = latlng.lng;\n        if (is_image) {\n            console.log('leaflet-marker y=' + lat + ' x=' + lng);\n        } else {\n            console.log('leaflet-marker lat=' + lat + ' lng=' + lng);\n        }\n    });\n}\nmarker.addTo( group );\nmarker.bindPopup(window.WPLeafletMapPlugin.unescape(' &lt;a href=\\&quot;https:\/\/cpm.osupytheas.fr\/index.php\/turkey\/\\&quot;&gt;Karaca Da\u011f&lt;\/a&gt;'));window.WPLeafletMapPlugin.markers.push( marker );\n        });<\/script><\/p>\n\n\n\n<div style=\"height:50px\" aria-hidden=\"true\" class=\"wp-block-spacer\"><\/div>\n\n\n\n<p>People in modern times have started questioning their own ways of life, trying to return to and inhabit a lost world which once pulsed in harmony with Nature. But is that possible now, on this rapidly changing planet, so consumed by its own global dynamics, which most of us can barely grasp or have any control over?<\/p>\n\n\n\n<p>Progress and transformation cannot be conceived as a linear process, but rather as one moving in multidimensional spirals, eternally looping forward and backward, in continuous search for a sustainable livelihood. Some of these livelihoods are still around us, in our backyards, without us even realizing it. And these traditions hold examples that shouldn\u2019t be overlooked or forgotten.<\/p>\n\n\n\n<p>Small transhumant (mobile) pastoral populations who communally govern and conserve their own environments, are an enchanting example of this. These communities and their livestock provide some of the finest products and foods in the world, often unknown to other societies. And despite the many threats they face, through their finely evolved systems of pastoral governance, they remain guarantors and protectors of some of the most precious biodiversities and landscapes, that are still alive and well&nbsp; in the mountains of the Mediterranean.<\/p>\n\n\n\n<div style=\"height:50px\" aria-hidden=\"true\" class=\"wp-block-spacer\"><\/div>\n\n\n\n<figure class=\"wp-block-image alignfull size-full\"><img loading=\"lazy\" decoding=\"async\" width=\"1280\" height=\"1600\" src=\"https:\/\/cpm.osupytheas.fr\/wp-content\/uploads\/2021\/05\/l2.jpg\" alt=\"\" class=\"wp-image-64\" srcset=\"https:\/\/cpm.osupytheas.fr\/wp-content\/uploads\/2021\/05\/l2.jpg 1280w, https:\/\/cpm.osupytheas.fr\/wp-content\/uploads\/2021\/05\/l2-240x300.jpg 240w, https:\/\/cpm.osupytheas.fr\/wp-content\/uploads\/2021\/05\/l2-819x1024.jpg 819w, https:\/\/cpm.osupytheas.fr\/wp-content\/uploads\/2021\/05\/l2-768x960.jpg 768w, https:\/\/cpm.osupytheas.fr\/wp-content\/uploads\/2021\/05\/l2-1229x1536.jpg 1229w\" sizes=\"auto, (max-width: 1280px) 100vw, 1280px\" \/><\/figure>\n\n\n\n<p><em>Title:&nbsp;<strong>Diversity is life<\/strong><\/em><br><em>Author &amp; Copyright:&nbsp;Left to right, top to bottom:<br>Wake Up Films, Sinjajevina (Montenegro), 2020<br>Nikola LU\u010cI\u0106, Sinjajevina (Montenegro), 2019<br>Association des amis du Zat, Yagur (Morocco), 2014<br>\u0130nan\u00e7 TEKG\u00dc\u00c7, High Atlas (Morocco), 2019<br>Nada PEROVI\u0106, Sinjajevina (Montenegro), 2020<br>Wake Up Films, Sinjajevina (Montenegro), 2019<br>G\u00fcl Ertunan KARAASLAN, Toros Mountains (Turkey), 2016<br>Francisco GODOY, Castril (Spain), 2018<\/em><\/p>\n\n\n\n<div style=\"height:50px\" aria-hidden=\"true\" class=\"wp-block-spacer\"><\/div>\n\n\n\n<p>These communities retain strong inter-generational bonds with their territories. They permanently negotiate and take collective decisions on the use of their natural resources to assure their sustained use and relatively equal access for all their members, while expressing their gratitude to the land through constant rituals and festivities that renew their pastoral identity and sense of existence. Their ways of living entail innumerable benefits, both socio-culturally and environmentally. So much so that community conserved territories have been recognized by institutions such as the <a href=\"https:\/\/www.iccaregistry.org\/\">United Nations<\/a>, the <a href=\"https:\/\/www.cbd.int\/doc\/publications\/cbd-ts-64-en.pdf\">Convention for Biological Diversity<\/a> and the <a href=\"https:\/\/www.iucn.org\/news\/protected-areas\/201905\/iccas-biological-and-cultural-diversity\">International Union for the Conservation of Nature<\/a>. Therefore, it is particularly ironic that these communities most often continue to be alienated, displaced or dispossessed from the very land and ecosystems they contribute so fundamentally to co-create and that would not exist without their presence.&nbsp;&nbsp;<\/p>\n\n\n\n<p>This exhibition is the outcome of long-term and ongoing work conducted by over 20 scientists, photographers, film makers, local community members and activists passionate about mountain lifestyles, landscapes and pastoral commons in four different Mediterranean countries, Morocco, Spain, Montenegro and Turkey, where different cultures flourish and, even if very different between them, still all conserve very similarly their <a href=\"https:\/\/www.iccaconsortium.org\/index.php\/discover\/\">territories of life<\/a>. Cradled in beautifully diverse ecosystems, they all share the power to live a life in a certain equilibrium ~ in connection with nature and with oneself. They offer us the opportunity to reflect, to introspect and to transform human aspirations and the global trajectories that we have lost in today.&nbsp;<\/p>\n\n\n\n<p>The aim of this exhibition is not to offer a description of these pastoral systems as a whole, but to evoke the unique values and virtues that they embody. To many urban or rurban peoples, these systems are dated, irrelevant, retrograde, and destructive towards the environment. This exhibition seeks to shift this stigmatized gaze and draw attention to the many sustainable riches that are embedded in the lives of these Mediterranean mobile pastoralists. So while recognizing the many imperfections that also persist within these systems, such as numerous gender and intergenerational inequalities, certain imbalances in power dynamics within the different communities of livestock breeders, etc., the exhibition seeks to highlight how resilient these systems have been for centuries and even millennia, and how these ways of life have developed some of the most outstanding landscapes, cosmogonies and knowledge systems.&nbsp; In fact, the creation of this exhibition was triggered by the constatation that these people, their livelihoods and ecologies are truly unique and nevertheless have become extremely fragile as they become engulfed by globalized forces and State control. Factors that endanger their existence are growing stronger every year, and there are many! For example, the lack of governmental and social incentives, ageing populations, climate change, mass tourism, intensive agriculture, predatory multinationals promoting land grabbing, and aggressive political choices as particularly featured in the Montenegrin case here, but also in others. It is therefore urgently needed that all these interconnected factors are addressed bravely and courageously, in order to save and protect these irreplaceable places, people, products, natures, cultures and ways of life, as much for the benefit of the communities themselves as for humanity and the world ecosystem in its entirety.<\/p>\n\n\n\n<div style=\"height:50px\" aria-hidden=\"true\" class=\"wp-block-spacer\"><\/div>\n\n\n\n<figure class=\"wp-block-video\"><video height=\"720\" style=\"aspect-ratio: 1280 \/ 720;\" width=\"1280\" controls poster=\"https:\/\/cpm.osupytheas.fr\/wp-content\/uploads\/2021\/07\/Med-Commons_eng_720_thumb1.jpg\" src=\"https:\/\/cpm.osupytheas.fr\/wp-content\/uploads\/2021\/07\/Med-Commons_eng_720.mp4\"><\/video><\/figure>\n\n\n\n<p><em>Title:&nbsp;<strong>Introduction to mediterranean mountain pastoral commons.<\/strong><br>Year: 2020 <br>Place: Toulouse (France) <br>Author &amp; Copyright: Pablo DOMINGUEZ <\/em><\/p>\n\n\n\n<hr class=\"wp-block-separator is-style-dots\"\/>\n\n\n\n<div style=\"height:50px\" aria-hidden=\"true\" class=\"wp-block-spacer\"><\/div>\n\n\n\n<p><strong>Acknowledgements<\/strong><\/p>\n\n\n\n<p>I would like to thank all the local communities featured in this exhibition that wished to tell their story, along with all co-authors, as well as photographers and filmmakers and reviewers, particularly Margherita FERRARIO and Sushma IYENGAR for their sharp insights, as well as Didier ZEVACO for his patient editing of this virtual exhibition, who all together made this exhibition possible, as did the numerous organizations and funders that have supported this work in one way or another and whose logos appear here below.<\/p>\n\n\n\n<p><strong>Text and composition <\/strong>by <a href=\"http:\/\/w3.geode.univ-tlse2.fr\/permanents\/dominguez.php\">Pablo DOMINGUEZ<\/a> (exhibition curator).<\/p>\n\n\n\n<hr class=\"wp-block-separator is-style-dots\"\/>\n","protected":false},"excerpt":{"rendered":"<p>Title:&nbsp;Mirages &#8211; Year:&nbsp;2019 &#8211; Place:&nbsp;Fuente Segura (Spain) &#8211; Author &amp; Copyright:&nbsp;Pau SANOSA Position of the different pastoral systems presented in this exhibition&nbsp;(inset courtesy of Google &hellip;<\/p>\n","protected":false},"author":2,"featured_media":63,"parent":0,"menu_order":1,"comment_status":"closed","ping_status":"closed","template":"","meta":{"footnotes":""},"class_list":["post-120","page","type-page","status-publish","has-post-thumbnail","hentry"],"_links":{"self":[{"href":"https:\/\/cpm.osupytheas.fr\/index.php\/wp-json\/wp\/v2\/pages\/120","targetHints":{"allow":["GET"]}}],"collection":[{"href":"https:\/\/cpm.osupytheas.fr\/index.php\/wp-json\/wp\/v2\/pages"}],"about":[{"href":"https:\/\/cpm.osupytheas.fr\/index.php\/wp-json\/wp\/v2\/types\/page"}],"author":[{"embeddable":true,"href":"https:\/\/cpm.osupytheas.fr\/index.php\/wp-json\/wp\/v2\/users\/2"}],"replies":[{"embeddable":true,"href":"https:\/\/cpm.osupytheas.fr\/index.php\/wp-json\/wp\/v2\/comments?post=120"}],"version-history":[{"count":149,"href":"https:\/\/cpm.osupytheas.fr\/index.php\/wp-json\/wp\/v2\/pages\/120\/revisions"}],"predecessor-version":[{"id":740,"href":"https:\/\/cpm.osupytheas.fr\/index.php\/wp-json\/wp\/v2\/pages\/120\/revisions\/740"}],"wp:featuredmedia":[{"embeddable":true,"href":"https:\/\/cpm.osupytheas.fr\/index.php\/wp-json\/wp\/v2\/media\/63"}],"wp:attachment":[{"href":"https:\/\/cpm.osupytheas.fr\/index.php\/wp-json\/wp\/v2\/media?parent=120"}],"curies":[{"name":"wp","href":"https:\/\/api.w.org\/{rel}","templated":true}]}}