{"id":131,"date":"2021-05-25T10:43:39","date_gmt":"2021-05-25T08:43:39","guid":{"rendered":"https:\/\/cpm.osupytheas.fr\/?page_id=131"},"modified":"2021-08-24T15:04:37","modified_gmt":"2021-08-24T13:04:37","slug":"morocco-2","status":"publish","type":"page","link":"https:\/\/cpm.osupytheas.fr\/index.php\/en\/morocco-2\/","title":{"rendered":"Morocco"},"content":{"rendered":"\n<p class=\"has-small-font-size\">Title:&nbsp;<strong><em>Transhumant<\/em><\/strong> &#8211; Year:&nbsp;2019 &#8211; Place:&nbsp;Saghrou (Morocco) &#8211; Author &amp; Copyright:&nbsp;Inan\u00e7 TEKG\u00dc\u00c7<\/p>\n\n\n\n<div style=\"height:50px\" aria-hidden=\"true\" class=\"wp-block-spacer\"><\/div>\n\n\n\n<h2 class=\"wp-block-heading\">ON THE LONG TRAIL: Ait Atta, transhumants of the High Atlas Mountains, Morocco.<\/h2>\n\n\n\n<p>What is it like to be an individual among a tribe? Is there such a thing when belonging to a larger community of mobile pastoralists ever since you were born? Is there such a thing when you walk up the Atlas Mountains towards the Igourdane <em>agdal<\/em> pastoral common and back every year, on a journey that has been the same for as long the memory of the blood can recall? When it\u2019s just you, your tribe, your herd, and the immense African night?<\/p>\n\n\n\n<p>Up there, one often seems to be less singular, and more a meaningful part of a whole.<\/p>\n\n\n\n<div style=\"height:50px\" aria-hidden=\"true\" class=\"wp-block-spacer\"><\/div>\n\n\n\n<figure class=\"wp-block-image alignfull size-full\"><img loading=\"lazy\" decoding=\"async\" width=\"1302\" height=\"748\" src=\"https:\/\/cpm.osupytheas.fr\/wp-content\/uploads\/2021\/05\/M2.jpg\" alt=\"\" class=\"wp-image-67\" srcset=\"https:\/\/cpm.osupytheas.fr\/wp-content\/uploads\/2021\/05\/M2.jpg 1302w, https:\/\/cpm.osupytheas.fr\/wp-content\/uploads\/2021\/05\/M2-300x172.jpg 300w, https:\/\/cpm.osupytheas.fr\/wp-content\/uploads\/2021\/05\/M2-1024x588.jpg 1024w, https:\/\/cpm.osupytheas.fr\/wp-content\/uploads\/2021\/05\/M2-768x441.jpg 768w\" sizes=\"auto, (max-width: 1302px) 100vw, 1302px\" \/><\/figure>\n\n\n\n<p><em>Title: <strong>Position of Igourdane highland pastures and one of its main transhumant roads&nbsp;<\/strong><br>Year:&nbsp;2021<br>Place:&nbsp;Igourdane (Morocco)<br>Author &amp; Copyright: Pablo Dom\u00ednguez (inset courtesy of Google Earth Engine).<\/em><\/p>\n\n\n\n<div style=\"height:50px\" aria-hidden=\"true\" class=\"wp-block-spacer\"><\/div>\n\n\n\n<figure class=\"wp-block-image alignfull size-full\"><img loading=\"lazy\" decoding=\"async\" width=\"1536\" height=\"1332\" src=\"https:\/\/cpm.osupytheas.fr\/wp-content\/uploads\/2021\/05\/M3.jpg\" alt=\"\" class=\"wp-image-68\" srcset=\"https:\/\/cpm.osupytheas.fr\/wp-content\/uploads\/2021\/05\/M3.jpg 1536w, https:\/\/cpm.osupytheas.fr\/wp-content\/uploads\/2021\/05\/M3-300x260.jpg 300w, https:\/\/cpm.osupytheas.fr\/wp-content\/uploads\/2021\/05\/M3-1024x888.jpg 1024w, https:\/\/cpm.osupytheas.fr\/wp-content\/uploads\/2021\/05\/M3-768x666.jpg 768w\" sizes=\"auto, (max-width: 1536px) 100vw, 1536px\" \/><\/figure>\n\n\n\n<p><em>Title:&nbsp;<strong>The agdal commons through the seasons&nbsp;<\/strong><br>Year:&nbsp;2019<br>Place: Igourdane (Morocco)<br>Author &amp; Copyright: Inan\u00e7 TEKG\u00dc\u00c7<\/em><\/p>\n\n\n\n<div style=\"height:50px\" aria-hidden=\"true\" class=\"wp-block-spacer\"><\/div>\n\n\n\n<p>With the seasonal movements of the pastoralists, up to the highlands in late spring and down to the lowlands in autumn, the <em>agdal<\/em> landscape is dramatically transformed, from being covered with white snow in winter, to vibrant green grass in spring, and fully grazed by the end of the summer. But these landscapes can only exist through collective organization and the prohibition to graze at key dates, that allows it all to be renewed and&nbsp; to flourish again year after year!&nbsp;<\/p>\n\n\n\n<div style=\"height:50px\" aria-hidden=\"true\" class=\"wp-block-spacer\"><\/div>\n\n\n\n<h3 class=\"has-text-align-center wp-block-heading\"><strong>Your home<\/strong><\/h3>\n\n\n\n<p class=\"has-text-align-center\"><em>Your home is not yours, it belongs to the earth.<\/em><\/p>\n\n\n\n<div style=\"height:50px\" aria-hidden=\"true\" class=\"wp-block-spacer\"><\/div>\n\n\n\n<figure class=\"wp-block-image alignfull size-full\"><img loading=\"lazy\" decoding=\"async\" width=\"1380\" height=\"946\" src=\"https:\/\/cpm.osupytheas.fr\/wp-content\/uploads\/2021\/05\/M4.jpg\" alt=\"\" class=\"wp-image-69\" srcset=\"https:\/\/cpm.osupytheas.fr\/wp-content\/uploads\/2021\/05\/M4.jpg 1380w, https:\/\/cpm.osupytheas.fr\/wp-content\/uploads\/2021\/05\/M4-300x206.jpg 300w, https:\/\/cpm.osupytheas.fr\/wp-content\/uploads\/2021\/05\/M4-1024x702.jpg 1024w, https:\/\/cpm.osupytheas.fr\/wp-content\/uploads\/2021\/05\/M4-768x526.jpg 768w\" sizes=\"auto, (max-width: 1380px) 100vw, 1380px\" \/><\/figure>\n\n\n\n<p><em>Title:&nbsp;<strong>Biocultural bonds<\/strong><br>Year:&nbsp;2019<br>Place:&nbsp;Saghrou (Morocco)<br>Author &amp; Copyright:&nbsp;Eda Elif TIBET<\/em><\/p>\n\n\n\n<div style=\"height:50px\" aria-hidden=\"true\" class=\"wp-block-spacer\"><\/div>\n\n\n\n<p>Agdal is a form of diffused craftsmanship, whose name reveals its secret: agdal is a term derived from the Berber root \u2018GDL\u2019 which can refer to various meanings such as \u2018protection\u2019, \u2018prohibition\u2019, a \u2018territory\u2019 in itself or even \u2018to pasture\u2019. In the High Atlas, it most often refers to the ancient system of community resource governance but also to the protected territory itself.<\/p>\n\n\n\n<p>Igourdane is one of these extensive highland pastoral agdals, of over 4,000 hectares (40 km2), and is collectively governed by a community composed of 250 families and their livestock belonging to three tribes. Every year these tribes decide to close the agdal to pasture in the month of April and not open it until early June, allowing the vegetation to regenerate.<\/p>\n\n\n\n<div style=\"height:50px\" aria-hidden=\"true\" class=\"wp-block-spacer\"><\/div>\n\n\n\n<h3 class=\"has-text-align-center wp-block-heading\"><strong>Your name<\/strong><\/h3>\n\n\n\n<p class=\"has-text-align-center\"><em>Your name is not yours, it belongs to the group.<\/em><\/p>\n\n\n\n<div style=\"height:50px\" aria-hidden=\"true\" class=\"wp-block-spacer\"><\/div>\n\n\n\n<figure class=\"wp-block-image alignfull size-full\"><img loading=\"lazy\" decoding=\"async\" width=\"1438\" height=\"1418\" src=\"https:\/\/cpm.osupytheas.fr\/wp-content\/uploads\/2021\/05\/M5.jpg\" alt=\"\" class=\"wp-image-70\" srcset=\"https:\/\/cpm.osupytheas.fr\/wp-content\/uploads\/2021\/05\/M5.jpg 1438w, https:\/\/cpm.osupytheas.fr\/wp-content\/uploads\/2021\/05\/M5-300x296.jpg 300w, https:\/\/cpm.osupytheas.fr\/wp-content\/uploads\/2021\/05\/M5-1024x1010.jpg 1024w, https:\/\/cpm.osupytheas.fr\/wp-content\/uploads\/2021\/05\/M5-768x757.jpg 768w\" sizes=\"auto, (max-width: 1438px) 100vw, 1438px\" \/><\/figure>\n\n\n\n<p><em>Title:<strong> Three Generations. The Ben Youssef Family<\/strong><br>Year:&nbsp;2019<br>Place:&nbsp;Saghrou &amp; Nkob (Morocco)<br>Author &amp; Copyright:&nbsp;Inan\u00e7 TEKG\u00dc\u00c7<\/em><\/p>\n\n\n\n<div style=\"height:50px\" aria-hidden=\"true\" class=\"wp-block-spacer\"><\/div>\n\n\n\n<p>Ait M\u2019hamed, Ait Bouguemez and Ait Atta: those are the names of the three tribes agdaling Igourdane. These tribes have been following the rhythm of the seasons for generations, in a concerted effort that requires every individual to surrender to and comply with the collective.<\/p>\n\n\n\n<p>The Ait Atta leave their children in town with relatives until they are old enough to join the rest of the family in a destiny that many will cyclically fulfill until the end of their life. It is almost impossible for someone who has not grown up with such a deep vision of the pastures to even imagine what it is to be fully integrated in this whole.<\/p>\n\n\n\n<div style=\"height:50px\" aria-hidden=\"true\" class=\"wp-block-spacer\"><\/div>\n\n\n\n<figure class=\"wp-block-video\"><video height=\"720\" style=\"aspect-ratio: 1280 \/ 720;\" width=\"1280\" controls poster=\"https:\/\/cpm.osupytheas.fr\/wp-content\/uploads\/2021\/07\/AIT-ATTA_TRAILER_FINAL_thumb1.jpg\" src=\"https:\/\/cpm.osupytheas.fr\/wp-content\/uploads\/2021\/06\/AIT-ATTA_TRAILER_FINAL.m4v\"><\/video><\/figure>\n\n\n\n<p><em>Title:&nbsp;<strong>A\u00eft Atta: Nomads of the High Atlas.<\/strong><br>Year:&nbsp;2020<br>Place:&nbsp;High Atlas (Morocco)<br>Author &amp; Copyright:&nbsp;Inan\u00e7 TEKG\u00dc\u00c7,&nbsp; Eda Elif TIBET &amp; KARMAMOTION<br>Web site:&nbsp;<a href=\"https:\/\/www.karmamotion.com\/aitatta\">https:\/\/www.karmamotion.com\/aitatta<\/a><\/em><\/p>\n\n\n\n<div style=\"height:50px\" aria-hidden=\"true\" class=\"wp-block-spacer\"><\/div>\n\n\n\n<h3 class=\"has-text-align-center wp-block-heading\"><strong>Your body<\/strong><\/h3>\n\n\n\n<p class=\"has-text-align-center\"><em>Your body is not yours, it belongs to the herd.<\/em><\/p>\n\n\n\n<div style=\"height:50px\" aria-hidden=\"true\" class=\"wp-block-spacer\"><\/div>\n\n\n\n<figure class=\"wp-block-image alignfull size-full\"><img loading=\"lazy\" decoding=\"async\" width=\"1534\" height=\"1024\" src=\"https:\/\/cpm.osupytheas.fr\/wp-content\/uploads\/2021\/05\/M7.jpg\" alt=\"\" class=\"wp-image-72\" srcset=\"https:\/\/cpm.osupytheas.fr\/wp-content\/uploads\/2021\/05\/M7.jpg 1534w, https:\/\/cpm.osupytheas.fr\/wp-content\/uploads\/2021\/05\/M7-300x200.jpg 300w, https:\/\/cpm.osupytheas.fr\/wp-content\/uploads\/2021\/05\/M7-1024x684.jpg 1024w, https:\/\/cpm.osupytheas.fr\/wp-content\/uploads\/2021\/05\/M7-768x513.jpg 768w\" sizes=\"auto, (max-width: 1534px) 100vw, 1534px\" \/><\/figure>\n\n\n\n<p><em>Title:&nbsp;<strong>Sleepless nights<\/strong><br>Year:&nbsp;2019<br>Place:&nbsp;Central High Atlas (Morocco)<br>Author &amp; Copyright: Inan\u00e7 TEKG\u00dc\u00c7<\/em><\/p>\n\n\n\n<div style=\"height:50px\" aria-hidden=\"true\" class=\"wp-block-spacer\"><\/div>\n\n\n\n<p>Goats, camels, humans, trails, mountains, valleys, grasses, rainfall. They all weigh the same in the thin <em>agdal<\/em> air. Humans long ago abandoned any pretence of ruling over the elements. At night, it\u2019s the shepherds who need to cut their dreams short to gather the animals of their herd from wandering off into the faint moonlight, under the stars polka dotting the darkness with their twinkling eyes.<\/p>\n\n\n\n<div style=\"height:50px\" aria-hidden=\"true\" class=\"wp-block-spacer\"><\/div>\n\n\n\n<figure class=\"wp-block-image alignfull size-full\"><img loading=\"lazy\" decoding=\"async\" width=\"1800\" height=\"1200\" src=\"https:\/\/cpm.osupytheas.fr\/wp-content\/uploads\/2021\/05\/M8.jpg\" alt=\"\" class=\"wp-image-73\" srcset=\"https:\/\/cpm.osupytheas.fr\/wp-content\/uploads\/2021\/05\/M8.jpg 1800w, https:\/\/cpm.osupytheas.fr\/wp-content\/uploads\/2021\/05\/M8-300x200.jpg 300w, https:\/\/cpm.osupytheas.fr\/wp-content\/uploads\/2021\/05\/M8-1024x683.jpg 1024w, https:\/\/cpm.osupytheas.fr\/wp-content\/uploads\/2021\/05\/M8-768x512.jpg 768w, https:\/\/cpm.osupytheas.fr\/wp-content\/uploads\/2021\/05\/M8-1536x1024.jpg 1536w, https:\/\/cpm.osupytheas.fr\/wp-content\/uploads\/2021\/05\/M8-1568x1045.jpg 1568w\" sizes=\"auto, (max-width: 1800px) 100vw, 1800px\" \/><\/figure>\n\n\n\n<p><em>Title:&nbsp;<strong>Water is life<\/strong><br>Year:&nbsp;2019<br>Place:&nbsp;Saghrou (Morocco)<br>Author &amp; Copyright: Inan\u00e7 TEKG\u00dc\u00c7<\/em><\/p>\n\n\n\n<div style=\"height:50px\" aria-hidden=\"true\" class=\"wp-block-spacer\"><\/div>\n\n\n\n<p>Up in the pre-Saharan mountains, you can feel your ordinary needs take a step back, and leave space for the most the most primordial human urges: hunger, fatigue and thirst.<br>But you cannot respond to those physical urges alone. Up there, it is liberating to go beyond the notions of individual identity, a value so sacred in western, urbanized culture.<\/p>\n\n\n\n<p>Agdals, if adequately governed, are known to contribute strongly to socio-ecological conservation. But they are in danger. A range of socio-economic difficulties, also linked to climate change, makes people abandon the agdal practice. Here lies our responsibility. We also need to contribute to create conditions for these north African tribes to keep Igourdane alive.<\/p>\n\n\n\n<div style=\"height:50px\" aria-hidden=\"true\" class=\"wp-block-spacer\"><\/div>\n\n\n\n<figure class=\"wp-block-image alignfull size-full\"><img loading=\"lazy\" decoding=\"async\" width=\"1382\" height=\"923\" src=\"https:\/\/cpm.osupytheas.fr\/wp-content\/uploads\/2021\/05\/M9.jpg\" alt=\"\" class=\"wp-image-74\" srcset=\"https:\/\/cpm.osupytheas.fr\/wp-content\/uploads\/2021\/05\/M9.jpg 1382w, https:\/\/cpm.osupytheas.fr\/wp-content\/uploads\/2021\/05\/M9-300x200.jpg 300w, https:\/\/cpm.osupytheas.fr\/wp-content\/uploads\/2021\/05\/M9-1024x684.jpg 1024w, https:\/\/cpm.osupytheas.fr\/wp-content\/uploads\/2021\/05\/M9-768x513.jpg 768w\" sizes=\"auto, (max-width: 1382px) 100vw, 1382px\" \/><\/figure>\n\n\n\n<p><em>Title:&nbsp;<strong>Collective knowledge<\/strong><br>Year: 2019<br>Place:&nbsp;Dades, Morocco<br>Author &amp; Copyright:&nbsp;Inan\u00e7 TEKG\u00dc\u00c7<\/em><\/p>\n\n\n\n<div style=\"height:50px\" aria-hidden=\"true\" class=\"wp-block-spacer\"><\/div>\n\n\n\n<p>But you cannot respond to those physical urges alone. Up there, it is liberating to go beyond the notions of individual identity, a value so sacred in western, urbanized culture. But here pastoralists find joy in letting themselves go and being guided up to the pastures by others of their group.<\/p>\n\n\n\n<p><em>Agdals<\/em>, if properly governed, are known to strongly contribute to socio-ecological conservation for a number of reasons ~ reducing grazing pressure, facilitating the reproductive cycle of vegetation, maintaining traditional animal breeds and a unique intangible culture, enhancing the overall biodiversity and protection of other natural resources such as water and soils.<\/p>\n\n\n\n<p>But they are in danger.<\/p>\n\n\n\n<p>A range of difficulties, all linked to climate change, the maintenance of a mobile pastoralist lifestyle, harsh and highly variable environmental conditions, and changing socio-economic conditions with very little support from the State, are leaving the practice of <em>agdal<\/em> in a state of flux. These systems are&nbsp;in decline,&nbsp;with fewer and fewer families and livestock undertaking the transhumant journey to the pasturelands each year, and with new generations not willing to continue if the harshness of pastoral life prevails.<\/p>\n\n\n\n<p>Here lies our responsibility. We also need to contribute to creating conditions for these North African tribes to maintain Igourdane as the magnificent <em>agdal<\/em> that it is still today, with its unique natural and cultural values, as no life devoted to sustainability can be allowed to become unsustainable!<\/p>\n\n\n\n<hr class=\"wp-block-separator is-style-dots\"\/>\n\n\n\n<div style=\"height:50px\" aria-hidden=\"true\" class=\"wp-block-spacer\"><\/div>\n\n\n\n<p><strong>Acknowledgements<\/strong><\/p>\n\n\n\n<p>We would like to thank the Ben Youssef family members for sharing their journey and traditions with us and to KARMAMOTION for filming and Co-Producing this awe-inspiring journey in a documentary film. We also acknowledge the contribution of the local community of Ait M\u2019hamed and its authorities, the Association for the Development of Saghro Nomads, the GDF-MBLA team as a whole, as well as the MAVA Foundation and the Darwin Initiative for their financial support throughout this journey.<\/p>\n\n\n\n<div style=\"height:50px\" aria-hidden=\"true\" class=\"wp-block-spacer\"><\/div>\n\n\n\n<p><strong>Text and composition <\/strong>by Eda Elif TIBET, Pablo DOMINGUEZ, Pommelien DA SILVA, Inan\u00e7 TEKG\u00dc\u00c7, Soufiane M\u2019SOU, Ugo D&#8217;AMBROSIO and Emily CARUSO.<\/p>\n\n\n\n<hr class=\"wp-block-separator is-style-dots\"\/>\n\n\n\n<div style=\"height:50px\" aria-hidden=\"true\" class=\"wp-block-spacer\"><\/div>\n\n\n\n<p><\/p>\n","protected":false},"excerpt":{"rendered":"<p>Title:&nbsp;Transhumant &#8211; Year:&nbsp;2019 &#8211; Place:&nbsp;Saghrou (Morocco) &#8211; Author &amp; Copyright:&nbsp;Inan\u00e7 TEKG\u00dc\u00c7 ON THE LONG TRAIL: Ait Atta, transhumants of the High Atlas Mountains, Morocco. What &hellip;<\/p>\n","protected":false},"author":2,"featured_media":66,"parent":0,"menu_order":2,"comment_status":"closed","ping_status":"closed","template":"","meta":{"footnotes":""},"class_list":["post-131","page","type-page","status-publish","has-post-thumbnail","hentry"],"_links":{"self":[{"href":"https:\/\/cpm.osupytheas.fr\/index.php\/wp-json\/wp\/v2\/pages\/131","targetHints":{"allow":["GET"]}}],"collection":[{"href":"https:\/\/cpm.osupytheas.fr\/index.php\/wp-json\/wp\/v2\/pages"}],"about":[{"href":"https:\/\/cpm.osupytheas.fr\/index.php\/wp-json\/wp\/v2\/types\/page"}],"author":[{"embeddable":true,"href":"https:\/\/cpm.osupytheas.fr\/index.php\/wp-json\/wp\/v2\/users\/2"}],"replies":[{"embeddable":true,"href":"https:\/\/cpm.osupytheas.fr\/index.php\/wp-json\/wp\/v2\/comments?post=131"}],"version-history":[{"count":51,"href":"https:\/\/cpm.osupytheas.fr\/index.php\/wp-json\/wp\/v2\/pages\/131\/revisions"}],"predecessor-version":[{"id":726,"href":"https:\/\/cpm.osupytheas.fr\/index.php\/wp-json\/wp\/v2\/pages\/131\/revisions\/726"}],"wp:featuredmedia":[{"embeddable":true,"href":"https:\/\/cpm.osupytheas.fr\/index.php\/wp-json\/wp\/v2\/media\/66"}],"wp:attachment":[{"href":"https:\/\/cpm.osupytheas.fr\/index.php\/wp-json\/wp\/v2\/media?parent=131"}],"curies":[{"name":"wp","href":"https:\/\/api.w.org\/{rel}","templated":true}]}}