{"id":482,"date":"2021-07-07T15:36:04","date_gmt":"2021-07-07T13:36:04","guid":{"rendered":"https:\/\/cpm.osupytheas.fr\/?page_id=482"},"modified":"2021-08-24T15:19:35","modified_gmt":"2021-08-24T13:19:35","slug":"montenegro","status":"publish","type":"page","link":"https:\/\/cpm.osupytheas.fr\/index.php\/en\/montenegro\/","title":{"rendered":"Montenegro"},"content":{"rendered":"\n<p class=\"has-small-font-size\"><em>Title: <strong>Friction&nbsp;<\/strong> Year:&nbsp;2019  Place:&nbsp;Sinja(je)vina (Montenegro) Author &amp; Copyright: From top to bottom: Wake Up Films, Dragana \u0160\u0106EPANOVI\u0106<\/em><\/p>\n\n\n\n<div style=\"height:50px\" aria-hidden=\"true\" class=\"wp-block-spacer\"><\/div>\n\n\n\n<h2 class=\"wp-block-heading\"><strong>A TALE OF BEAUTY AND CORRUPTION:<\/strong><strong>Sinja(je)vina, From a Territory of Life to a Territory of Destruction? Northern Montenegro<\/strong><\/h2>\n\n\n\n<p>Sinja(je)vina is a huge limestone plateau, over 400 km2 in area, which together with Durmitor makes up more than 1,000 km2 of continuous mountain pastures, the largest in the Balkans and one of the biggest in Europe, that provides home and livelihood to over 250 families of mobile pastoralists and small farmers.<\/p>\n\n\n\n<p>For hundreds of years, if not thousands, the herders and farmers of Sinja(je)vina, which is known by both names (with and without the \u2018je\u2019 between parenthesis), have governed, protected and cared for their grasslands, as one would protect one\u2019s own family. Organized as a cluster of different pastoral commons, they are responsible for the conservation of a landscape whose special value and unique biodiversity has been recognized as a <a href=\"http:\/\/www.unesco.org\/new\/en\/natural-sciences\/environment\/ecological-sciences\/biosphere-reserves\/europe-north-america\/montenegro\/tara-river-basin\">UNESCO Biosphere reserve<\/a> among others.<\/p>\n\n\n\n<div style=\"height:50px\" aria-hidden=\"true\" class=\"wp-block-spacer\"><\/div>\n\n\n\n<figure class=\"wp-block-image alignfull size-large\"><img loading=\"lazy\" decoding=\"async\" width=\"999\" height=\"1024\" src=\"https:\/\/cpm.osupytheas.fr\/wp-content\/uploads\/2021\/05\/MNG2-999x1024.jpg\" alt=\"\" class=\"wp-image-76\" srcset=\"https:\/\/cpm.osupytheas.fr\/wp-content\/uploads\/2021\/05\/MNG2-999x1024.jpg 999w, https:\/\/cpm.osupytheas.fr\/wp-content\/uploads\/2021\/05\/MNG2-293x300.jpg 293w, https:\/\/cpm.osupytheas.fr\/wp-content\/uploads\/2021\/05\/MNG2-768x787.jpg 768w, https:\/\/cpm.osupytheas.fr\/wp-content\/uploads\/2021\/05\/MNG2.jpg 1099w\" sizes=\"auto, (max-width: 999px) 100vw, 999px\" \/><\/figure>\n\n\n\n<p><em>Title: <strong>Position of Sinjajevina and its main transhumant roads&nbsp;<\/strong> <br>Year:&nbsp;2021 <br>Place:&nbsp;Sinja(je)vina (Montenegro) <br>Author &amp; Copyright:&nbsp;Sandra Kapetanovic and Pablo Dom\u00ednguez (inset courtesy of Google Earth Engine).<\/em><\/p>\n\n\n\n<div style=\"height:50px\" aria-hidden=\"true\" class=\"wp-block-spacer\"><\/div>\n\n\n\n<h2 class=\"wp-block-heading\"><strong>Purity<\/strong><\/h2>\n\n\n\n<figure class=\"wp-block-image alignfull size-large\"><img loading=\"lazy\" decoding=\"async\" width=\"1024\" height=\"768\" src=\"https:\/\/cpm.osupytheas.fr\/wp-content\/uploads\/2021\/05\/MNG3-1024x768.jpg\" alt=\"\" class=\"wp-image-77\" srcset=\"https:\/\/cpm.osupytheas.fr\/wp-content\/uploads\/2021\/05\/MNG3-1024x768.jpg 1024w, https:\/\/cpm.osupytheas.fr\/wp-content\/uploads\/2021\/05\/MNG3-300x225.jpg 300w, https:\/\/cpm.osupytheas.fr\/wp-content\/uploads\/2021\/05\/MNG3-768x576.jpg 768w, https:\/\/cpm.osupytheas.fr\/wp-content\/uploads\/2021\/05\/MNG3-1536x1152.jpg 1536w, https:\/\/cpm.osupytheas.fr\/wp-content\/uploads\/2021\/05\/MNG3-2048x1536.jpg 2048w, https:\/\/cpm.osupytheas.fr\/wp-content\/uploads\/2021\/05\/MNG3-1568x1176.jpg 1568w\" sizes=\"auto, (max-width: 1024px) 100vw, 1024px\" \/><\/figure>\n\n\n\n<p><em>Title:&nbsp;<strong>Purity<\/strong> <br>Year:&nbsp;2019 <br>Place:&nbsp;Sinja(je)vina (Montenegro)<br>Author &amp; Copyright: Wake Up Films<\/em><\/p>\n\n\n\n<div style=\"height:50px\" aria-hidden=\"true\" class=\"wp-block-spacer\"><\/div>\n\n\n\n<p>On some days in Sinja(je)vina, it looks as if no one has ever been there. Unspoiled slopes as far as the eye can see, gloriously green during summer, and dazzlingly white during winter! No footprints visible to the non-expert eye, no sign of human destruction. And yet, humans have lived there for millennia. It is just that we are not used to witnessing such a delicate human touch, one that nourishes instead of depriving\u2026<\/p>\n\n\n\n<p>This purity must be what care looks like.<\/p>\n\n\n\n<div style=\"height:50px\" aria-hidden=\"true\" class=\"wp-block-spacer\"><\/div>\n\n\n\n<h2 class=\"wp-block-heading\"><strong>Care<\/strong><\/h2>\n\n\n\n<figure class=\"wp-block-image alignfull size-large\"><img loading=\"lazy\" decoding=\"async\" width=\"1024\" height=\"539\" src=\"https:\/\/cpm.osupytheas.fr\/wp-content\/uploads\/2021\/05\/MNG4-1024x539.jpg\" alt=\"\" class=\"wp-image-78\" srcset=\"https:\/\/cpm.osupytheas.fr\/wp-content\/uploads\/2021\/05\/MNG4-1024x539.jpg 1024w, https:\/\/cpm.osupytheas.fr\/wp-content\/uploads\/2021\/05\/MNG4-300x158.jpg 300w, https:\/\/cpm.osupytheas.fr\/wp-content\/uploads\/2021\/05\/MNG4-768x404.jpg 768w, https:\/\/cpm.osupytheas.fr\/wp-content\/uploads\/2021\/05\/MNG4-1536x808.jpg 1536w, https:\/\/cpm.osupytheas.fr\/wp-content\/uploads\/2021\/05\/MNG4-1568x825.jpg 1568w, https:\/\/cpm.osupytheas.fr\/wp-content\/uploads\/2021\/05\/MNG4.jpg 1777w\" sizes=\"auto, (max-width: 1024px) 100vw, 1024px\" \/><\/figure>\n\n\n\n<p><em>Title:&nbsp;<strong>Care<\/strong> <br>Year:&nbsp;2019 <br>Place:&nbsp;Sinja(je)vina (Montenegro)<br>Author &amp; Copyright:&nbsp;Wake Up Films<\/em><\/p>\n\n\n\n<div style=\"height:50px\" aria-hidden=\"true\" class=\"wp-block-spacer\"><\/div>\n\n\n\n<p>Sinja(je)vina is a huge limestone plateau, over 400 km2 in area, which together with Durmitor makes up more than 1,000 km2 of continuous mountain pastures, the largest in the Balkans and one of the biggest in Europe, that provides home and livelihood to over 250 families of mobile pastoralists and small farmers.<\/p>\n\n\n\n<p>For hundreds of years, the herders and farmers of Sinja(je)vina) have governed, protected and cared for their grasslands, as one would protect one\u2019s own family. Organized as a cluster of different pastoral commons, they are responsible for the conservation of a landscape whose special value and unique biodiversity has been recognized as a UNESCO Biosphere reserve.<\/p>\n\n\n\n<div style=\"height:50px\" aria-hidden=\"true\" class=\"wp-block-spacer\"><\/div>\n\n\n\n<h2 class=\"wp-block-heading\"><strong>Connection<\/strong><\/h2>\n\n\n\n<figure class=\"wp-block-image alignfull size-large\"><img loading=\"lazy\" decoding=\"async\" width=\"1024\" height=\"679\" src=\"https:\/\/cpm.osupytheas.fr\/wp-content\/uploads\/2021\/05\/MNG5-1024x679.jpg\" alt=\"\" class=\"wp-image-79\" srcset=\"https:\/\/cpm.osupytheas.fr\/wp-content\/uploads\/2021\/05\/MNG5-1024x679.jpg 1024w, https:\/\/cpm.osupytheas.fr\/wp-content\/uploads\/2021\/05\/MNG5-300x199.jpg 300w, https:\/\/cpm.osupytheas.fr\/wp-content\/uploads\/2021\/05\/MNG5-768x509.jpg 768w, https:\/\/cpm.osupytheas.fr\/wp-content\/uploads\/2021\/05\/MNG5.jpg 1100w\" sizes=\"auto, (max-width: 1024px) 100vw, 1024px\" \/><\/figure>\n\n\n\n<p><em>Title:&nbsp;<strong>Connection<\/strong> <br>Year:&nbsp;2019 <br>Place:&nbsp;Sinja(je)vina (Montenegro)<br>Author &amp; Copyright: Nikola LU\u010cI\u0106<\/em><\/p>\n\n\n\n<div style=\"height:50px\" aria-hidden=\"true\" class=\"wp-block-spacer\"><\/div>\n\n\n\n<p>On some days in Sinja(je)vina, it looks as if no one has ever been there. No footprints, no sign of human destruction. And yet, humans have lived here for centuries and even millennia. It is just that we are not used to witnessing such a delicate human touch, one that nourishes instead of depriving.<\/p>\n\n\n\n<p>The cliffs watch over practices passed on from generation to generation.<br>The people of Sinja(je)vina live to the rhythms of sheep chewing the cud, the daily milking, the passing clouds. They periodically give thanks that all of this is part of their lives through different rituals: Sinja(je)vina is one of those rare places where people haven\u2019t forgotten that they are one with the land they live in.<\/p>\n\n\n\n<div style=\"height:50px\" aria-hidden=\"true\" class=\"wp-block-spacer\"><\/div>\n\n\n\n<h2 class=\"wp-block-heading\"><strong>Destruction<\/strong><\/h2>\n\n\n\n<figure class=\"wp-block-image alignfull size-large\"><img loading=\"lazy\" decoding=\"async\" width=\"720\" height=\"480\" src=\"https:\/\/cpm.osupytheas.fr\/wp-content\/uploads\/2021\/05\/MNG6.jpg\" alt=\"\" class=\"wp-image-80\" srcset=\"https:\/\/cpm.osupytheas.fr\/wp-content\/uploads\/2021\/05\/MNG6.jpg 720w, https:\/\/cpm.osupytheas.fr\/wp-content\/uploads\/2021\/05\/MNG6-300x200.jpg 300w\" sizes=\"auto, (max-width: 720px) 100vw, 720px\" \/><\/figure>\n\n\n\n<p><em>Title:&nbsp;<strong>Shapes of an apple<\/strong> <br>Year:&nbsp;2019 <br>Place:&nbsp;Sinja(je)vina (Montenegro)<br>Author &amp; Copyright:&nbsp;Ministry of the Defense of Montenegro<\/em><\/p>\n\n\n\n<div style=\"height:50px\" aria-hidden=\"true\" class=\"wp-block-spacer\"><\/div>\n\n\n\n<p>But it has always happened though that someone sees heaven and feels like eating the apple. In 2019, the government of Montenegro decided to officially decree a military training ground in a great part of Sinja(je)vina with the support of important NATO members, apparently unconcerned about the immeasurable damage that this would bring upon its unique people and ecosystems.<\/p>\n\n\n\n<p>The pollution, the noise, the danger and the interdicted access to their pastoral lands, would ruin local communities&#8217; traditional ways of life, and that of their ecosystems, which depend directly on their practices of pastoralism. There can be no peaceful coexistence between protectors and destruction.<\/p>\n\n\n\n<div style=\"height:50px\" aria-hidden=\"true\" class=\"wp-block-spacer\"><\/div>\n\n\n\n<figure class=\"wp-block-image alignfull size-large\"><img loading=\"lazy\" decoding=\"async\" width=\"1024\" height=\"820\" src=\"https:\/\/cpm.osupytheas.fr\/wp-content\/uploads\/2021\/05\/MNG7.jpg\" alt=\"\" class=\"wp-image-81\" srcset=\"https:\/\/cpm.osupytheas.fr\/wp-content\/uploads\/2021\/05\/MNG7.jpg 1024w, https:\/\/cpm.osupytheas.fr\/wp-content\/uploads\/2021\/05\/MNG7-300x240.jpg 300w, https:\/\/cpm.osupytheas.fr\/wp-content\/uploads\/2021\/05\/MNG7-768x615.jpg 768w\" sizes=\"auto, (max-width: 1024px) 100vw, 1024px\" \/><\/figure>\n\n\n\n<p><em>Title:&nbsp;<strong>Destruction<\/strong> <br>Year:&nbsp;2019 <br>Place:&nbsp;Sinja(je)vina (Montenegro)<br>Author &amp; Copyright: Dragana \u0160\u0106EPANOVI\u0106<\/em><\/p>\n\n\n\n<div style=\"height:50px\" aria-hidden=\"true\" class=\"wp-block-spacer\"><\/div>\n\n\n\n<h2 class=\"wp-block-heading\"><strong>Local communities\u2019 protection<\/strong><\/h2>\n\n\n\n<figure class=\"wp-block-image alignfull size-large\"><img loading=\"lazy\" decoding=\"async\" width=\"512\" height=\"270\" src=\"https:\/\/cpm.osupytheas.fr\/wp-content\/uploads\/2021\/05\/MNG8.png\" alt=\"\" class=\"wp-image-82\" srcset=\"https:\/\/cpm.osupytheas.fr\/wp-content\/uploads\/2021\/05\/MNG8.png 512w, https:\/\/cpm.osupytheas.fr\/wp-content\/uploads\/2021\/05\/MNG8-300x158.png 300w\" sizes=\"auto, (max-width: 512px) 100vw, 512px\" \/><\/figure>\n\n\n\n<p><em>Title: <strong>Protectors<\/strong> <br>Year: 2018 <br>Place:&nbsp;Sinja(je)vina (Montenegro)<br>Author &amp; Copyright: Wake Up Films<\/em><\/p>\n\n\n\n<div style=\"height:50px\" aria-hidden=\"true\" class=\"wp-block-spacer\"><\/div>\n\n\n\n<p>Local communities decided not to sit and wait in silence, to see their millennia-old way of life erased from the face of the earth by just one State decree. They peacefully fought with diplomacy and activism and they managed to protect for now the beauty of Sinja(je)vina from bombing and shelling by artillery. A heritage of immense natural and cultural value, that is part of the UNESCO Tara Biosphere Reserve, and took thousands of years to evolve across hundreds of generations of herders, may be destroyed in just a few years. The members of the community want to be involved in decisions concerning their territory, they want clear guarantees from the government that the region would be\u00a0non-militarized and that they would not be alienated from their traditional way of life and their way of conserving nature. <\/p>\n\n\n\n<p>More even \u2026&nbsp; they want their way of life to be supported and enhanced!&nbsp; With such a goal they seek powerful allies, and a chorus of voices to speak up for them, and save this unique place that up to present they have cared for from devastation or simply gradual disappearance.&nbsp;<\/p>\n\n\n\n<div style=\"height:50px\" aria-hidden=\"true\" class=\"wp-block-spacer\"><\/div>\n\n\n\n<figure class=\"wp-block-image alignfull size-large\"><img loading=\"lazy\" decoding=\"async\" width=\"1024\" height=\"819\" src=\"https:\/\/cpm.osupytheas.fr\/wp-content\/uploads\/2021\/05\/MNG9-1024x819.png\" alt=\"\" class=\"wp-image-83\" srcset=\"https:\/\/cpm.osupytheas.fr\/wp-content\/uploads\/2021\/05\/MNG9-1024x819.png 1024w, https:\/\/cpm.osupytheas.fr\/wp-content\/uploads\/2021\/05\/MNG9-300x240.png 300w, https:\/\/cpm.osupytheas.fr\/wp-content\/uploads\/2021\/05\/MNG9-768x614.png 768w, https:\/\/cpm.osupytheas.fr\/wp-content\/uploads\/2021\/05\/MNG9-1536x1229.png 1536w, https:\/\/cpm.osupytheas.fr\/wp-content\/uploads\/2021\/05\/MNG9-1568x1254.png 1568w, https:\/\/cpm.osupytheas.fr\/wp-content\/uploads\/2021\/05\/MNG9.png 1600w\" sizes=\"auto, (max-width: 1024px) 100vw, 1024px\" \/><\/figure>\n\n\n\n<p><em>Title:&nbsp;<strong>Living testimony (Ljiljana \u0160aranovi\u0107 and Novak Dragovi\u0107).<\/strong> <br>Year:&nbsp;2020 <br>Place:&nbsp;Sinja(je)vina, Montenegro<br>Author &amp; Copyright: Wake Up Films<\/em><\/p>\n\n\n\n<div style=\"height:50px\" aria-hidden=\"true\" class=\"wp-block-spacer\"><\/div>\n\n\n\n<p>In November 2019 an international research team informed UNESCO in Paris, as well as the European Parliament and the European Commission in Brussels, about the case. In February 2020 the EU Parliamentary Committee for Stabilization and Association with Montenegro visited the country\u2019s capital, Podgorica, and its President met with the local communities, experts, NGOs and politicians supporting Sinja(je)vinans, to get a first-hand account of their pain, their complaints and their claims. This was a crucial step for them; having the EU express itself and compel Montenegro to meet specific criteria, in order for Montenegro to be accepted as part of the Union.<\/p>\n\n\n\n<div style=\"height:50px\" aria-hidden=\"true\" class=\"wp-block-spacer\"><\/div>\n\n\n\n<figure class=\"wp-block-video\"><video height=\"720\" style=\"aspect-ratio: 1280 \/ 720;\" width=\"1280\" controls poster=\"https:\/\/cpm.osupytheas.fr\/wp-content\/uploads\/2021\/07\/Sinjajevina-Montenegro_720_thumb1.jpg\" src=\"https:\/\/cpm.osupytheas.fr\/wp-content\/uploads\/2021\/07\/Sinjajevina-Montenegro_720.mp4\"><\/video><\/figure>\n\n\n\n<p><em>Title:&nbsp;<strong>Mission Possible<\/strong> <br>Year:&nbsp;2020 <br>Place:&nbsp;Sinja(je)vina, Montenegro<br>Author &amp; Copyright:&nbsp;Latte Creative &amp; Land Rights Now with the support of Wake Up Films, Save Sinjajevina Association, International Land Coalition, ICCA Consortium, Common Lands Network and numerous other individual citizens.<\/em><\/p>\n\n\n\n<div style=\"height:50px\" aria-hidden=\"true\" class=\"wp-block-spacer\"><\/div>\n\n\n\n<p>Their battle is everybody\u2019s battle, for there aren\u2019t many places left where nature and culture flourish in a symbiotic bond as they do in Sinja(je)vina. If the area is part of the UNESCO Biosphere Reserve Tara River Basin and borders two UNESCO World Heritage Sites, why isn\u2019t it treated as such? Why destroy Sinja(je)vina or ignore local communities\u2019 conservation capacity, challenging and jeopardising it\u2019s overwhelming resilience, instead of learning from its people how to protect not only one specific ecosystem,&nbsp;but, in fact&nbsp; our entire planet?<\/p>\n\n\n\n<p>Last December 5, in the midst of subzero temperatures and hostile climatic conditions, the communities prevailed once again. After 51 days of a protest camp set up by local community members and rights groups in the heart of the Sinja(je)vina military ground, the planned training and bombing was cancelled and the new defence minister of Montenegro announced that they were going to reassess their military training ground plan.<\/p>\n\n\n\n<div style=\"height:50px\" aria-hidden=\"true\" class=\"wp-block-spacer\"><\/div>\n\n\n\n<figure class=\"wp-block-image alignfull size-large\"><img loading=\"lazy\" decoding=\"async\" width=\"1024\" height=\"843\" src=\"https:\/\/cpm.osupytheas.fr\/wp-content\/uploads\/2021\/05\/MNG11-1024x843.jpg\" alt=\"\" class=\"wp-image-85\" srcset=\"https:\/\/cpm.osupytheas.fr\/wp-content\/uploads\/2021\/05\/MNG11-1024x843.jpg 1024w, https:\/\/cpm.osupytheas.fr\/wp-content\/uploads\/2021\/05\/MNG11-300x247.jpg 300w, https:\/\/cpm.osupytheas.fr\/wp-content\/uploads\/2021\/05\/MNG11-768x632.jpg 768w, https:\/\/cpm.osupytheas.fr\/wp-content\/uploads\/2021\/05\/MNG11-1536x1265.jpg 1536w, https:\/\/cpm.osupytheas.fr\/wp-content\/uploads\/2021\/05\/MNG11.jpg 1541w\" sizes=\"auto, (max-width: 1024px) 100vw, 1024px\" \/><\/figure>\n\n\n\n<p><em>Title:&nbsp;<strong>Freedom<\/strong> <br>Year: 2020 <br>Place:&nbsp;Sinja(je)vina (Montenegro)<br>Author &amp; Copyright: Wake Up Films<\/em><\/p>\n\n\n\n<div style=\"height:50px\" aria-hidden=\"true\" class=\"wp-block-spacer\"><\/div>\n\n\n\n<p>The celebration was immense, and all protagonists felt a great surge of hope and enthusiasm when the news of the halting of military training and reassessment of the military plan came through, but many Montenegrins feel this is just a temporary reprieve and they insist that locals\u2019 and activists\u2019 initial demands be met:<\/p>\n\n\n\n<p>1 &#8211; That a decree of law be issued, cancelling the previous one in 2019, which officially inaugurated&nbsp;the military training ground in Sinja(je)vina. They accept that the word of the Defense Minister alone is excellent news and a valid declaration of intentions, but all of this will remain just paper if it does not become legally binding.&nbsp;<\/p>\n\n\n\n<p>2.- That a decree of law be issued for the creation of a protected area designed and governed with the full participation of the local communities, as they with their traditional pastoral activity are the main guarantors of these ecosystems and unique landscapes.&nbsp;<\/p>\n\n\n\n<div style=\"height:50px\" aria-hidden=\"true\" class=\"wp-block-spacer\"><\/div>\n\n\n\n<figure class=\"wp-block-image alignfull size-large\"><img loading=\"lazy\" decoding=\"async\" width=\"1024\" height=\"432\" src=\"https:\/\/cpm.osupytheas.fr\/wp-content\/uploads\/2021\/05\/MNG12-1024x432.png\" alt=\"\" class=\"wp-image-86\" srcset=\"https:\/\/cpm.osupytheas.fr\/wp-content\/uploads\/2021\/05\/MNG12-1024x432.png 1024w, https:\/\/cpm.osupytheas.fr\/wp-content\/uploads\/2021\/05\/MNG12-300x127.png 300w, https:\/\/cpm.osupytheas.fr\/wp-content\/uploads\/2021\/05\/MNG12-768x324.png 768w, https:\/\/cpm.osupytheas.fr\/wp-content\/uploads\/2021\/05\/MNG12-1536x648.png 1536w, https:\/\/cpm.osupytheas.fr\/wp-content\/uploads\/2021\/05\/MNG12-1568x662.png 1568w, https:\/\/cpm.osupytheas.fr\/wp-content\/uploads\/2021\/05\/MNG12.png 1600w\" sizes=\"auto, (max-width: 1024px) 100vw, 1024px\" \/><\/figure>\n\n\n\n<p><em>Title:&nbsp;<strong>New horizons<\/strong> <br>Year: 2018 <br>Place:&nbsp;Sinja(je)vina (Montenegro)<br>Author &amp; Copyright: Wake Up Films<\/em><\/p>\n\n\n\n<div style=\"height:50px\" aria-hidden=\"true\" class=\"wp-block-spacer\"><\/div>\n\n\n\n<p>A story that we could all learn a great deal from. So try reading it out loud.<\/p>\n\n\n\n<hr class=\"wp-block-separator is-style-dots\"\/>\n\n\n\n<div style=\"height:50px\" aria-hidden=\"true\" class=\"wp-block-spacer\"><\/div>\n\n\n\n<p><strong>Acknowledgements<\/strong><\/p>\n\n\n\n<p>We would like to thank the local communities for their constant collaboration in telling their story and enabling us to learn about their territory, and most especially the family of Marjan and Mileva Jovanovic from Katun Okrugljak, as well as the University of Montenegro for their support in informing us about the characteristics and values of this territory of life, and Wake Up Films for their constant support in connecting us with local communities and providing key imagery. The research on which the section of Montenegro is based, has been particularly possible thanks to the support of the IRIS project (Inspiring rural heritage: sustainable practices to protect and conserve upland landscapes and memories), ANR-20-JPIC-0003, which has received funding from the European Union&#8217;s Horizon 2020 research and innovation programme under grant agreement No 6995327, within the framework of the JPI Cultural Heritage call.<\/p>\n\n\n\n<div style=\"height:50px\" aria-hidden=\"true\" class=\"wp-block-spacer\"><\/div>\n\n\n\n<p><strong>Text and composition by<\/strong> Pablo DOMINGUEZ, Petar GLOMAZI\u0106, Milan SEKULOVI\u0106 and Jorge PELLICER<\/p>\n\n\n\n<hr class=\"wp-block-separator is-style-dots\"\/>\n\n\n\n<div style=\"height:50px\" aria-hidden=\"true\" class=\"wp-block-spacer\"><\/div>\n","protected":false},"excerpt":{"rendered":"<p>Title: Friction&nbsp; Year:&nbsp;2019 Place:&nbsp;Sinja(je)vina (Montenegro) Author &amp; Copyright: From top to bottom: Wake Up Films, Dragana \u0160\u0106EPANOVI\u0106 A TALE OF BEAUTY AND CORRUPTION:Sinja(je)vina, From a &hellip;<\/p>\n","protected":false},"author":2,"featured_media":75,"parent":0,"menu_order":4,"comment_status":"closed","ping_status":"closed","template":"","meta":{"footnotes":""},"class_list":["post-482","page","type-page","status-publish","has-post-thumbnail","hentry"],"_links":{"self":[{"href":"https:\/\/cpm.osupytheas.fr\/index.php\/wp-json\/wp\/v2\/pages\/482","targetHints":{"allow":["GET"]}}],"collection":[{"href":"https:\/\/cpm.osupytheas.fr\/index.php\/wp-json\/wp\/v2\/pages"}],"about":[{"href":"https:\/\/cpm.osupytheas.fr\/index.php\/wp-json\/wp\/v2\/types\/page"}],"author":[{"embeddable":true,"href":"https:\/\/cpm.osupytheas.fr\/index.php\/wp-json\/wp\/v2\/users\/2"}],"replies":[{"embeddable":true,"href":"https:\/\/cpm.osupytheas.fr\/index.php\/wp-json\/wp\/v2\/comments?post=482"}],"version-history":[{"count":10,"href":"https:\/\/cpm.osupytheas.fr\/index.php\/wp-json\/wp\/v2\/pages\/482\/revisions"}],"predecessor-version":[{"id":730,"href":"https:\/\/cpm.osupytheas.fr\/index.php\/wp-json\/wp\/v2\/pages\/482\/revisions\/730"}],"wp:featuredmedia":[{"embeddable":true,"href":"https:\/\/cpm.osupytheas.fr\/index.php\/wp-json\/wp\/v2\/media\/75"}],"wp:attachment":[{"href":"https:\/\/cpm.osupytheas.fr\/index.php\/wp-json\/wp\/v2\/media?parent=482"}],"curies":[{"name":"wp","href":"https:\/\/api.w.org\/{rel}","templated":true}]}}