{"id":531,"date":"2021-07-13T15:32:40","date_gmt":"2021-07-13T13:32:40","guid":{"rendered":"https:\/\/cpm.osupytheas.fr\/?page_id=531"},"modified":"2021-08-24T14:40:50","modified_gmt":"2021-08-24T12:40:50","slug":"accueil-es","status":"publish","type":"page","link":"https:\/\/cpm.osupytheas.fr\/index.php\/es\/accueil-es\/","title":{"rendered":"Inicio"},"content":{"rendered":"\n<div style=\"height:100px\" aria-hidden=\"true\" class=\"wp-block-spacer\"><\/div>\n\n\n\n<p>Seg\u00fan la etn\u00f3loga Anne-Marie Brisebarre (CNRS), \u201cdurante siglos, o incluso milenios, el pastoreo, en particular la trashumancia de ovejas y cabras, ha sido emblem\u00e1tico de las regiones mediterr\u00e1neas, tanto en el norte como en el sur\u201d. Desde junio de 2011, los paisajes culturales del agropastoralismo mediterr\u00e1neo han sido designados como Patrimonio de la Humanidad por la UNESCO.<\/p>\n\n\n\n<p>Los pastos comunales de monta\u00f1a que son el eje de esta exposici\u00f3n son tierras de pastoreo gestionadas por comunidades de ganaderos que, a trav\u00e9s de un sistema de gobernanza colectiva implicando una negociaci\u00f3n permanente, aseguran el uso sostenible de los pastos y, gracias a la participaci\u00f3n activa de los miembros de la comunidad en dicha gobernanza colectiva, limitan posibles conflictos relacionados con la competencia por acceder y compartir el recurso. Para el economista Ga\u00ebl Giraud (<a href=\"https:\/\/gael-giraud.fr\/\">https:\/\/gael-giraud.fr\/<\/a>), los bienes comunes en general son \u201crecursos, simb\u00f3licos o materiales, que una comunidad elige administrar proporcionando reglas que se someten a deliberaci\u00f3n. Lo que define el bien com\u00fan no es, pues, la naturaleza del recurso, sino la acci\u00f3n pol\u00edtica colectiva que somete al juicio permanente de la comunidad sus propios modos de acci\u00f3n por la protecci\u00f3n y promoci\u00f3n de aquello que le es importante\u201d.<\/p>\n\n\n\n<p>Los comunales pastoriles de monta\u00f1a ilustrados en esta exposici\u00f3n se caracterizan por tres principios fundamentales e interrelacionados, que recuerdan los &#8220;principios de dise\u00f1o&#8221; desarrollados por Elinor Ostrom, la primera mujer en recibir el &#8220;Premio Nobel&#8221; de ciencias econ\u00f3micas en 2009 : (i) una <strong><u>comunidad local<\/u><\/strong> mantiene v\u00ednculos fuertes y de largo recorrido con un territorio; (ii) esta comunidad es un <strong><u>actor clave en el proceso de toma de decisiones<\/u><\/strong> relativas a la gobernanza territorial de los recursos; (iii) esta gobernanza contribuye a <strong><u>una gesti\u00f3n responsable y sostenible<\/u><\/strong> de los ecosistemas y del patrimonio material e inmaterial de estas comunidades.<\/p>\n\n\n\n<p>La creaci\u00f3n de esta exposici\u00f3n, cuya primera versi\u00f3n fue lanzada online en abril de 2021 por el Museo Virtual de Ecolog\u00eda Humana, ha sido coordinada durante dos a\u00f1os y medio por Pablo Dom\u00ednguez (eco-antrop\u00f3logo del <a href=\"http:\/\/www.cnrs.fr\">CNRS<\/a>, laboratorio <a href=\"http:\/\/w3.geode.univ-tlse2.fr\/\">GEODE<\/a>), con el apoyo de m\u00e1s de veinte co-autores y colaboradores. El proceso ha supuesto la fusi\u00f3n de varios proyectos cient\u00edficos, pol\u00edticos y art\u00edsticos centrados en los comunales pastoriles de cuatro pa\u00edses: Marruecos, Espa\u00f1a, Montenegro y Turqu\u00eda. Representa una creaci\u00f3n que implica un gran sacrificio personal, alimentada por un compromiso y un entusiasmo inestimables en apoyo a estos sistemas. A partir de esta primera versi\u00f3n online, Pablo Dominguez y Bruno Romagny (economista del <a href=\"https:\/\/es.ird.fr\/\">IRD<\/a>, <a href=\"https:\/\/lped.fr\/?lang=es\">LPED<\/a>, codirector del <a href=\"https:\/\/lab.ird.fr\/collaboration\/92\/show\">LMI MediTer<\/a>) facilitaron la realizaci\u00f3n de esta versi\u00f3n online actualizada, ahora en tres idiomas, con el apoyo de OSU Pytheas (Universidad de Aix-Marsella). Al mismo tiempo, se exhibe en formato f\u00edsico (18 paneles de tama\u00f1o A0) en el <a href=\"https:\/\/www.iucncongress2020.org\/es\">Congreso de la Uni\u00f3n Internacional para la Conservaci\u00f3n de la Naturaleza<\/a> en Marsella (3-11 de septiembre de 2021), en relaci\u00f3n con su sesi\u00f3n tem\u00e1tica del 6 de septiembre de 2021 sobre <em>TICCAs Euro-Mediterr\u00e1neas: Comunales para la conservaci\u00f3n de la naturaleza y la resiliencia de las comunidades locales<\/em>, sesi\u00f3n organizada por estos dos investigadores con el apoyo de Sergio Couto, coordinador regional del <a href=\"https:\/\/www.iccaconsortium.org\/index.php\/es\/descubra\/\">Consorcio TICCA<\/a> para Europa, y el Departamento de Comunicaci\u00f3n del IRD, y que posteriormente se mostrar\u00e1 en diferentes espacios y pa\u00edses del Mediterr\u00e1neo.<\/p>\n\n\n\n<p>Esta exposici\u00f3n est\u00e1 en ligaz\u00f3n con una tradici\u00f3n interdisciplinar y transcultural, que se materializa particularmente en la investigaci\u00f3n realizada en colaboraci\u00f3n y en favor de las comunidades locales. Como la de los co-autores y colaboradores de esta exposici\u00f3n, esta tradici\u00f3n tambi\u00e9n es propia al IRD y en particular al LPED y el Laboratoire Mixte International (LMI) MediTer &#8216;Terroirs m\u00e9diterran\u00e9ens&#8217; (2011-2021), impulsando estudios desde diferentes puntos de vista, desde las humanidades y las ciencias sociales hasta las de la tierra y de la vida relativas al Mediterr\u00e1neo.<\/p>\n\n\n\n<hr class=\"wp-block-separator is-style-dots\"\/>\n\n\n\n<div style=\"height:50px\" aria-hidden=\"true\" class=\"wp-block-spacer\"><\/div>\n\n\n\n<hr class=\"wp-block-separator is-style-wide\"\/>\n\n\n\n<p>Con el apoyo de:<\/p>\n\n\n\n<div class=\"wp-block-image\"><figure class=\"aligncenter size-large\"><img loading=\"lazy\" decoding=\"async\" width=\"1024\" height=\"701\" src=\"https:\/\/cpm.osupytheas.fr\/wp-content\/uploads\/2021\/08\/Formato-final-logos-42-1024x701.jpg\" alt=\"\" class=\"wp-image-721\" srcset=\"https:\/\/cpm.osupytheas.fr\/wp-content\/uploads\/2021\/08\/Formato-final-logos-42-1024x701.jpg 1024w, https:\/\/cpm.osupytheas.fr\/wp-content\/uploads\/2021\/08\/Formato-final-logos-42-300x205.jpg 300w, https:\/\/cpm.osupytheas.fr\/wp-content\/uploads\/2021\/08\/Formato-final-logos-42-768x526.jpg 768w, https:\/\/cpm.osupytheas.fr\/wp-content\/uploads\/2021\/08\/Formato-final-logos-42-438x300.jpg 438w, https:\/\/cpm.osupytheas.fr\/wp-content\/uploads\/2021\/08\/Formato-final-logos-42.jpg 1533w\" sizes=\"auto, (max-width: 1024px) 100vw, 1024px\" \/><\/figure><\/div>\n\n\n\n<hr class=\"wp-block-separator is-style-wide\"\/>\n\n\n\n<p><\/p>\n","protected":false},"excerpt":{"rendered":"<p>Seg\u00fan la etn\u00f3loga Anne-Marie Brisebarre (CNRS), \u201cdurante siglos, o incluso milenios, el pastoreo, en particular la trashumancia de ovejas y cabras, ha sido emblem\u00e1tico de &hellip;<\/p>\n","protected":false},"author":2,"featured_media":465,"parent":0,"menu_order":0,"comment_status":"closed","ping_status":"closed","template":"","meta":{"footnotes":""},"class_list":["post-531","page","type-page","status-publish","has-post-thumbnail","hentry"],"_links":{"self":[{"href":"https:\/\/cpm.osupytheas.fr\/index.php\/wp-json\/wp\/v2\/pages\/531","targetHints":{"allow":["GET"]}}],"collection":[{"href":"https:\/\/cpm.osupytheas.fr\/index.php\/wp-json\/wp\/v2\/pages"}],"about":[{"href":"https:\/\/cpm.osupytheas.fr\/index.php\/wp-json\/wp\/v2\/types\/page"}],"author":[{"embeddable":true,"href":"https:\/\/cpm.osupytheas.fr\/index.php\/wp-json\/wp\/v2\/users\/2"}],"replies":[{"embeddable":true,"href":"https:\/\/cpm.osupytheas.fr\/index.php\/wp-json\/wp\/v2\/comments?post=531"}],"version-history":[{"count":5,"href":"https:\/\/cpm.osupytheas.fr\/index.php\/wp-json\/wp\/v2\/pages\/531\/revisions"}],"predecessor-version":[{"id":724,"href":"https:\/\/cpm.osupytheas.fr\/index.php\/wp-json\/wp\/v2\/pages\/531\/revisions\/724"}],"wp:featuredmedia":[{"embeddable":true,"href":"https:\/\/cpm.osupytheas.fr\/index.php\/wp-json\/wp\/v2\/media\/465"}],"wp:attachment":[{"href":"https:\/\/cpm.osupytheas.fr\/index.php\/wp-json\/wp\/v2\/media?parent=531"}],"curies":[{"name":"wp","href":"https:\/\/api.w.org\/{rel}","templated":true}]}}