{"id":598,"date":"2021-07-15T13:45:41","date_gmt":"2021-07-15T11:45:41","guid":{"rendered":"https:\/\/cpm.osupytheas.fr\/?page_id=598"},"modified":"2021-08-23T15:51:17","modified_gmt":"2021-08-23T13:51:17","slug":"spain-es","status":"publish","type":"page","link":"https:\/\/cpm.osupytheas.fr\/index.php\/es\/spain-es\/","title":{"rendered":"Espa\u00f1a"},"content":{"rendered":"\n<p class=\"has-small-font-size\"><em><em>T\u00edtulo<\/em>:\u00a0<strong>La comunidad; unidos nos mantenemos en pie.<\/strong> &#8211; A\u00f1o:\u00a02018 &#8211; Lugar:\u00a0Sierra Morena (Espa\u00f1a) &#8211; Autor &amp; Copyright:\u00a0Pau SANOSA<\/em><\/p>\n\n\n\n<div style=\"height:50px\" aria-hidden=\"true\" class=\"wp-block-spacer\"><\/div>\n\n\n\n<h2 class=\"wp-block-heading\"><strong>OTRAS FORMAS DE VIDA (Espa\u00f1a)<\/strong><\/h2>\n\n\n\n<p>Enclavados en las tierras altas de los t\u00e9rminos municipales de Santiago-Pontones y Castril, en la monta\u00f1osa Andaluc\u00eda nororiental, a\u00fan persisten pr\u00e1cticas de ganader\u00eda extensiva y formas de organizaci\u00f3n comunal para el uso sostenible de pastos de alta monta\u00f1a. Se tiene constancia que tales sistemas de gobernanza colectiva existen desde hace al menos ocho siglos, pero probablemente han estado presentes durante mucho m\u00e1s tiempo, probablemente milenios. Sistemas de organizaci\u00f3n que han permitido el desarrollo social en un territorio donde&nbsp;la naturaleza puede ser tan salvaje y feroz como los mares en d\u00edas de tormenta.<\/p>\n\n\n\n<div style=\"height:50px\" aria-hidden=\"true\" class=\"wp-block-spacer\"><\/div>\n\n\n\n<figure class=\"wp-block-image alignfull size-full\"><img loading=\"lazy\" decoding=\"async\" width=\"1397\" height=\"742\" src=\"https:\/\/cpm.osupytheas.fr\/wp-content\/uploads\/2021\/05\/S2.jpg\" alt=\"\" class=\"wp-image-88\" srcset=\"https:\/\/cpm.osupytheas.fr\/wp-content\/uploads\/2021\/05\/S2.jpg 1397w, https:\/\/cpm.osupytheas.fr\/wp-content\/uploads\/2021\/05\/S2-300x159.jpg 300w, https:\/\/cpm.osupytheas.fr\/wp-content\/uploads\/2021\/05\/S2-1024x544.jpg 1024w, https:\/\/cpm.osupytheas.fr\/wp-content\/uploads\/2021\/05\/S2-768x408.jpg 768w\" sizes=\"auto, (max-width: 1397px) 100vw, 1397px\" \/><\/figure>\n\n\n\n<p><em><em>T\u00edtulo<\/em>:\u00a0<strong>comunales pastoriles de Castril, Santiago y Pontones, y principal v\u00eda de trashumancia<\/strong> <br>A\u00f1o:\u00a02021 <br>Lugar:\u00a0North Eastern Andalusia (Espa\u00f1a) <br>Autor &amp; Copyright: Pablo Dom\u00ednguez (y cortes\u00eda de Google Earth).<\/em><\/p>\n\n\n\n<div style=\"height:50px\" aria-hidden=\"true\" class=\"wp-block-spacer\"><\/div>\n\n\n\n<figure class=\"wp-block-image alignfull size-full\"><img loading=\"lazy\" decoding=\"async\" width=\"2560\" height=\"1437\" src=\"https:\/\/cpm.osupytheas.fr\/wp-content\/uploads\/2021\/05\/S3-scaled.jpg\" alt=\"\" class=\"wp-image-89\" srcset=\"https:\/\/cpm.osupytheas.fr\/wp-content\/uploads\/2021\/05\/S3-scaled.jpg 2560w, https:\/\/cpm.osupytheas.fr\/wp-content\/uploads\/2021\/05\/S3-300x168.jpg 300w, https:\/\/cpm.osupytheas.fr\/wp-content\/uploads\/2021\/05\/S3-1024x575.jpg 1024w, https:\/\/cpm.osupytheas.fr\/wp-content\/uploads\/2021\/05\/S3-768x431.jpg 768w, https:\/\/cpm.osupytheas.fr\/wp-content\/uploads\/2021\/05\/S3-1536x862.jpg 1536w, https:\/\/cpm.osupytheas.fr\/wp-content\/uploads\/2021\/05\/S3-2048x1150.jpg 2048w, https:\/\/cpm.osupytheas.fr\/wp-content\/uploads\/2021\/05\/S3-1568x880.jpg 1568w\" sizes=\"auto, (max-width: 2560px) 100vw, 2560px\" \/><\/figure>\n\n\n\n<p><em><em>T\u00edtulo<\/em>:\u00a0<strong>Cuidando florecemos<\/strong> <br>A\u00f1o:\u00a02018 <br>Lugar:\u00a0Tierras altas del comunal pastoril de Santiago de la Espada (Espa\u00f1a) <br>Author &amp; Copyright:\u00a0Pablo DOMINGUEZ<\/em><\/p>\n\n\n\n<div style=\"height:50px\" aria-hidden=\"true\" class=\"wp-block-spacer\"><\/div>\n\n\n\n<p>Estas tierras altas, entre 1.400 y casi 2.000 metros sobre el nivel del mar, descansan durante la mayor parte del oto\u00f1o as\u00ed como todo el invierno, y florecen durante la primavera y el verano, siendo entonces alcanzadas por los ganaderos y sus reba\u00f1os de ovejas, cabras, vacas y caballos, entre mediados de mayo y mediados de noviembre, a trav\u00e9s de un movimiento colectivo conocido como trashumancia, que a veces implica incluso familias enteras y que coloquialmente se llama \u2018verea\u2019. De hecho, en primavera se benefician de importantes influencias mediterr\u00e1neas, que con el derretimiento de las nieves en abril y el incremento de las precipitaciones y las temperaturas desde ese momento, favorecen el crecimiento exponencial de los pastos y el florecimiento que tanto atraen a los reba\u00f1os.<\/p>\n\n\n\n<p>Pero nadie, adem\u00e1s de los ganaderos, puede presentar mejor estos sistemas comunales que quienes han estado estudi\u00e1ndolas durante a\u00f1os.&nbsp;<\/p>\n\n\n\n<p>&nbsp;<\/p>\n\n\n\n<div style=\"height:50px\" aria-hidden=\"true\" class=\"wp-block-spacer\"><\/div>\n\n\n\n<figure class=\"wp-block-video\"><video height=\"720\" style=\"aspect-ratio: 1280 \/ 720;\" width=\"1280\" controls poster=\"https:\/\/cpm.osupytheas.fr\/wp-content\/uploads\/2021\/07\/Santiago-Pontones-Lara-SUBTITULADO_720_thumb1.jpg\" src=\"https:\/\/cpm.osupytheas.fr\/wp-content\/uploads\/2021\/07\/Santiago-Pontones-Lara-SUBTITULADO_720.mp4\"><\/video><\/figure>\n\n\n\n<p><em><em>T\u00edtulo<\/em>:\u00a0<strong>Video sobre la Historia de los comunales de Santiago-Pontones<\/strong> <br>A\u00f1o:\u00a02020 <br>Lugar:\u00a0Santiago-Pontones (Espa\u00f1a) <br>Autore &amp; Copyright:\u00a0Lara BARROS <\/em><\/p>\n\n\n\n<div style=\"height:50px\" aria-hidden=\"true\" class=\"wp-block-spacer\"><\/div>\n\n\n\n<figure class=\"wp-block-video\"><video height=\"720\" style=\"aspect-ratio: 1280 \/ 720;\" width=\"1280\" controls poster=\"https:\/\/cpm.osupytheas.fr\/wp-content\/uploads\/2021\/07\/Santiago-Pontones-Calixto-SUBTITULADO_720_thumb1.jpg\" src=\"https:\/\/cpm.osupytheas.fr\/wp-content\/uploads\/2021\/07\/Santiago-Pontones-Calixto-SUBTITULADO_720.mp4\"><\/video><\/figure>\n\n\n\n<p><em><em>T\u00edtulo<\/em>:\u00a0<strong>Estatus legal de los comunales de Santiago-Pontones<\/strong> <br>A\u00f1o:\u00a02020 <br>Lugar:\u00a0Santiago-Pontones (Spain) <br>Autor &amp; Copyright:\u00a0Calixto ESCARIZ <\/em><\/p>\n\n\n\n<div style=\"height:50px\" aria-hidden=\"true\" class=\"wp-block-spacer\"><\/div>\n\n\n\n<figure class=\"wp-block-video\"><video height=\"720\" style=\"aspect-ratio: 1280 \/ 720;\" width=\"1280\" controls poster=\"https:\/\/cpm.osupytheas.fr\/wp-content\/uploads\/2021\/07\/Castril-Lara-SUBTITULADO_720_thumb1.jpg\" src=\"https:\/\/cpm.osupytheas.fr\/wp-content\/uploads\/2021\/07\/Castril-Lara-SUBTITULADO_720.mp4\"><\/video><\/figure>\n\n\n\n<p><em><em>T\u00edtulo<\/em>:\u00a0<strong>Historia del comunal de Castril<\/strong><br>A\u00f1o:\u00a02020 <br>Lugar:\u00a0Castril (Spain) <br>Autore &amp; Copyright:\u00a0Lara BARROS <\/em><\/p>\n\n\n\n<div style=\"height:50px\" aria-hidden=\"true\" class=\"wp-block-spacer\"><\/div>\n\n\n\n<figure class=\"wp-block-video\"><video height=\"720\" style=\"aspect-ratio: 1280 \/ 720;\" width=\"1280\" controls poster=\"https:\/\/cpm.osupytheas.fr\/wp-content\/uploads\/2021\/07\/Castril-Calixto-SUBTITULADO_720_thumb2.jpg\" src=\"https:\/\/cpm.osupytheas.fr\/wp-content\/uploads\/2021\/07\/Castril-Calixto-SUBTITULADO_720.mp4\"><\/video><\/figure>\n\n\n\n<p><em><em>T\u00edtulo<\/em>:\u00a0<strong>Estatus legal del comunal de Castril<\/strong> <br>A\u00f1o:\u00a02020 <br>Lugar:\u00a0Castril (Spain) <br>Autor &amp; Copyright:\u00a0Calixto ESCARIZ<\/em><\/p>\n\n\n\n<div style=\"height:50px\" aria-hidden=\"true\" class=\"wp-block-spacer\"><\/div>\n\n\n\n<h2 class=\"wp-block-heading\"><strong><strong>Otras formas de movimiento<\/strong><\/strong><\/h2>\n\n\n\n<figure class=\"wp-block-image alignfull size-full\"><img loading=\"lazy\" decoding=\"async\" width=\"2560\" height=\"1440\" src=\"https:\/\/cpm.osupytheas.fr\/wp-content\/uploads\/2021\/05\/S8.jpg\" alt=\"\" class=\"wp-image-94\" srcset=\"https:\/\/cpm.osupytheas.fr\/wp-content\/uploads\/2021\/05\/S8.jpg 2560w, https:\/\/cpm.osupytheas.fr\/wp-content\/uploads\/2021\/05\/S8-300x169.jpg 300w, https:\/\/cpm.osupytheas.fr\/wp-content\/uploads\/2021\/05\/S8-1024x576.jpg 1024w, https:\/\/cpm.osupytheas.fr\/wp-content\/uploads\/2021\/05\/S8-768x432.jpg 768w, https:\/\/cpm.osupytheas.fr\/wp-content\/uploads\/2021\/05\/S8-1536x864.jpg 1536w, https:\/\/cpm.osupytheas.fr\/wp-content\/uploads\/2021\/05\/S8-2048x1152.jpg 2048w, https:\/\/cpm.osupytheas.fr\/wp-content\/uploads\/2021\/05\/S8-1568x882.jpg 1568w\" sizes=\"auto, (max-width: 2560px) 100vw, 2560px\" \/><\/figure>\n\n\n\n<p><em><em><em>T\u00edtulo<\/em><\/em>:\u00a0<strong>Paso a paso llegamos<\/strong> <br>A\u00f1o:\u00a02019 <br>Lugar:\u00a0Sierra Morena (Espa\u00f1a) <br>Autor &amp; Copyright:\u00a0Francisco GODOY<\/em><\/p>\n\n\n\n<div style=\"height:50px\" aria-hidden=\"true\" class=\"wp-block-spacer\"><\/div>\n\n\n\n<p>A principios o mediados de oto\u00f1o, antes de la llegada de las nieves, los pastores descienden con sus reba\u00f1os, siempre ayudados de fieles perros, en busca de pastos m\u00e1s suaves y c\u00e1lidos en las tierras bajas. Este tipo de movimiento continuo de subida y bajada de las monta\u00f1as cada a\u00f1o, al ritmo del vaiv\u00e9n de las estaciones, implica tambi\u00e9n un movimiento de conocimiento, relaciones sociales, intercambio de ideas e innovaci\u00f3n, que durante siglos ha sido fundamental para la resiliencia pastoril y ha contribuido enormemente a construir estas culturas as\u00ed como las de sus vecinos que han visitado cada a\u00f1o desde hace siglos. La trashumancia podr\u00eda ser la respuesta a un antiguo hechizo: cada a\u00f1o, dos veces al a\u00f1o, generaci\u00f3n tras generaci\u00f3n, subiendo y bajando por la misma vereda, creando gentes y culturas&#8230;<\/p>\n\n\n\n<div style=\"height:50px\" aria-hidden=\"true\" class=\"wp-block-spacer\"><\/div>\n\n\n\n<figure class=\"wp-block-image alignfull size-full\"><img loading=\"lazy\" decoding=\"async\" width=\"900\" height=\"505\" src=\"https:\/\/cpm.osupytheas.fr\/wp-content\/uploads\/2021\/05\/S9.jpg\" alt=\"\" class=\"wp-image-95\" srcset=\"https:\/\/cpm.osupytheas.fr\/wp-content\/uploads\/2021\/05\/S9.jpg 900w, https:\/\/cpm.osupytheas.fr\/wp-content\/uploads\/2021\/05\/S9-300x168.jpg 300w, https:\/\/cpm.osupytheas.fr\/wp-content\/uploads\/2021\/05\/S9-768x431.jpg 768w\" sizes=\"auto, (max-width: 900px) 100vw, 900px\" \/><\/figure>\n\n\n\n<p><em><em>T\u00edtulo<\/em>:\u00a0<strong>Lentamente prosperamos<\/strong> <br>A\u00f1o:\u00a02018 <br>Lugar:\u00a0Rio Castril (Espa\u00f1a) <br>Autor &amp; Copyright: Adri\u00e0 PE\u00d1A<\/em><\/p>\n\n\n\n<div style=\"height:50px\" aria-hidden=\"true\" class=\"wp-block-spacer\"><\/div>\n\n\n\n<figure class=\"wp-block-image alignfull size-full\"><img loading=\"lazy\" decoding=\"async\" width=\"900\" height=\"505\" src=\"https:\/\/cpm.osupytheas.fr\/wp-content\/uploads\/2021\/05\/S10.jpg\" alt=\"\" class=\"wp-image-96\" srcset=\"https:\/\/cpm.osupytheas.fr\/wp-content\/uploads\/2021\/05\/S10.jpg 900w, https:\/\/cpm.osupytheas.fr\/wp-content\/uploads\/2021\/05\/S10-300x168.jpg 300w, https:\/\/cpm.osupytheas.fr\/wp-content\/uploads\/2021\/05\/S10-768x431.jpg 768w\" sizes=\"auto, (max-width: 900px) 100vw, 900px\" \/><\/figure>\n\n\n\n<p><em><em>T\u00edtulo<\/em>:\u00a0<strong>Continuamos, incesantemente<\/strong> <br>A\u00f1o:\u00a02018 <br>Lugar:\u00a0Sierra de Castril (Espa\u00f1a) <br>Autor &amp; Copyright:\u00a0Francisco GODOY<\/em><\/p>\n\n\n\n<div style=\"height:50px\" aria-hidden=\"true\" class=\"wp-block-spacer\"><\/div>\n\n\n\n<figure class=\"wp-block-image alignfull size-full\"><img loading=\"lazy\" decoding=\"async\" width=\"672\" height=\"301\" src=\"https:\/\/cpm.osupytheas.fr\/wp-content\/uploads\/2021\/05\/S11.jpg\" alt=\"\" class=\"wp-image-97\" srcset=\"https:\/\/cpm.osupytheas.fr\/wp-content\/uploads\/2021\/05\/S11.jpg 672w, https:\/\/cpm.osupytheas.fr\/wp-content\/uploads\/2021\/05\/S11-300x134.jpg 300w\" sizes=\"auto, (max-width: 672px) 100vw, 672px\" \/><\/figure>\n\n\n\n<p><em><em>T\u00edtulo<\/em>:\u00a0<strong>Respetuosamente, habitamos<\/strong> <br>A\u00f1o:\u00a02019 <br>Lugar:\u00a0L\u00edmite de los comunales pastoriles de Santiago de la Espada y Castril (Espa\u00f1a) <br>Autor &amp; Copyright: Adri\u00e0 PE\u00d1A<\/em><\/p>\n\n\n\n<div style=\"height:50px\" aria-hidden=\"true\" class=\"wp-block-spacer\"><\/div>\n\n\n\n<h2 class=\"wp-block-heading\"><strong>Otras formas de conservaci\u00f3n<\/strong><\/h2>\n\n\n\n<figure class=\"wp-block-image alignfull size-full\"><img loading=\"lazy\" decoding=\"async\" width=\"2560\" height=\"1920\" src=\"https:\/\/cpm.osupytheas.fr\/wp-content\/uploads\/2021\/05\/S12-scaled.jpg\" alt=\"\" class=\"wp-image-98\" srcset=\"https:\/\/cpm.osupytheas.fr\/wp-content\/uploads\/2021\/05\/S12-scaled.jpg 2560w, https:\/\/cpm.osupytheas.fr\/wp-content\/uploads\/2021\/05\/S12-300x225.jpg 300w, https:\/\/cpm.osupytheas.fr\/wp-content\/uploads\/2021\/05\/S12-1024x768.jpg 1024w, https:\/\/cpm.osupytheas.fr\/wp-content\/uploads\/2021\/05\/S12-768x576.jpg 768w, https:\/\/cpm.osupytheas.fr\/wp-content\/uploads\/2021\/05\/S12-1536x1152.jpg 1536w, https:\/\/cpm.osupytheas.fr\/wp-content\/uploads\/2021\/05\/S12-2048x1536.jpg 2048w, https:\/\/cpm.osupytheas.fr\/wp-content\/uploads\/2021\/05\/S12-1568x1176.jpg 1568w\" sizes=\"auto, (max-width: 2560px) 100vw, 2560px\" \/><\/figure>\n\n\n\n<p><em><em>T\u00edtulo<\/em>:\u00a0<strong>Silenciosamente conservamos, y con nuestro trabajo los pastos crecen<\/strong> <br>A\u00f1o:\u00a02018 <br>Lugar:\u00a0Cortijo La Puerca, Castril (Espa\u00f1a) <br>Autor &amp; Copyright:\u00a0Francisco GODOY<\/em><\/p>\n\n\n\n<p>En la actualidad, algo m\u00e1s de cien ganaderos organizados en tres juntas o asociaciones, cada una competente sobre un territorio comunal distinto de estas tierras altas, mantienen el aprovechamiento consuetudinario de estos pastos, que se extienden a lo largo de casi 40.000 hect\u00e1reas. La organizaci\u00f3n comunal supone un acceso colectivo y regulado a los pastos para los ganaderos de la zona, posibilitando un acceso relativamente equitativo a los mismos, a su vez que procurando no sobreexplotarlos y mantener una cubierta vegetal hasta cotas que permitan su regeneraci\u00f3n anual.&nbsp; Esto permite maximizar el aprovechamiento pastoril al tiempo que se garantiza la continuidad del socio-ecosistema y un profundo sentido del territorio para las comunidades locales que lo utilizan. A la vez, se relaciona con la conformaci\u00f3n y el mantenimiento de la diversidad biol\u00f3gica a nivel local, la protecci\u00f3n de los suelos contra la erosi\u00f3n y contribuye a la mitigaci\u00f3n y adaptaci\u00f3n al cambio clim\u00e1tico a la vez que mantiene la productividad del territorio. En definitiva, la gesti\u00f3n comunal de los pastos entiende el conjunto del sistema humano y ecol\u00f3gico como un todo, desempe\u00f1ando as\u00ed un papel central en la conformaci\u00f3n de un paisaje sostenible y resiliente.<\/p>\n\n\n\n<div style=\"height:50px\" aria-hidden=\"true\" class=\"wp-block-spacer\"><\/div>\n\n\n\n<figure class=\"wp-block-image alignfull size-full\"><img loading=\"lazy\" decoding=\"async\" width=\"900\" height=\"675\" src=\"https:\/\/cpm.osupytheas.fr\/wp-content\/uploads\/2021\/05\/S13.jpg\" alt=\"\" class=\"wp-image-99\" srcset=\"https:\/\/cpm.osupytheas.fr\/wp-content\/uploads\/2021\/05\/S13.jpg 900w, https:\/\/cpm.osupytheas.fr\/wp-content\/uploads\/2021\/05\/S13-300x225.jpg 300w, https:\/\/cpm.osupytheas.fr\/wp-content\/uploads\/2021\/05\/S13-768x576.jpg 768w\" sizes=\"auto, (max-width: 900px) 100vw, 900px\" \/><\/figure>\n\n\n\n<p><em><em>T\u00edtulo<\/em>:\u00a0<strong>Con gratitud pastamos<\/strong> <br>A\u00f1o:\u00a02018 <br>Lugar:\u00a0Sierra Morena (Espa\u00f1a) <br>Autor &amp; Copyright:\u00a0Pablo DOMINGUEZ<\/em><\/p>\n\n\n\n<p>Y a\u00fan tiene otros beneficios, tales como la reducci\u00f3n de incendios forestales al mantener siempre espacios abiertos, dado que la ganader\u00eda extensiva puede limitar el crecimiento de \u00e1rboles y la acumulaci\u00f3n de combustible le\u00f1oso. Pero estos sistemas pastoriles comunales y m\u00f3viles tambi\u00e9n benefician territorios lejanos como los de Sierra Morena, a m\u00e1s de ciento cincuenta kil\u00f3metros de distancia, donde muchos de estos ganaderos pasan los inviernos con sus reba\u00f1os en tierras bajas sin nieve. Este movimiento anual de ganados posibilita el traslado de semillas y mantiene la vereda como un aut\u00e9ntico corredor ecol\u00f3gico: otro fruto tangible de una influencia beneficiosa.&nbsp;<\/p>\n\n\n\n<div style=\"height:50px\" aria-hidden=\"true\" class=\"wp-block-spacer\"><\/div>\n\n\n\n<figure class=\"wp-block-image alignfull size-full\"><img loading=\"lazy\" decoding=\"async\" width=\"2560\" height=\"1920\" src=\"https:\/\/cpm.osupytheas.fr\/wp-content\/uploads\/2021\/05\/S14-scaled.jpg\" alt=\"\" class=\"wp-image-100\" srcset=\"https:\/\/cpm.osupytheas.fr\/wp-content\/uploads\/2021\/05\/S14-scaled.jpg 2560w, https:\/\/cpm.osupytheas.fr\/wp-content\/uploads\/2021\/05\/S14-300x225.jpg 300w, https:\/\/cpm.osupytheas.fr\/wp-content\/uploads\/2021\/05\/S14-1024x768.jpg 1024w, https:\/\/cpm.osupytheas.fr\/wp-content\/uploads\/2021\/05\/S14-768x576.jpg 768w, https:\/\/cpm.osupytheas.fr\/wp-content\/uploads\/2021\/05\/S14-1536x1152.jpg 1536w, https:\/\/cpm.osupytheas.fr\/wp-content\/uploads\/2021\/05\/S14-2048x1536.jpg 2048w, https:\/\/cpm.osupytheas.fr\/wp-content\/uploads\/2021\/05\/S14-1568x1176.jpg 1568w\" sizes=\"auto, (max-width: 2560px) 100vw, 2560px\" \/><\/figure>\n\n\n\n<p><em><em>T\u00edtulo<\/em>:\u00a0<strong>Inofensivamente nos desplegamos<\/strong> <br>A\u00f1o:\u00a02019 <br>Lugar:\u00a0Las Almontaras (Espa\u00f1a) <br>Autor &amp; Copyright:\u00a0Francisco GODOY<\/em><\/p>\n\n\n\n<div style=\"height:50px\" aria-hidden=\"true\" class=\"wp-block-spacer\"><\/div>\n\n\n\n<h2 class=\"wp-block-heading\"><strong>Otras formas de sentir<\/strong><\/h2>\n\n\n\n<figure class=\"wp-block-image alignfull size-full\"><img loading=\"lazy\" decoding=\"async\" width=\"900\" height=\"505\" src=\"https:\/\/cpm.osupytheas.fr\/wp-content\/uploads\/2021\/05\/S15.jpg\" alt=\"\" class=\"wp-image-101\" srcset=\"https:\/\/cpm.osupytheas.fr\/wp-content\/uploads\/2021\/05\/S15.jpg 900w, https:\/\/cpm.osupytheas.fr\/wp-content\/uploads\/2021\/05\/S15-300x168.jpg 300w, https:\/\/cpm.osupytheas.fr\/wp-content\/uploads\/2021\/05\/S15-768x431.jpg 768w\" sizes=\"auto, (max-width: 900px) 100vw, 900px\" \/><\/figure>\n\n\n\n<p><em><em>T\u00edtulo<\/em>:\u00a0<strong> Apasionadamente persistimos<\/strong> <br>A\u00f1o:\u00a02018 <br>Lugar:\u00a0F\u00e1tima (Espa\u00f1a) <br>Autor &amp; Copyright:\u00a0Adri\u00e0 PE\u00d1A<\/em><\/p>\n\n\n\n<p>Por lo mismo, estos paisajes de monta\u00f1a que com\u00fanmente se asocian, sobre todo por poblaciones urbanas, con una \u201cnaturaleza pr\u00edstina\u201d, es decir, sin intervenci\u00f3n humana, en realidad consisten en una intensa y prolongada producci\u00f3n socio-natural a trav\u00e9s de los siglos, generaci\u00f3n tras generaci\u00f3n. Esto siempre va acompa\u00f1ado por una importante componente cultural que es sostenida y est\u00e1 estrechamente entrelazada con estos entornos y estas pr\u00e1cticas ganaderas en el transcurso del tiempo. Es un tipo diferente de vida, la articulaci\u00f3n de tres elementos: personas, animales y tierra, que sincronizan sus movimientos.<\/p>\n\n\n\n<div style=\"height:50px\" aria-hidden=\"true\" class=\"wp-block-spacer\"><\/div>\n\n\n\n<figure class=\"wp-block-image alignfull size-full\"><img loading=\"lazy\" decoding=\"async\" width=\"2560\" height=\"1821\" src=\"https:\/\/cpm.osupytheas.fr\/wp-content\/uploads\/2021\/05\/S16-scaled.jpg\" alt=\"\" class=\"wp-image-102\" srcset=\"https:\/\/cpm.osupytheas.fr\/wp-content\/uploads\/2021\/05\/S16-scaled.jpg 2560w, https:\/\/cpm.osupytheas.fr\/wp-content\/uploads\/2021\/05\/S16-300x213.jpg 300w, https:\/\/cpm.osupytheas.fr\/wp-content\/uploads\/2021\/05\/S16-1024x728.jpg 1024w, https:\/\/cpm.osupytheas.fr\/wp-content\/uploads\/2021\/05\/S16-768x546.jpg 768w, https:\/\/cpm.osupytheas.fr\/wp-content\/uploads\/2021\/05\/S16-1536x1093.jpg 1536w, https:\/\/cpm.osupytheas.fr\/wp-content\/uploads\/2021\/05\/S16-2048x1457.jpg 2048w, https:\/\/cpm.osupytheas.fr\/wp-content\/uploads\/2021\/05\/S16-1568x1115.jpg 1568w\" sizes=\"auto, (max-width: 2560px) 100vw, 2560px\" \/><\/figure>\n\n\n\n<p><em><em>T\u00edtulo<\/em>:\u00a0<strong>Coloridamente resistimos<\/strong> <br>A\u00f1o:\u00a02019  <br>Lugar: Vega de Santiago (Sierra de Segura) (Espa\u00f1a) <br>Autor &amp; Copyright: Pau SANOSA<\/em><\/p>\n\n\n\n<div style=\"height:50px\" aria-hidden=\"true\" class=\"wp-block-spacer\"><\/div>\n\n\n\n<figure class=\"wp-block-image alignfull size-full\"><img loading=\"lazy\" decoding=\"async\" width=\"1590\" height=\"812\" src=\"https:\/\/cpm.osupytheas.fr\/wp-content\/uploads\/2021\/05\/S17.jpg\" alt=\"\" class=\"wp-image-103\" srcset=\"https:\/\/cpm.osupytheas.fr\/wp-content\/uploads\/2021\/05\/S17.jpg 1590w, https:\/\/cpm.osupytheas.fr\/wp-content\/uploads\/2021\/05\/S17-300x153.jpg 300w, https:\/\/cpm.osupytheas.fr\/wp-content\/uploads\/2021\/05\/S17-1024x523.jpg 1024w, https:\/\/cpm.osupytheas.fr\/wp-content\/uploads\/2021\/05\/S17-768x392.jpg 768w, https:\/\/cpm.osupytheas.fr\/wp-content\/uploads\/2021\/05\/S17-1536x784.jpg 1536w, https:\/\/cpm.osupytheas.fr\/wp-content\/uploads\/2021\/05\/S17-1568x801.jpg 1568w\" sizes=\"auto, (max-width: 1590px) 100vw, 1590px\" \/><\/figure>\n\n\n\n<p><em><em>T\u00edtulo<\/em>:\u00a0<strong>Floreciendo continuamos<\/strong> <br>A\u00f1o:\u00a02018  <br>Lugar:\u00a0Castril (Espa\u00f1a) <br>Autor &amp; Copyright:\u00a0Pablo DOMINGUEZ<\/em><\/p>\n\n\n\n<div style=\"height:50px\" aria-hidden=\"true\" class=\"wp-block-spacer\"><\/div>\n\n\n\n<figure class=\"wp-block-image alignfull size-full\"><img loading=\"lazy\" decoding=\"async\" width=\"2560\" height=\"1531\" src=\"https:\/\/cpm.osupytheas.fr\/wp-content\/uploads\/2021\/05\/S18-scaled.jpg\" alt=\"\" class=\"wp-image-104\" srcset=\"https:\/\/cpm.osupytheas.fr\/wp-content\/uploads\/2021\/05\/S18-scaled.jpg 2560w, https:\/\/cpm.osupytheas.fr\/wp-content\/uploads\/2021\/05\/S18-300x179.jpg 300w, https:\/\/cpm.osupytheas.fr\/wp-content\/uploads\/2021\/05\/S18-1024x612.jpg 1024w, https:\/\/cpm.osupytheas.fr\/wp-content\/uploads\/2021\/05\/S18-768x459.jpg 768w, https:\/\/cpm.osupytheas.fr\/wp-content\/uploads\/2021\/05\/S18-1536x919.jpg 1536w, https:\/\/cpm.osupytheas.fr\/wp-content\/uploads\/2021\/05\/S18-2048x1225.jpg 2048w, https:\/\/cpm.osupytheas.fr\/wp-content\/uploads\/2021\/05\/S18-1568x938.jpg 1568w\" sizes=\"auto, (max-width: 2560px) 100vw, 2560px\" \/><\/figure>\n\n\n\n<p><em><em>T\u00edtulo<\/em>:\u00a0<strong>Humilde pero orgullosamente existimos<\/strong> <br>A\u00f1o:\u00a02019  <br>Lugar:\u00a0Tierras altas comunales pastoriles de Pontones (Sierra de Segura, Espa\u00f1a) <br>Autor &amp; Copyright: Pau SANOSA<\/em><\/p>\n\n\n\n<p>E incluso en un contexto adverso con condiciones socioambientales complejas, la presi\u00f3n de pol\u00edticas nacionales y europeas restrictivas, y la creciente competencia de mercados globales, la actividad ganadera de los comunales de Pontones, Santiago de la Espada y Castril persiste estoicamente en pleno siglo XXI.<\/p>\n\n\n\n<hr class=\"wp-block-separator is-style-dots\"\/>\n\n\n\n<div style=\"height:50px\" aria-hidden=\"true\" class=\"wp-block-spacer\"><\/div>\n\n\n\n<p><strong>Agradecimientos<\/strong><\/p>\n\n\n\n<p>Queremos agradecer al conjunto de ganaderos de Castril y de Santiago-Pontones, por toda su disposici\u00f3n, su tiempo y su apoyo, y por compartir en varias y extensas jornadas sus historias y su modo de vida con nosotros. Igualmente, al conjunto de habitantes de estas Sierras por la c\u00e1lida recepci\u00f3n y compa\u00f1\u00eda que nos han prestado, sobre todo a Pepi, Manolo, se\u00f1ora Isabel, Patricio y Marisa, con quienes siempre pudimos contar. Por su respaldo, aportes y por introducirnos a la comprensi\u00f3n del territorio, a Francisco Javier Ruiz (OCA Sierra de Segura), Pepe Puntas (ANCOS), Abraham Morcillo (ADSG Altiplano Segure\u00f1o), as\u00ed como a Mar\u00eda del Carmen Garc\u00eda, Mar\u00eda Teresa Moro, Mariano Ojeda y Manolo Pajar\u00f3n. A los alcaldes y ayuntamientos de Castril y de Santiago-Pontones por facilitar nuestra investigaci\u00f3n. Y al excelente Grupo de Evaluaci\u00f3n, Recuperaci\u00f3n y Protecci\u00f3n de Agrosistemas Mediterr\u00e1neos de la EEZ (CSIC-Granada), tanto profesional como humanamente, y que han sido grandes aliadas en la comprensi\u00f3n transdisciplinar de lo que acaece en &#8220;esas sierras\u201d. La investigaci\u00f3n en que se basa esta exposici\u00f3n ha sido posible gracias al apoyo del proyecto EXPLORA (Patrimonializaci\u00f3n Socio-Ecol\u00f3gica de ICCAs en Espa\u00f1a y Marruecos, CSO2015-72607-EXP; Ministerio de Econom\u00eda y Competitividad).<\/p>\n\n\n\n<div style=\"height:50px\" aria-hidden=\"true\" class=\"wp-block-spacer\"><\/div>\n\n\n\n<p><strong>Texto y composici\u00f3n<\/strong> por Francisco GODOY, Pau SANOSA, Adri\u00e0 PE\u00d1A, Montserrat VENTURA y Pablo DOMINGUEZ.<\/p>\n\n\n\n<hr class=\"wp-block-separator is-style-dots\"\/>\n\n\n\n<div style=\"height:50px\" aria-hidden=\"true\" class=\"wp-block-spacer\"><\/div>\n","protected":false},"excerpt":{"rendered":"<p>T\u00edtulo:\u00a0La comunidad; unidos nos mantenemos en pie. &#8211; A\u00f1o:\u00a02018 &#8211; Lugar:\u00a0Sierra Morena (Espa\u00f1a) &#8211; Autor &amp; Copyright:\u00a0Pau SANOSA OTRAS FORMAS DE VIDA (Espa\u00f1a) Enclavados en &hellip;<\/p>\n","protected":false},"author":2,"featured_media":87,"parent":0,"menu_order":3,"comment_status":"closed","ping_status":"closed","template":"","meta":{"footnotes":""},"class_list":["post-598","page","type-page","status-publish","has-post-thumbnail","hentry"],"_links":{"self":[{"href":"https:\/\/cpm.osupytheas.fr\/index.php\/wp-json\/wp\/v2\/pages\/598","targetHints":{"allow":["GET"]}}],"collection":[{"href":"https:\/\/cpm.osupytheas.fr\/index.php\/wp-json\/wp\/v2\/pages"}],"about":[{"href":"https:\/\/cpm.osupytheas.fr\/index.php\/wp-json\/wp\/v2\/types\/page"}],"author":[{"embeddable":true,"href":"https:\/\/cpm.osupytheas.fr\/index.php\/wp-json\/wp\/v2\/users\/2"}],"replies":[{"embeddable":true,"href":"https:\/\/cpm.osupytheas.fr\/index.php\/wp-json\/wp\/v2\/comments?post=598"}],"version-history":[{"count":4,"href":"https:\/\/cpm.osupytheas.fr\/index.php\/wp-json\/wp\/v2\/pages\/598\/revisions"}],"predecessor-version":[{"id":665,"href":"https:\/\/cpm.osupytheas.fr\/index.php\/wp-json\/wp\/v2\/pages\/598\/revisions\/665"}],"wp:featuredmedia":[{"embeddable":true,"href":"https:\/\/cpm.osupytheas.fr\/index.php\/wp-json\/wp\/v2\/media\/87"}],"wp:attachment":[{"href":"https:\/\/cpm.osupytheas.fr\/index.php\/wp-json\/wp\/v2\/media?parent=598"}],"curies":[{"name":"wp","href":"https:\/\/api.w.org\/{rel}","templated":true}]}}