{"id":602,"date":"2021-07-15T14:09:42","date_gmt":"2021-07-15T12:09:42","guid":{"rendered":"https:\/\/cpm.osupytheas.fr\/?page_id=602"},"modified":"2021-08-23T15:52:18","modified_gmt":"2021-08-23T13:52:18","slug":"montenegro-es","status":"publish","type":"page","link":"https:\/\/cpm.osupytheas.fr\/index.php\/es\/montenegro-es\/","title":{"rendered":"Montenegro"},"content":{"rendered":"\n<p class=\"has-small-font-size\"><em><em>T\u00edtulo<\/em>: <strong>Friction\u00a0<\/strong> A\u00f1o:\u00a02019  Lugar:\u00a0Sinja(je)vina (Montenegro) Autor &amp; Copyright: From top to bottom: Wake Up Films, Dragana \u0160\u0106EPANOVI\u0106<\/em><\/p>\n\n\n\n<div style=\"height:50px\" aria-hidden=\"true\" class=\"wp-block-spacer\"><\/div>\n\n\n\n<p>Sinja(je)vina es un enorme altiplano de roca caliza, de m\u00e1s de 400 km2 de tama\u00f1o, que junto con Durmitor conforma m\u00e1s de 1000 km2 de pastos de monta\u00f1a, el \u00e1rea de este tipo m\u00e1s grande de los Balcanes y una de las m\u00e1s grandes de Europa. Entre otras cosas, sirve de hogar y sustento a m\u00e1s de 250 familias de pastores trashumantes y peque\u00f1os granjeros. <\/p>\n\n\n\n<p>Durante cientos de a\u00f1os, si no miles, los ganaderos extensivos de Sinja(je)vina (que es conocida tanto con como sin el \u2018je\u2019 entre par\u00e9ntesis) han gobernado, protegido y cuidado dichos pastos del mismo modo que uno cuidar\u00eda de su propia familia. Organizados como un conjunto de diversas tierras comunales, son responsables de la conservaci\u00f3n de un paisaje cuyo especial valor y exclusiva biodiversidad han sido reconocidos como Reserva de la Biosfera por la UNESCO.<\/p>\n\n\n\n<div style=\"height:50px\" aria-hidden=\"true\" class=\"wp-block-spacer\"><\/div>\n\n\n\n<figure class=\"wp-block-image alignfull size-large\"><img loading=\"lazy\" decoding=\"async\" width=\"999\" height=\"1024\" src=\"https:\/\/cpm.osupytheas.fr\/wp-content\/uploads\/2021\/05\/MNG2-999x1024.jpg\" alt=\"\" class=\"wp-image-76\" srcset=\"https:\/\/cpm.osupytheas.fr\/wp-content\/uploads\/2021\/05\/MNG2-999x1024.jpg 999w, https:\/\/cpm.osupytheas.fr\/wp-content\/uploads\/2021\/05\/MNG2-293x300.jpg 293w, https:\/\/cpm.osupytheas.fr\/wp-content\/uploads\/2021\/05\/MNG2-768x787.jpg 768w, https:\/\/cpm.osupytheas.fr\/wp-content\/uploads\/2021\/05\/MNG2.jpg 1099w\" sizes=\"auto, (max-width: 999px) 100vw, 999px\" \/><\/figure>\n\n\n\n<p><em><em>T\u00edtulo<\/em>: <strong>Sinja(je)vina y sus principales v\u00edas de trashumancia\u00a0<\/strong> <br>A\u00f1o:\u00a02021 <br>Lugar:\u00a0Sinja(je)vina (Montenegro) <br>Autor &amp; Copyright:\u00a0Sandra Kapetanovic and Pablo Dom\u00ednguez (y cortes\u00eda de Google Earth).<\/em><\/p>\n\n\n\n<div style=\"height:50px\" aria-hidden=\"true\" class=\"wp-block-spacer\"><\/div>\n\n\n\n<h2 class=\"wp-block-heading\"><strong><strong>Pureza<\/strong><\/strong><\/h2>\n\n\n\n<figure class=\"wp-block-image alignfull size-large\"><img loading=\"lazy\" decoding=\"async\" width=\"1024\" height=\"768\" src=\"https:\/\/cpm.osupytheas.fr\/wp-content\/uploads\/2021\/05\/MNG3-1024x768.jpg\" alt=\"\" class=\"wp-image-77\" srcset=\"https:\/\/cpm.osupytheas.fr\/wp-content\/uploads\/2021\/05\/MNG3-1024x768.jpg 1024w, https:\/\/cpm.osupytheas.fr\/wp-content\/uploads\/2021\/05\/MNG3-300x225.jpg 300w, https:\/\/cpm.osupytheas.fr\/wp-content\/uploads\/2021\/05\/MNG3-768x576.jpg 768w, https:\/\/cpm.osupytheas.fr\/wp-content\/uploads\/2021\/05\/MNG3-1536x1152.jpg 1536w, https:\/\/cpm.osupytheas.fr\/wp-content\/uploads\/2021\/05\/MNG3-2048x1536.jpg 2048w, https:\/\/cpm.osupytheas.fr\/wp-content\/uploads\/2021\/05\/MNG3-1568x1176.jpg 1568w\" sizes=\"auto, (max-width: 1024px) 100vw, 1024px\" \/><\/figure>\n\n\n\n<p><em><em>T\u00edtulo<\/em>:\u00a0<strong><strong>Pureza<\/strong><\/strong><br>A\u00f1o:\u00a02019 <br>Lugar:\u00a0Sinja(je)vina (Montenegro)<br>Autor &amp; Copyright: Wake Up Films<\/em><\/p>\n\n\n\n<div style=\"height:50px\" aria-hidden=\"true\" class=\"wp-block-spacer\"><\/div>\n\n\n\n<p>En Sinja(je)vina hay d\u00edas en los que parece que nadie a haya pasado jam\u00e1s por ah\u00ed. Laderas verdecientes hasta donde alcanza la mirada, \u00a1espl\u00e9ndidamente vivas en verano e insoportablemente blancas en invierno! Ni una sola huella, ning\u00fan signo de destrucci\u00f3n humana. Y, aun as\u00ed, los seres humanos han vivido aqu\u00ed durante siglos y milenios. Ocurre tan solo que no estamos acostumbrados a contemplar un toque humano tan delicado, que nutre en lugar de arrebatar. <\/p>\n\n\n\n<p>Esta pureza ha de representar la apariencia del cuidado.<\/p>\n\n\n\n<div style=\"height:50px\" aria-hidden=\"true\" class=\"wp-block-spacer\"><\/div>\n\n\n\n<h2 class=\"wp-block-heading\"><strong><strong>El cuidado<\/strong><\/strong><\/h2>\n\n\n\n<figure class=\"wp-block-image alignfull size-large\"><img loading=\"lazy\" decoding=\"async\" width=\"1024\" height=\"539\" src=\"https:\/\/cpm.osupytheas.fr\/wp-content\/uploads\/2021\/05\/MNG4-1024x539.jpg\" alt=\"\" class=\"wp-image-78\" srcset=\"https:\/\/cpm.osupytheas.fr\/wp-content\/uploads\/2021\/05\/MNG4-1024x539.jpg 1024w, https:\/\/cpm.osupytheas.fr\/wp-content\/uploads\/2021\/05\/MNG4-300x158.jpg 300w, https:\/\/cpm.osupytheas.fr\/wp-content\/uploads\/2021\/05\/MNG4-768x404.jpg 768w, https:\/\/cpm.osupytheas.fr\/wp-content\/uploads\/2021\/05\/MNG4-1536x808.jpg 1536w, https:\/\/cpm.osupytheas.fr\/wp-content\/uploads\/2021\/05\/MNG4-1568x825.jpg 1568w, https:\/\/cpm.osupytheas.fr\/wp-content\/uploads\/2021\/05\/MNG4.jpg 1777w\" sizes=\"auto, (max-width: 1024px) 100vw, 1024px\" \/><\/figure>\n\n\n\n<p><em><em>T\u00edtulo<\/em>:\u00a0<strong>Cuidados<\/strong><br>A\u00f1o:\u00a02019 <br>Lugar:\u00a0Sinja(je)vina (Montenegro)<br>Autor &amp; Copyright:\u00a0Wake Up Films<\/em><\/p>\n\n\n\n<div style=\"height:50px\" aria-hidden=\"true\" class=\"wp-block-spacer\"><\/div>\n\n\n\n<p>El cuidado del entorno es un arte largo tiempo olvidado que solo unas cumbres tan majestuosas podr\u00edan haber preservado. Sus acantilados contemplan escenas legadas de generaci\u00f3n a generaci\u00f3n.<\/p>\n\n\n\n<p>La gente de Sinja(je)vina vive en armon\u00eda con los ritmos del masticar de sus ovejas, la leche que es orde\u00f1ada varias veces cada d\u00eda, las nubes que pasan y traen consigo las estaciones. Ritualmente dan las gracias a todo ello por formar parte de sus vidas, puesto que el equilibrio nunca ha de tomarse por descontado.<\/p>\n\n\n\n<div style=\"height:50px\" aria-hidden=\"true\" class=\"wp-block-spacer\"><\/div>\n\n\n\n<h2 class=\"wp-block-heading\"><strong>Conexi\u00f3n<\/strong><\/h2>\n\n\n\n<figure class=\"wp-block-image alignfull size-large\"><img loading=\"lazy\" decoding=\"async\" width=\"1024\" height=\"679\" src=\"https:\/\/cpm.osupytheas.fr\/wp-content\/uploads\/2021\/05\/MNG5-1024x679.jpg\" alt=\"\" class=\"wp-image-79\" srcset=\"https:\/\/cpm.osupytheas.fr\/wp-content\/uploads\/2021\/05\/MNG5-1024x679.jpg 1024w, https:\/\/cpm.osupytheas.fr\/wp-content\/uploads\/2021\/05\/MNG5-300x199.jpg 300w, https:\/\/cpm.osupytheas.fr\/wp-content\/uploads\/2021\/05\/MNG5-768x509.jpg 768w, https:\/\/cpm.osupytheas.fr\/wp-content\/uploads\/2021\/05\/MNG5.jpg 1100w\" sizes=\"auto, (max-width: 1024px) 100vw, 1024px\" \/><\/figure>\n\n\n\n<p><em><em>T\u00edtulo<\/em>:\u00a0<strong>Conexi\u00f3n<\/strong><br>A\u00f1o:\u00a02019 <br>Lugar:\u00a0Sinja(je)vina (Montenegro)<br>Autor &amp; Copyright: Nikola LU\u010cI\u0106<\/em><\/p>\n\n\n\n<div style=\"height:50px\" aria-hidden=\"true\" class=\"wp-block-spacer\"><\/div>\n\n\n\n<p>Sinja(je)vina es uno de esos lugares cada vez m\u00e1s inusuales en los que sus pobladores a\u00fan no han olvidado que forman un todo con el lugar que habitan. Uno puede percatarse de ello al ver el modo en que contemplan la hierba, c\u00f3mo acarician sus \u00e1rboles, y c\u00f3mo cr\u00edan a sus animales, su gente y sus tierras. El equilibrio es el modo de reproducir el para\u00edso en la tierra.<\/p>\n\n\n\n<div style=\"height:50px\" aria-hidden=\"true\" class=\"wp-block-spacer\"><\/div>\n\n\n\n<h2 class=\"wp-block-heading\"><strong><strong>Destrucci\u00f3n<\/strong><\/strong><\/h2>\n\n\n\n<figure class=\"wp-block-image alignfull size-large\"><img loading=\"lazy\" decoding=\"async\" width=\"720\" height=\"480\" src=\"https:\/\/cpm.osupytheas.fr\/wp-content\/uploads\/2021\/05\/MNG6.jpg\" alt=\"\" class=\"wp-image-80\" srcset=\"https:\/\/cpm.osupytheas.fr\/wp-content\/uploads\/2021\/05\/MNG6.jpg 720w, https:\/\/cpm.osupytheas.fr\/wp-content\/uploads\/2021\/05\/MNG6-300x200.jpg 300w\" sizes=\"auto, (max-width: 720px) 100vw, 720px\" \/><\/figure>\n\n\n\n<p><em><em>T\u00edtulo<\/em>:\u00a0<strong>Distintas formas de una manzana<\/strong><br>A\u00f1o:\u00a02019 <br>Lugar:\u00a0Sinja(je)vina (Montenegro)<br>Autor &amp; Copyright:\u00a0Ministerio de Defensa de Montenegro<\/em><\/p>\n\n\n\n<div style=\"height:50px\" aria-hidden=\"true\" class=\"wp-block-spacer\"><\/div>\n\n\n\n<p>Siempre ha ocurrido, sin embargo, que alguien se encuentre con el para\u00edso y sienta el deseo de comerse la manzana. En 2019 el gobierno de Montenegro decidi\u00f3 construir un emplazamiento para el entrenamiento militar de tropas en Sinja(je)vina con el apoyo de importantes aliados de la OTAN, al parecer indiferentes al inconmensurable da\u00f1o que esto traer\u00eda a sus gentes y ecosistemas. La contaminaci\u00f3n, el ruido, el peligro y el acceso prohibido a sus pastos tradicionales, arruinar\u00edan las formas tradicionales de vida de las comunidades locales, junto con las de sus ecosistemas, que dependen directamente de las pr\u00e1cticas del pastoreo. Son lo que son debido al pastoreo, y dejar\u00edan de serlo en cuanto \u00e9ste dejara de existir. Esto es, la imposibilidad de una convivencia pac\u00edfica entre los protectores y la destrucci\u00f3n.<\/p>\n\n\n\n<div style=\"height:50px\" aria-hidden=\"true\" class=\"wp-block-spacer\"><\/div>\n\n\n\n<figure class=\"wp-block-image alignfull size-large\"><img loading=\"lazy\" decoding=\"async\" width=\"1024\" height=\"820\" src=\"https:\/\/cpm.osupytheas.fr\/wp-content\/uploads\/2021\/05\/MNG7.jpg\" alt=\"\" class=\"wp-image-81\" srcset=\"https:\/\/cpm.osupytheas.fr\/wp-content\/uploads\/2021\/05\/MNG7.jpg 1024w, https:\/\/cpm.osupytheas.fr\/wp-content\/uploads\/2021\/05\/MNG7-300x240.jpg 300w, https:\/\/cpm.osupytheas.fr\/wp-content\/uploads\/2021\/05\/MNG7-768x615.jpg 768w\" sizes=\"auto, (max-width: 1024px) 100vw, 1024px\" \/><\/figure>\n\n\n\n<p><em><em>T\u00edtulo<\/em>:\u00a0<strong>Destrucci\u00f3n<\/strong><br>A\u00f1o:\u00a02019 <br>Lugar:\u00a0Sinja(je)vina (Montenegro)<br>Autor &amp; Copyright: Dragana \u0160\u0106EPANOVI\u0106<\/em><\/p>\n\n\n\n<div style=\"height:50px\" aria-hidden=\"true\" class=\"wp-block-spacer\"><\/div>\n\n\n\n<h2 class=\"wp-block-heading\"><strong><strong>Conservaci\u00f3n por las comunidades locales<\/strong><\/strong><\/h2>\n\n\n\n<figure class=\"wp-block-image alignfull size-large\"><img loading=\"lazy\" decoding=\"async\" width=\"512\" height=\"270\" src=\"https:\/\/cpm.osupytheas.fr\/wp-content\/uploads\/2021\/05\/MNG8.png\" alt=\"\" class=\"wp-image-82\" srcset=\"https:\/\/cpm.osupytheas.fr\/wp-content\/uploads\/2021\/05\/MNG8.png 512w, https:\/\/cpm.osupytheas.fr\/wp-content\/uploads\/2021\/05\/MNG8-300x158.png 300w\" sizes=\"auto, (max-width: 512px) 100vw, 512px\" \/><\/figure>\n\n\n\n<p><em><em>T\u00edtulo<\/em>: <strong>Protectores<\/strong><br>A\u00f1o: 2018 <br>Lugar:\u00a0Sinja(je)vina (Montenegro)<br>Autor &amp; Copyright: Wake Up Films<\/em><\/p>\n\n\n\n<div style=\"height:50px\" aria-hidden=\"true\" class=\"wp-block-spacer\"><\/div>\n\n\n\n<p>Las comunidades locales han decidido no sentarse a esperar en silencio para ver c\u00f3mo su milenaria forma de vida es erradicada de la faz de la tierra con tan solo un Decreto Ley. Este patrimonio de inmenso valor natural y cultural, considerado Reserva de la Biosfera por la UNESCO, que fue conformado durante miles de a\u00f1os y gracias a cientos de generaciones de ganaderos y ganaderas, podr\u00eda ser destruido en tan solo unos pocos a\u00f1os. Los integrantes de la comunidad quieren verse involucrados en la toma de decisiones en lo relativo al territorio de sus vidas, demandan claras garant\u00edas por parte del gobierno de que la regi\u00f3n no va ser militarizada y de que sus formas de vida no se ver\u00e1n modificadas. M\u00e1s incluso\u2026 \u00a1piden que sus formas de vida sean apoyadas y promovidas! Con tal objetivo buscan aliados poderosos para que con un conjunto de voces levanten la voz con ellos, y salvar as\u00ed este lugar \u00fanico en el mundo, que han cuidado y preservado de la devastaci\u00f3n.<\/p>\n\n\n\n<div style=\"height:50px\" aria-hidden=\"true\" class=\"wp-block-spacer\"><\/div>\n\n\n\n<figure class=\"wp-block-image alignfull size-large\"><img loading=\"lazy\" decoding=\"async\" width=\"1024\" height=\"819\" src=\"https:\/\/cpm.osupytheas.fr\/wp-content\/uploads\/2021\/05\/MNG9-1024x819.png\" alt=\"\" class=\"wp-image-83\" srcset=\"https:\/\/cpm.osupytheas.fr\/wp-content\/uploads\/2021\/05\/MNG9-1024x819.png 1024w, https:\/\/cpm.osupytheas.fr\/wp-content\/uploads\/2021\/05\/MNG9-300x240.png 300w, https:\/\/cpm.osupytheas.fr\/wp-content\/uploads\/2021\/05\/MNG9-768x614.png 768w, https:\/\/cpm.osupytheas.fr\/wp-content\/uploads\/2021\/05\/MNG9-1536x1229.png 1536w, https:\/\/cpm.osupytheas.fr\/wp-content\/uploads\/2021\/05\/MNG9-1568x1254.png 1568w, https:\/\/cpm.osupytheas.fr\/wp-content\/uploads\/2021\/05\/MNG9.png 1600w\" sizes=\"auto, (max-width: 1024px) 100vw, 1024px\" \/><\/figure>\n\n\n\n<p><em><em>T\u00edtulo<\/em>:\u00a0<strong>Living testimony (Ljiljana \u0160aranovi\u0107 and Novak Dragovi\u0107).<\/strong> <br>A\u00f1o:\u00a02020 <br>Lugar:\u00a0Sinja(je)vina, Montenegro<br>Autor &amp; Copyright: Wake Up Films<\/em><\/p>\n\n\n\n<div style=\"height:50px\" aria-hidden=\"true\" class=\"wp-block-spacer\"><\/div>\n\n\n\n<p>En noviembre de 2019 un equipo internacional de investigadores inform\u00f3 a la UNESCO, en Par\u00eds, y al Parlamento Europeo y a la Comisi\u00f3n Europea, en Bruselas, sobre el caso. En febrero de 2020 la Comisi\u00f3n Parlamentaria&nbsp;de&nbsp;Estabilizaci\u00f3n y Asociaci\u00f3n UE-Montenegro visit\u00f3 la capital del pa\u00eds, Podgorica, al tiempo que <a href=\"https:\/\/sinjajevina.org\/2020\/03\/23\/eu-delegation-visits-montenegro-asks-nations-parliament-to-protect-sinjajevinas-lands-and-culture\/\">su presidente se reuni\u00f3 con comunidades locales, expertos, ONGs y pol\u00edticos<\/a> que apoyaban a los habitantes de Sinja(je)vina, para o\u00edr de primera mano su dolor, sus quejas y afirmaciones. Esto represent\u00f3 un paso crucial para ellos: lograr que la UE expresase su parecer y presionase a Montenegro a cumplir criterios espec\u00edficos con vistas a aceptar a Montenegro como miembro de la Uni\u00f3n Europea.<\/p>\n\n\n\n<div style=\"height:50px\" aria-hidden=\"true\" class=\"wp-block-spacer\"><\/div>\n\n\n\n<figure class=\"wp-block-video\"><video height=\"720\" style=\"aspect-ratio: 1280 \/ 720;\" width=\"1280\" controls poster=\"https:\/\/cpm.osupytheas.fr\/wp-content\/uploads\/2021\/07\/Sinjajevina-Montenegro_720_thumb1.jpg\" src=\"https:\/\/cpm.osupytheas.fr\/wp-content\/uploads\/2021\/07\/Sinjajevina-Montenegro_720.mp4\"><\/video><\/figure>\n\n\n\n<p><em><em>T\u00edtulo<\/em>:\u00a0<strong>Misi\u00f3n posible<\/strong> <br>A\u00f1o:\u00a02020 <br>Lugar:\u00a0Sinja(je)vina, Montenegro<br>Autor &amp; Copyright:\u00a0Latte Creative con el apoyo de Wake Up Films, Save Sinjajevina Assoc., International Land Coalition, ICCA Consortium, Common Lands Network y muchos otros ciudadanos individuales.<\/em><\/p>\n\n\n\n<div style=\"height:50px\" aria-hidden=\"true\" class=\"wp-block-spacer\"><\/div>\n\n\n\n<p>Su lucha es la lucha de todos, pues no existen muchos lugares en el mundo en los que naturaleza y cultura se florezcan en un v\u00ednculo tan simbi\u00f3tico tal y como ocurre en Sinja(je)vina. Si la zona es considerada por la UNESCO como Reserva de la Biosfera de la Cuenca del r\u00edo Tara y est\u00e1 en las inmediaciones de dos lugares considerados Patrimonio de la Humanidad por parte de la UNESCO, \u00bfpor qu\u00e9 no est\u00e1 siendo tratada como tal? \u00bfPor qu\u00e9 destruir Sinja(je)vina, desafiando su tremenda resiliencia, en lugar de aprender de sus gentes el modo de conservar no solo un ecosistema espec\u00edfico, sino incluso todo nuestro planeta?<\/p>\n\n\n\n<p>El 5 de diciembre de 2020, en medio de temperaturas bajo cero y condiciones clim\u00e1ticas hostiles, las comunidades prevalecieron de nuevo. Tras 51 d\u00edas de protesta en un campamento creado por locales y grupos pro-derechos en el coraz\u00f3n mismo del futuro campo militar en Sinja(je)vina, los entrenamientos militares que hab\u00edan sido planificados inicialmente fueron cancelados y la nueva Ministra de Defensa de Montenegro anunci\u00f3 que revaluar\u00eda su plan militar en la zona.<\/p>\n\n\n\n<div style=\"height:50px\" aria-hidden=\"true\" class=\"wp-block-spacer\"><\/div>\n\n\n\n<figure class=\"wp-block-image alignfull size-large\"><img loading=\"lazy\" decoding=\"async\" width=\"1024\" height=\"843\" src=\"https:\/\/cpm.osupytheas.fr\/wp-content\/uploads\/2021\/05\/MNG11-1024x843.jpg\" alt=\"\" class=\"wp-image-85\" srcset=\"https:\/\/cpm.osupytheas.fr\/wp-content\/uploads\/2021\/05\/MNG11-1024x843.jpg 1024w, https:\/\/cpm.osupytheas.fr\/wp-content\/uploads\/2021\/05\/MNG11-300x247.jpg 300w, https:\/\/cpm.osupytheas.fr\/wp-content\/uploads\/2021\/05\/MNG11-768x632.jpg 768w, https:\/\/cpm.osupytheas.fr\/wp-content\/uploads\/2021\/05\/MNG11-1536x1265.jpg 1536w, https:\/\/cpm.osupytheas.fr\/wp-content\/uploads\/2021\/05\/MNG11.jpg 1541w\" sizes=\"auto, (max-width: 1024px) 100vw, 1024px\" \/><\/figure>\n\n\n\n<p><em><em>T\u00edtulo<\/em>:\u00a0<strong>Libertad<\/strong><br>A\u00f1o: 2020 <br>Lugar:\u00a0Sinja(je)vina (Montenegro)<br>Autor &amp; Copyright: Wake Up Films<\/em><\/p>\n\n\n\n<p>Crowdfunding: <a href=\"https:\/\/www.kukumiku.com\/proyectos\/save-sinjajevina\/\">https:\/\/www.kukumiku.com\/proyectos\/save-Sinja(je)vina\/<\/a><\/p>\n\n\n\n<p>Colecta de firmas: <a href=\"https:\/\/www.landrightsnow.org\/get-involved\/save-sinjajevina-now\/\">https:\/\/www.landrightsnow.org\/get-involved\/save-Sinjajevina-now\/<\/a><\/p>\n\n\n\n<p>Detalle de la primera victoria: <a href=\"https:\/\/freedomnews.org.uk\/save-Sinja(je)vina-herders-and-activists-protect-unique-montenegrin-pastures-from-military-occupation\/\">https:\/\/freedomnews.org.uk\/save-Sinja(je)vina-herders-and-activists-protect-unique-montenegrin-pastures-from-military-occupation\/<\/a><\/p>\n\n\n\n<div style=\"height:50px\" aria-hidden=\"true\" class=\"wp-block-spacer\"><\/div>\n\n\n\n<p>La celebraci\u00f3n pareci\u00f3 apropiada entonces, pues todos los protagonistas experimentaron una ola de esperanza y entusiasmo al llegar las noticias. No obstante, muchos montenegrinos creen que se trata tan solo de una alegr\u00eda temporal e insisten en que sus demandas iniciales sean atendidas.<\/p>\n\n\n\n<p>1 \u2013 Que se establezca un Decreto Ley cancelando el previo de 2019, que oficialmente inaugur\u00f3 el emplazamiento para entrenamiento militar en Sinja(je)vina. La gente entiende que las palabras de la nueva Ministra de Defensa representaban una gran noticia y v\u00e1lida declaraci\u00f3n de intenciones, pero todo ello ser\u00eda solo papel mojado si finalmente no es asegurado legalmente.<\/p>\n\n\n\n<p>2 &#8211; Un Decreto Ley para la creaci\u00f3n de un \u00e1rea protegida dise\u00f1ada y gobernada con la plena participaci\u00f3n de las comunidades locales, puesto que \u00e9stas, con su actividad de pastoreo, son las principales garantes de estos ecosistemas y paisajes \u00fanicos.<\/p>\n\n\n\n<div style=\"height:50px\" aria-hidden=\"true\" class=\"wp-block-spacer\"><\/div>\n\n\n\n<figure class=\"wp-block-image alignfull size-large\"><img loading=\"lazy\" decoding=\"async\" width=\"1024\" height=\"432\" src=\"https:\/\/cpm.osupytheas.fr\/wp-content\/uploads\/2021\/05\/MNG12-1024x432.png\" alt=\"\" class=\"wp-image-86\" srcset=\"https:\/\/cpm.osupytheas.fr\/wp-content\/uploads\/2021\/05\/MNG12-1024x432.png 1024w, https:\/\/cpm.osupytheas.fr\/wp-content\/uploads\/2021\/05\/MNG12-300x127.png 300w, https:\/\/cpm.osupytheas.fr\/wp-content\/uploads\/2021\/05\/MNG12-768x324.png 768w, https:\/\/cpm.osupytheas.fr\/wp-content\/uploads\/2021\/05\/MNG12-1536x648.png 1536w, https:\/\/cpm.osupytheas.fr\/wp-content\/uploads\/2021\/05\/MNG12-1568x662.png 1568w, https:\/\/cpm.osupytheas.fr\/wp-content\/uploads\/2021\/05\/MNG12.png 1600w\" sizes=\"auto, (max-width: 1024px) 100vw, 1024px\" \/><\/figure>\n\n\n\n<p><em><em>T\u00edtulo<\/em>:\u00a0<strong>Nuevos horizontes<\/strong> <br>A\u00f1o: 2018 <br>Lugar:\u00a0Sinja(je)vina (Montenegro)<br>Autor &amp; Copyright: Wake Up Films<\/em><\/p>\n\n\n\n<div style=\"height:50px\" aria-hidden=\"true\" class=\"wp-block-spacer\"><\/div>\n\n\n\n<p>La historia de Sinja(je)vina es una de pureza, cuidado y \u00e9xito de la que todos aprender\u00edamos mucho. As\u00ed que trata de leerla en voz bien alta\u2026<\/p>\n\n\n\n<hr class=\"wp-block-separator is-style-dots\"\/>\n\n\n\n<div style=\"height:50px\" aria-hidden=\"true\" class=\"wp-block-spacer\"><\/div>\n\n\n\n<p><strong>Agradecimientos<\/strong><\/p>\n\n\n\n<p>Quisi\u00e9ramos dar las gracias a las comunidades locales por su constante colaboraci\u00f3n a la hora de contar su historia y dejarnos aprender sobre su territorio, y muy especialmente a la familia de Marian y Mileva Jovanovic, de Katun Okrugljak. Tambi\u00e9n a la Universidad de Montenegro por su apoyo al informarnos sobre las caracter\u00edsticas y valores de este territorio de vida, y a Wake Up Films por su constante apoyo a la hora de ponernos en contacto con las comunidades locales y proporcionarnos im\u00e1genes clave.<\/p>\n\n\n\n<div style=\"height:50px\" aria-hidden=\"true\" class=\"wp-block-spacer\"><\/div>\n\n\n\n<p><strong>Texto y composici\u00f3n<\/strong> por Pablo DOMINGUEZ, Petar GLOMAZI\u0106, Milan SEKULOVI\u0106 y MILO\u0160 \u0110UROVI\u0106<\/p>\n\n\n\n<hr class=\"wp-block-separator is-style-dots\"\/>\n\n\n\n<div style=\"height:50px\" aria-hidden=\"true\" class=\"wp-block-spacer\"><\/div>\n","protected":false},"excerpt":{"rendered":"<p>T\u00edtulo: Friction\u00a0 A\u00f1o:\u00a02019 Lugar:\u00a0Sinja(je)vina (Montenegro) Autor &amp; Copyright: From top to bottom: Wake Up Films, Dragana \u0160\u0106EPANOVI\u0106 Sinja(je)vina es un enorme altiplano de roca caliza, &hellip;<\/p>\n","protected":false},"author":2,"featured_media":75,"parent":0,"menu_order":4,"comment_status":"closed","ping_status":"closed","template":"","meta":{"footnotes":""},"class_list":["post-602","page","type-page","status-publish","has-post-thumbnail","hentry"],"_links":{"self":[{"href":"https:\/\/cpm.osupytheas.fr\/index.php\/wp-json\/wp\/v2\/pages\/602","targetHints":{"allow":["GET"]}}],"collection":[{"href":"https:\/\/cpm.osupytheas.fr\/index.php\/wp-json\/wp\/v2\/pages"}],"about":[{"href":"https:\/\/cpm.osupytheas.fr\/index.php\/wp-json\/wp\/v2\/types\/page"}],"author":[{"embeddable":true,"href":"https:\/\/cpm.osupytheas.fr\/index.php\/wp-json\/wp\/v2\/users\/2"}],"replies":[{"embeddable":true,"href":"https:\/\/cpm.osupytheas.fr\/index.php\/wp-json\/wp\/v2\/comments?post=602"}],"version-history":[{"count":7,"href":"https:\/\/cpm.osupytheas.fr\/index.php\/wp-json\/wp\/v2\/pages\/602\/revisions"}],"predecessor-version":[{"id":666,"href":"https:\/\/cpm.osupytheas.fr\/index.php\/wp-json\/wp\/v2\/pages\/602\/revisions\/666"}],"wp:featuredmedia":[{"embeddable":true,"href":"https:\/\/cpm.osupytheas.fr\/index.php\/wp-json\/wp\/v2\/media\/75"}],"wp:attachment":[{"href":"https:\/\/cpm.osupytheas.fr\/index.php\/wp-json\/wp\/v2\/media?parent=602"}],"curies":[{"name":"wp","href":"https:\/\/api.w.org\/{rel}","templated":true}]}}