{"id":628,"date":"2021-08-23T11:14:25","date_gmt":"2021-08-23T09:14:25","guid":{"rendered":"https:\/\/cpm.osupytheas.fr\/?page_id=628"},"modified":"2021-08-25T09:49:39","modified_gmt":"2021-08-25T07:49:39","slug":"introduction-fr","status":"publish","type":"page","link":"https:\/\/cpm.osupytheas.fr\/index.php\/introduction-fr\/","title":{"rendered":"Introduction"},"content":{"rendered":"\n<p class=\"has-small-font-size\"><em>Titre:&nbsp;<strong>Mirages<\/strong> &#8211; Ann\u00e9e:&nbsp;2019 &#8211; Lieu:&nbsp;Fuente Segura (Espagne) &#8211; Auteur &amp; Droits:&nbsp;Pau SANOSA<\/em><\/p>\n\n\n\n<div style=\"height:50px\" aria-hidden=\"true\" class=\"wp-block-spacer\"><\/div>\n\n\n\n<p><em><strong>Position des diff\u00e9rents syst\u00e8mes pastoraux pr\u00e9sent\u00e9s dans cette exposition<\/strong>&nbsp;(encart avec l&#8217;aimable autorisation de Google Earth Engine).<\/em><\/p>\n\n\n<p><div class=\"leaflet-map WPLeafletMap\" style=\"height:400px; width:100%;\"><\/div><script>\nwindow.WPLeafletMapPlugin = window.WPLeafletMapPlugin || [];\nwindow.WPLeafletMapPlugin.push(function WPLeafletMapShortcode() {\/*<script>*\/\nvar baseUrl = atob('aHR0cHM6Ly9zZXJ2ZXIuYXJjZ2lzb25saW5lLmNvbS9BcmNHSVMvcmVzdC9zZXJ2aWNlcy9Xb3JsZF9JbWFnZXJ5L01hcFNlcnZlci90aWxlL3t6fS97eX0ve3h9LmpwZw==');\nvar base = (!baseUrl && window.MQ) ?\n    window.MQ.mapLayer() : L.tileLayer(baseUrl,\n        L.Util.extend({}, {\n            detectRetina: 0,\n        },\n        {\"subdomains\":\"abc\",\"noWrap\":false,\"maxZoom\":20}        )\n    );\n    var options = L.Util.extend({}, {\n        layers: [base],\n        attributionControl: false\n    },\n    {\"zoomControl\":false,\"scrollWheelZoom\":false,\"doubleClickZoom\":false,\"fitBounds\":false,\"minZoom\":0,\"maxZoom\":20,\"maxBounds\":null,\"attribution\":\"Tiles \\u00a9 Esri \\u2014 Source: Esri, i-cubed, USDA, USGS, AEX, GeoEye, Getmapping, Aerogrid, IGN, IGP, UPR-EGP, and the GIS User Community ; Icons made by Freepik from www.flaticon.com\"},\n    {});\nwindow.WPLeafletMapPlugin.createMap(options).setView([38,18],4);});<\/script><script>\nwindow.WPLeafletMapPlugin = window.WPLeafletMapPlugin || [];\nwindow.WPLeafletMapPlugin.push(function WPLeafletMarkerShortcode() {\/*<script>*\/\nvar map = window.WPLeafletMapPlugin.getCurrentMap();\nvar group = window.WPLeafletMapPlugin.getCurrentGroup();\nvar marker_options = window.WPLeafletMapPlugin.getIconOptions({\"iconUrl\":\"https:\\\/\\\/cpm.osupytheas.fr\\\/wp-content\\\/uploads\\\/2021\\\/06\\\/pin.png\",\"iconSize\":\"16,16\",\"iconAnchor\":\"8,18\"});\nvar marker = L.marker(\n    [32.296419798969,-6.191630859375],\n    marker_options\n);\nvar is_image = map.is_image_map;\nif (marker_options.draggable) {\n    marker.on('dragend', function () {\n        var latlng = this.getLatLng();\n        var lat = latlng.lat;\n        var lng = latlng.lng;\n        if (is_image) {\n            console.log('leaflet-marker y=' + lat + ' x=' + lng);\n        } else {\n            console.log('leaflet-marker lat=' + lat + ' lng=' + lng);\n        }\n    });\n}\nmarker.addTo( group );\nmarker.bindPopup(window.WPLeafletMapPlugin.unescape(' &lt;a href=\\&quot;https:\/\/cpm.osupytheas.fr\/index.php\/maroc\/\\&quot;&gt;Maroc&lt;\/a&gt; '));window.WPLeafletMapPlugin.markers.push( marker );\n        });<\/script><script>\nwindow.WPLeafletMapPlugin = window.WPLeafletMapPlugin || [];\nwindow.WPLeafletMapPlugin.push(function WPLeafletMarkerShortcode() {\/*<script>*\/\nvar map = window.WPLeafletMapPlugin.getCurrentMap();\nvar group = window.WPLeafletMapPlugin.getCurrentGroup();\nvar marker_options = window.WPLeafletMapPlugin.getIconOptions({\"iconUrl\":\"https:\\\/\\\/cpm.osupytheas.fr\\\/wp-content\\\/uploads\\\/2021\\\/06\\\/pin.png\",\"iconSize\":\"16,16\",\"iconAnchor\":\"8,18\"});\nvar marker = L.marker(\n    [42.719275360242,19.147060546875],\n    marker_options\n);\nvar is_image = map.is_image_map;\nif (marker_options.draggable) {\n    marker.on('dragend', function () {\n        var latlng = this.getLatLng();\n        var lat = latlng.lat;\n        var lng = latlng.lng;\n        if (is_image) {\n            console.log('leaflet-marker y=' + lat + ' x=' + lng);\n        } else {\n            console.log('leaflet-marker lat=' + lat + ' lng=' + lng);\n        }\n    });\n}\nmarker.addTo( group );\nmarker.bindPopup(window.WPLeafletMapPlugin.unescape(' &lt;a href=\\&quot;https:\/\/cpm.osupytheas.fr\/index.php\/montenegro-fr\/\\&quot;&gt;Mont\u00e9n\u00e9gro&lt;\/a&gt;'));window.WPLeafletMapPlugin.markers.push( marker );\n        });<\/script><script>\nwindow.WPLeafletMapPlugin = window.WPLeafletMapPlugin || [];\nwindow.WPLeafletMapPlugin.push(function WPLeafletMarkerShortcode() {\/*<script>*\/\nvar map = window.WPLeafletMapPlugin.getCurrentMap();\nvar group = window.WPLeafletMapPlugin.getCurrentGroup();\nvar marker_options = window.WPLeafletMapPlugin.getIconOptions({\"iconUrl\":\"https:\\\/\\\/cpm.osupytheas.fr\\\/wp-content\\\/uploads\\\/2021\\\/06\\\/pin.png\",\"iconSize\":\"16,16\",\"iconAnchor\":\"8,18\"});\nvar marker = L.marker(\n    [37.051032826488,32.91515625],\n    marker_options\n);\nvar is_image = map.is_image_map;\nif (marker_options.draggable) {\n    marker.on('dragend', function () {\n        var latlng = this.getLatLng();\n        var lat = latlng.lat;\n        var lng = latlng.lng;\n        if (is_image) {\n            console.log('leaflet-marker y=' + lat + ' x=' + lng);\n        } else {\n            console.log('leaflet-marker lat=' + lat + ' lng=' + lng);\n        }\n    });\n}\nmarker.addTo( group );\nmarker.bindPopup(window.WPLeafletMapPlugin.unescape(' &lt;a href=\\&quot;https:\/\/cpm.osupytheas.fr\/index.php\/turquie\/\\&quot;&gt;Turquie&lt;\/a&gt;'));window.WPLeafletMapPlugin.markers.push( marker );\n        });<\/script><script>\nwindow.WPLeafletMapPlugin = window.WPLeafletMapPlugin || [];\nwindow.WPLeafletMapPlugin.push(function WPLeafletMarkerShortcode() {\/*<script>*\/\nvar map = window.WPLeafletMapPlugin.getCurrentMap();\nvar group = window.WPLeafletMapPlugin.getCurrentGroup();\nvar marker_options = window.WPLeafletMapPlugin.getIconOptions({\"iconUrl\":\"https:\\\/\\\/cpm.osupytheas.fr\\\/wp-content\\\/uploads\\\/2021\\\/06\\\/pin.png\",\"iconSize\":\"16,16\",\"iconAnchor\":\"8,18\"});\nvar marker = L.marker(\n    [38.2,-2.8],\n    marker_options\n);\nvar is_image = map.is_image_map;\nif (marker_options.draggable) {\n    marker.on('dragend', function () {\n        var latlng = this.getLatLng();\n        var lat = latlng.lat;\n        var lng = latlng.lng;\n        if (is_image) {\n            console.log('leaflet-marker y=' + lat + ' x=' + lng);\n        } else {\n            console.log('leaflet-marker lat=' + lat + ' lng=' + lng);\n        }\n    });\n}\nmarker.addTo( group );\nmarker.bindPopup(window.WPLeafletMapPlugin.unescape('&lt;a href=\\&quot;https:\/\/cpm.osupytheas.fr\/index.php\/espagne\/\\&quot;&gt;Espagne&lt;\/a&gt;'));window.WPLeafletMapPlugin.markers.push( marker );\n        });<\/script><script>\nwindow.WPLeafletMapPlugin = window.WPLeafletMapPlugin || [];\nwindow.WPLeafletMapPlugin.push(function WPLeafletMarkerShortcode() {\/*<script>*\/\nvar map = window.WPLeafletMapPlugin.getCurrentMap();\nvar group = window.WPLeafletMapPlugin.getCurrentGroup();\nvar marker_options = window.WPLeafletMapPlugin.getIconOptions({\"iconUrl\":\"https:\\\/\\\/cpm.osupytheas.fr\\\/wp-content\\\/uploads\\\/2021\\\/06\\\/pin.png\",\"iconSize\":\"16,16\",\"iconAnchor\":\"8,18\"});\nvar marker = L.marker(\n    [37.740313292103,39.839172363281],\n    marker_options\n);\nvar is_image = map.is_image_map;\nif (marker_options.draggable) {\n    marker.on('dragend', function () {\n        var latlng = this.getLatLng();\n        var lat = latlng.lat;\n        var lng = latlng.lng;\n        if (is_image) {\n            console.log('leaflet-marker y=' + lat + ' x=' + lng);\n        } else {\n            console.log('leaflet-marker lat=' + lat + ' lng=' + lng);\n        }\n    });\n}\nmarker.addTo( group );\nmarker.bindPopup(window.WPLeafletMapPlugin.unescape(' &lt;a href=\\&quot;https:\/\/cpm.osupytheas.fr\/index.php\/turquie\/\\&quot;&gt;Karaca Da\u011f&lt;\/a&gt;'));window.WPLeafletMapPlugin.markers.push( marker );\n        });<\/script><\/p>\n\n\n\n<div style=\"height:50px\" aria-hidden=\"true\" class=\"wp-block-spacer\"><\/div>\n\n\n\n<p>Les gens des temps modernes ont commenc\u00e9 \u00e0 remettre en question leurs propres modes de vie en essayant de r\u00e9investir et d\u2019habiter un monde perdu qui, autrefois, leur semblait vibrer en harmonie avec la nature. Mais comment rendre cela possible, sur notre plan\u00e8te qui subit des perturbations rapides, tellement consum\u00e9e par sa propre dynamique globale que la plupart d\u2019entre nous peuvent \u00e0 peine saisir ou contr\u00f4ler ?<\/p>\n\n\n\n<p>Les transformations induites par le progr\u00e8s ne peuvent \u00eatre con\u00e7ues comme un processus lin\u00e9aire, mais plut\u00f4t comme un processus en spirale multidimensionnelle, faisant \u00e9ternellement des boucles en avant et en arri\u00e8re, en qu\u00eate perp\u00e9tuelle d\u2019un mode de vie durable. Certains de ces modes de vie perdurent autour de nous, parfois \u00e0 proximit\u00e9 et sans que l\u2019on ne s\u2019en rende compte. Ces traditions sont porteuses de le\u00e7ons que nous ne devons ni ignorer, ni oublier.&nbsp;<\/p>\n\n\n\n<p>Les petites communaut\u00e9s pastorales transhumantes qui gouvernent et conservent collectivement leurs milieux sont un exemple merveilleux de ce ph\u00e9nom\u00e8ne. Ces communaut\u00e9s humaines et leurs troupeaux fournissent des produits recherch\u00e9s et des denr\u00e9es alimentaires, parmi les meilleures du monde, souvent m\u00e9connues d&#8217;autres soci\u00e9t\u00e9s. Malgr\u00e9 les menaces multiples auxquelles elles doivent faire face, et \u00e0 travers leurs syst\u00e8mes ing\u00e9nieux de gouvernance pastorale, ces communaut\u00e9s restent encore aujourd\u2019hui les garants et les protecteurs de la biodiversit\u00e9 et de la qualit\u00e9 des paysages, parmi les plus beaux des montagnes m\u00e9diterran\u00e9ennes.<\/p>\n\n\n\n<div style=\"height:50px\" aria-hidden=\"true\" class=\"wp-block-spacer\"><\/div>\n\n\n\n<figure class=\"wp-block-image alignfull size-full\"><img loading=\"lazy\" decoding=\"async\" width=\"1280\" height=\"1600\" src=\"https:\/\/cpm.osupytheas.fr\/wp-content\/uploads\/2021\/05\/l2.jpg\" alt=\"\" class=\"wp-image-64\" srcset=\"https:\/\/cpm.osupytheas.fr\/wp-content\/uploads\/2021\/05\/l2.jpg 1280w, https:\/\/cpm.osupytheas.fr\/wp-content\/uploads\/2021\/05\/l2-240x300.jpg 240w, https:\/\/cpm.osupytheas.fr\/wp-content\/uploads\/2021\/05\/l2-819x1024.jpg 819w, https:\/\/cpm.osupytheas.fr\/wp-content\/uploads\/2021\/05\/l2-768x960.jpg 768w, https:\/\/cpm.osupytheas.fr\/wp-content\/uploads\/2021\/05\/l2-1229x1536.jpg 1229w\" sizes=\"auto, (max-width: 1280px) 100vw, 1280px\" \/><\/figure>\n\n\n\n<p><em>Titre:&nbsp;<strong><strong><em>La diversit\u00e9 c\u2019est la vie<\/em><\/strong><\/strong><\/em><br><em>Auteur &amp; Droits:&nbsp;gauche \u00e0 droite, de haut en bas:<br>Wake Up Films, Sinjajevina (Mont\u00e9n\u00e9gro), 2020<br>Nikola LU\u010cI\u0106, Sinjajevina (Mont\u00e9n\u00e9gro), 2019<br>Association des amis du Zat, Yagur (Maroc), 2014<br>\u0130nan\u00e7 TEKG\u00dc\u00c7, High Atlas (Maroc), 2019<br>Nada PEROVI\u0106, Sinjajevina (Mont\u00e9n\u00e9gro), 2020<br>Wake Up Films, Sinjajevina (Mont\u00e9n\u00e9gro), 2019<br>G\u00fcl Ertunan KARAASLAN, Toros Mountains (Turquie), 2016<br>Francisco GODOY, Castril (Espagne), 2018<\/em><\/p>\n\n\n\n<div style=\"height:50px\" aria-hidden=\"true\" class=\"wp-block-spacer\"><\/div>\n\n\n\n<p>Ces communaut\u00e9s conservent des liens interg\u00e9n\u00e9rationnels forts avec leurs territoires. Elles n\u00e9gocient en permanence et prennent collectivement des d\u00e9cisions concernant l&#8217;utilisation de leurs ressources afin d&#8217;en assurer une utilisation durable ainsi qu&#8217;un acc\u00e8s relativement \u00e9quitable pour l&#8217;ensemble des membres, tout en exprimant envers la terre leur reconnaissance par le biais de nombreux rites et festivit\u00e9s qui renouvellent leur identit\u00e9 de pasteurs et le sens de leurs existences. &nbsp;Leurs modes de vie comportent de nombreux avantages, tant sur le plan socioculturel qu&#8217;environnemental. A tel point que les territoires conserv\u00e9s par des communaut\u00e9s sont reconnus par des institutions comme les <a href=\"https:\/\/www.iccaregistry.org\/\">Nations-unies<\/a>, la <a href=\"https:\/\/www.cbd.int\/doc\/publications\/cbd-ts-64-en.pdf\">Convention pour la Biodiversit\u00e9<\/a> ou l&#8217;<a href=\"https:\/\/www.iucn.org\/news\/protected-areas\/201905\/iccas-biological-and-cultural-diversity\">Union Internationale pour la Conservation de la Nature<\/a>. Il est donc particuli\u00e8rement ironique de constater que ces communaut\u00e9s continuent \u00e0 se faire ali\u00e9ner, d\u00e9placer ou d\u00e9poss\u00e9der de leurs terres et des \u00e9cosyst\u00e8mes qu&#8217;elles contribuent si largement \u00e0 co-cr\u00e9er et qui n&#8217;existeraient pas sans leur pr\u00e9sence.&nbsp;&nbsp;<\/p>\n\n\n\n<p>Cette exposition est le fruit de travaux \u00e0 long terme et continus r\u00e9alis\u00e9s par plus de 20&nbsp;scientifiques, photographes, r\u00e9alisateurs cin\u00e9matographiques, membres de communaut\u00e9s locales et militants passionn\u00e9s par les modes de vie, les paysages et les communs pastoraux des montagnes de quatre pays m\u00e9diterran\u00e9ens, le Maroc, l&#8217;Espagne, le Mont\u00e9n\u00e9gro et la Turquie, o\u00f9 des cultures diff\u00e9rentes vivent et conservent leur <a href=\"https:\/\/www.iccaconsortium.org\/index.php\/fr\/decouvrir\/\">territoires de vie<\/a>. Berc\u00e9es dans des \u00e9cosyst\u00e8mes d&#8217;une diversit\u00e9 magnifique, elles partagent la capacit\u00e9 de vivre une vie dans un certain \u00e9quilibre, connect\u00e9es avec la nature, avec elles-m\u00eames et les autres. Elles nous donnent l\u2019opportunit\u00e9 de r\u00e9fl\u00e9chir, sur soi et sur le monde, et de transformer les aspirations humaines et les trajectoires globales que nous avons perdues aujourd\u2019hui.&nbsp;<\/p>\n\n\n\n<p>L&#8217;objectif de cette exposition n&#8217;est pas de proposer un descriptif de l&#8217;ensemble de ces syst\u00e8mes pastoraux, mais d&#8217;\u00e9voquer des valeurs et des vertus uniques qu&#8217;ils incarnent. Pour de nombreuses populations urbaines ou p\u00e9riurbaines, ces syst\u00e8mes sont d\u00e9suets, sans int\u00e9r\u00eat, r\u00e9trogrades et non durables. Cette exposition cherche \u00e0 transformer ce regard stigmatisant, et \u00e0 attirer l&#8217;attention vers les multiples richesses durables qui sont int\u00e9gr\u00e9es dans les vies de ces pasteurs m\u00e9diterran\u00e9ens mobiles. Tout en reconnaissant les multiples imperfections qui perdurent dans ces syst\u00e8mes, comme &nbsp;(par exemple, les nombreuses in\u00e9galit\u00e9s de genre ou interg\u00e9n\u00e9rationnelles, es dynamiques de pouvoir d\u00e9s\u00e9quilibr\u00e9es au sein des communaut\u00e9s d&#8217;\u00e9leveurs, etc., l&#8217;exposition cherche donc \u00e0 parler de la r\u00e9silience dont ils ont fait preuve ces syst\u00e8mes au fil des si\u00e8cles, voire des mill\u00e9naires, ainsi que des fa\u00e7ons dont ces modes de vie ont \u00e9volu\u00e9 dans certains des paysages, des cosmogonies et des syst\u00e8mes de connaissance les plus extraordinaires.&nbsp;<\/p>\n\n\n\n<p>L\u2019inspiration pour cr\u00e9er cette exposition est venue du constat que ces gens, leurs modes de vie et leurs \u00e9cologies sont devenus extr\u00eamement fragiles, au fur et \u00e0 mesure qu&#8217;ils se font engloutir par les forces de la globalisation et par le contr\u00f4le des Etats. Les facteurs qui menacent leur existence se renforcent chaque ann\u00e9e, et ils sont nombreux&nbsp;! Par exemple le manque d\u2019incitations gouvernementales ou sociales, le vieillissement des populations, le changement climatique, le tourisme de masse, l&#8217;agriculture intensive, la rapacit\u00e9 des multinationales qui promeuvent l&#8217;accaparement des terres, ainsi que des choix politiques agressifs comme l\u2019illustre ici en particulier le cas mont\u00e9n\u00e9grin, mais aussi bien d&#8217;autres. Il est donc urgent et primordial de relever l&#8217;ensemble de ces enjeux avec audace et courage, afin de conserver et de prot\u00e9ger ces lieux, ces populations, ces produits, cette nature, ces cultures et ces modes de vie irrempla\u00e7ables, autant pour le b\u00e9n\u00e9fice des communaut\u00e9s elles-m\u00eames que pour l&#8217;humanit\u00e9 et pour la biosph\u00e8re dans son ensemble.&nbsp;<\/p>\n\n\n\n<div style=\"height:50px\" aria-hidden=\"true\" class=\"wp-block-spacer\"><\/div>\n\n\n\n<figure class=\"wp-block-video\"><video height=\"720\" style=\"aspect-ratio: 1280 \/ 720;\" width=\"1280\" controls poster=\"https:\/\/cpm.osupytheas.fr\/wp-content\/uploads\/2021\/07\/Med-Commons_eng_720_thumb1.jpg\" src=\"https:\/\/cpm.osupytheas.fr\/wp-content\/uploads\/2021\/07\/Med-Commons_eng_720.mp4\"><\/video><\/figure>\n\n\n\n<p><em>Titre:&nbsp;<strong><strong><em>Introduction aux communs pastoraux des montagnes m\u00e9diterran\u00e9ennes<\/em><\/strong><\/strong><br>Ann\u00e9e: 2020 <br>Lieu: Toulouse (France) <br>Auteur &amp; Droits: Pablo DOMINGUEZ <\/em><\/p>\n\n\n\n<hr class=\"wp-block-separator is-style-dots\"\/>\n\n\n\n<div style=\"height:50px\" aria-hidden=\"true\" class=\"wp-block-spacer\"><\/div>\n\n\n\n<p><strong>Remerciements<\/strong><\/p>\n\n\n\n<p>Nous tenons \u00e0 remercier toutes les communaut\u00e9s locales repr\u00e9sent\u00e9es dans cette exposition qui ont accept\u00e9 de raconter leurs histoires, ainsi que tous les co-auteurs, les photographes, les cin\u00e9astes, les reviewers, et tout particuli\u00e8rement Margherita FERRARIO et Sushma IYENGAR pour leurs commentaires pertinents, et Didier Zevaco pour la mise en forme de cette exposition virtuelle , qui tous ensemble ont rendu possible cette exposition, tout comme les nombreuses organisations et bailleurs de fonds qui ont apport\u00e9 leur soutien \u00e0 ce travail d&#8217;une fa\u00e7on ou d&#8217;une autre. La traduction fran\u00e7aise de tous les textes de l\u2019exposition a \u00e9t\u00e9 revue par Bruno Romagny.<\/p>\n\n\n\n<p><strong>Texte et composition <\/strong>par <a href=\"http:\/\/w3.geode.univ-tlse2.fr\/permanents\/dominguez.php\">Pablo DOMINGUEZ<\/a><\/p>\n\n\n\n<hr class=\"wp-block-separator is-style-dots\"\/>\n","protected":false},"excerpt":{"rendered":"<p>Titre:&nbsp;Mirages &#8211; Ann\u00e9e:&nbsp;2019 &#8211; Lieu:&nbsp;Fuente Segura (Espagne) &#8211; Auteur &amp; Droits:&nbsp;Pau SANOSA Position des diff\u00e9rents syst\u00e8mes pastoraux pr\u00e9sent\u00e9s dans cette exposition&nbsp;(encart avec l&#8217;aimable autorisation de &hellip;<\/p>\n","protected":false},"author":2,"featured_media":63,"parent":0,"menu_order":1,"comment_status":"closed","ping_status":"closed","template":"","meta":{"footnotes":""},"class_list":["post-628","page","type-page","status-publish","has-post-thumbnail","hentry"],"_links":{"self":[{"href":"https:\/\/cpm.osupytheas.fr\/index.php\/wp-json\/wp\/v2\/pages\/628","targetHints":{"allow":["GET"]}}],"collection":[{"href":"https:\/\/cpm.osupytheas.fr\/index.php\/wp-json\/wp\/v2\/pages"}],"about":[{"href":"https:\/\/cpm.osupytheas.fr\/index.php\/wp-json\/wp\/v2\/types\/page"}],"author":[{"embeddable":true,"href":"https:\/\/cpm.osupytheas.fr\/index.php\/wp-json\/wp\/v2\/users\/2"}],"replies":[{"embeddable":true,"href":"https:\/\/cpm.osupytheas.fr\/index.php\/wp-json\/wp\/v2\/comments?post=628"}],"version-history":[{"count":9,"href":"https:\/\/cpm.osupytheas.fr\/index.php\/wp-json\/wp\/v2\/pages\/628\/revisions"}],"predecessor-version":[{"id":754,"href":"https:\/\/cpm.osupytheas.fr\/index.php\/wp-json\/wp\/v2\/pages\/628\/revisions\/754"}],"wp:featuredmedia":[{"embeddable":true,"href":"https:\/\/cpm.osupytheas.fr\/index.php\/wp-json\/wp\/v2\/media\/63"}],"wp:attachment":[{"href":"https:\/\/cpm.osupytheas.fr\/index.php\/wp-json\/wp\/v2\/media?parent=628"}],"curies":[{"name":"wp","href":"https:\/\/api.w.org\/{rel}","templated":true}]}}