{"id":633,"date":"2021-08-23T11:43:57","date_gmt":"2021-08-23T09:43:57","guid":{"rendered":"https:\/\/cpm.osupytheas.fr\/?page_id=633"},"modified":"2021-08-23T15:54:42","modified_gmt":"2021-08-23T13:54:42","slug":"maroc","status":"publish","type":"page","link":"https:\/\/cpm.osupytheas.fr\/index.php\/maroc\/","title":{"rendered":"Maroc"},"content":{"rendered":"\n<p class=\"has-small-font-size\">Titre:&nbsp;<strong><em>Transhumant<\/em><\/strong> &#8211; Ann\u00e9e:&nbsp;2019 &#8211; Lieu:&nbsp;Saghrou (Maroc) &#8211; Auteur &amp; Droits:&nbsp;Inan\u00e7 TEKG\u00dc\u00c7<\/p>\n\n\n\n<div style=\"height:50px\" aria-hidden=\"true\" class=\"wp-block-spacer\"><\/div>\n\n\n\n<h2 class=\"wp-block-heading\"><strong>SUR LE LONG PARCOURS&nbsp;:<\/strong> <strong>A\u00eft Atta, les transhumants du Haut Atlas, Maroc<\/strong><\/h2>\n\n\n\n<p>C\u2019est comment d\u2019\u00eatre un individu au sein d&#8217;une tribu&nbsp;? Cela fait quoi \u00e9tant donn\u00e9 que, d\u00e8s sa naissance, on appartient \u00e0 une communaut\u00e9 plus large de pasteurs transhumants&nbsp;? Qu\u2019est-ce que cela fait quand on gravit les montagnes de l&#8217;Atlas en direction de l\u2019<em>agdal<\/em> d&#8217;Igourdane, commun pastoral o\u00f9 l\u2019on retourne chaque ann\u00e9e, dans un voyage qui n&#8217;a jamais chang\u00e9 autant que s\u2019en souvienne la m\u00e9moire du sang&nbsp;? Lorsqu&#8217;il n&#8217;y a que toi, ta tribu, ton troupeau, et l&#8217;immense nuit africaine ?<\/p>\n\n\n\n<p>L\u00e0-haut, on semble souvent \u00eatre moins singulier, et plus une partie significative d\u2019un tout.<\/p>\n\n\n\n<div style=\"height:50px\" aria-hidden=\"true\" class=\"wp-block-spacer\"><\/div>\n\n\n\n<figure class=\"wp-block-image alignfull size-full\"><img loading=\"lazy\" decoding=\"async\" width=\"1302\" height=\"748\" src=\"https:\/\/cpm.osupytheas.fr\/wp-content\/uploads\/2021\/05\/M2.jpg\" alt=\"\" class=\"wp-image-67\" srcset=\"https:\/\/cpm.osupytheas.fr\/wp-content\/uploads\/2021\/05\/M2.jpg 1302w, https:\/\/cpm.osupytheas.fr\/wp-content\/uploads\/2021\/05\/M2-300x172.jpg 300w, https:\/\/cpm.osupytheas.fr\/wp-content\/uploads\/2021\/05\/M2-1024x588.jpg 1024w, https:\/\/cpm.osupytheas.fr\/wp-content\/uploads\/2021\/05\/M2-768x441.jpg 768w\" sizes=\"auto, (max-width: 1302px) 100vw, 1302px\" \/><\/figure>\n\n\n\n<p><em>Titre: <strong><strong><em>Localisation des p\u00e2turages d&#8217;altitude d&#8217;Igourdane et des principaux parcours de transhumance<\/em><\/strong><\/strong><br>Ann\u00e9e:&nbsp;2021<br>Lieu:&nbsp;Igourdane (Maroc)<br>Auteur &amp; Droits: Pablo Dom\u00ednguez (encadr\u00e9 avec permission de Google Earth Engine).<\/em><\/p>\n\n\n\n<div style=\"height:50px\" aria-hidden=\"true\" class=\"wp-block-spacer\"><\/div>\n\n\n\n<figure class=\"wp-block-image alignfull size-full\"><img loading=\"lazy\" decoding=\"async\" width=\"1536\" height=\"1332\" src=\"https:\/\/cpm.osupytheas.fr\/wp-content\/uploads\/2021\/05\/M3.jpg\" alt=\"\" class=\"wp-image-68\" srcset=\"https:\/\/cpm.osupytheas.fr\/wp-content\/uploads\/2021\/05\/M3.jpg 1536w, https:\/\/cpm.osupytheas.fr\/wp-content\/uploads\/2021\/05\/M3-300x260.jpg 300w, https:\/\/cpm.osupytheas.fr\/wp-content\/uploads\/2021\/05\/M3-1024x888.jpg 1024w, https:\/\/cpm.osupytheas.fr\/wp-content\/uploads\/2021\/05\/M3-768x666.jpg 768w\" sizes=\"auto, (max-width: 1536px) 100vw, 1536px\" \/><\/figure>\n\n\n\n<p><em>Titre:&nbsp;<strong><strong><em>Les agdals communautaires \u00e0 travers les saisons<\/em><\/strong><\/strong><br>Ann\u00e9e:&nbsp;2019<br>Lieu: Igourdane (Maroc)<br>Auteur &amp; Droits: Inan\u00e7 TEKG\u00dc\u00c7<\/em><\/p>\n\n\n\n<div style=\"height:50px\" aria-hidden=\"true\" class=\"wp-block-spacer\"><\/div>\n\n\n\n<p>Tout au long des d\u00e9placements saisonniers des pasteurs, vers les hauteurs \u00e0 la fin du printemps, vers les plaines et vall\u00e9es en automne, les paysages de <em>l&#8217;agdal<\/em> se transforment radicalement, enneig\u00e9s en hiver, verdoyants avec l&#8217;herbe vibrante au printemps, et enti\u00e8rement brout\u00e9s \u00e0 la fin de l&#8217;\u00e9t\u00e9. Gr\u00e2ce \u00e0 une organisation collective et \u00e0 l&#8217;interdiction de pa\u00eetre lors de certaines p\u00e9riodes cl\u00e9s qui permettent le renouvellement des p\u00e2turages et leur revitalisation chaque ann\u00e9e !&nbsp;<\/p>\n\n\n\n<div style=\"height:50px\" aria-hidden=\"true\" class=\"wp-block-spacer\"><\/div>\n\n\n\n<h3 class=\"has-text-align-center wp-block-heading\"><strong>Ta maison<\/strong><\/h3>\n\n\n\n<p class=\"has-text-align-center\"><em><em>Ta maison n&#8217;est pas \u00e0 toi, elle appartient \u00e0 la Terre<\/em><\/em><\/p>\n\n\n\n<div style=\"height:50px\" aria-hidden=\"true\" class=\"wp-block-spacer\"><\/div>\n\n\n\n<figure class=\"wp-block-image alignfull size-full\"><img loading=\"lazy\" decoding=\"async\" width=\"1380\" height=\"946\" src=\"https:\/\/cpm.osupytheas.fr\/wp-content\/uploads\/2021\/05\/M4.jpg\" alt=\"\" class=\"wp-image-69\" srcset=\"https:\/\/cpm.osupytheas.fr\/wp-content\/uploads\/2021\/05\/M4.jpg 1380w, https:\/\/cpm.osupytheas.fr\/wp-content\/uploads\/2021\/05\/M4-300x206.jpg 300w, https:\/\/cpm.osupytheas.fr\/wp-content\/uploads\/2021\/05\/M4-1024x702.jpg 1024w, https:\/\/cpm.osupytheas.fr\/wp-content\/uploads\/2021\/05\/M4-768x526.jpg 768w\" sizes=\"auto, (max-width: 1380px) 100vw, 1380px\" \/><\/figure>\n\n\n\n<p><em>Titre:&nbsp;<strong><strong><em>Liens bioculturels<\/em><\/strong><\/strong><br>Ann\u00e9e:&nbsp;2019<br>Lieu&nbsp;Saghrou (Maroc)<br>Auteur &amp; Droits:&nbsp;Eda Elif TIBET<\/em><\/p>\n\n\n\n<div style=\"height:50px\" aria-hidden=\"true\" class=\"wp-block-spacer\"><\/div>\n\n\n\n<p>Au sein de l&#8217;<em>agdal<\/em>, la Terre semble aussi pr\u00e9cieuse qu&#8217;elle l\u2019a toujours \u00e9t\u00e9.<\/p>\n\n\n\n<p>L&#8217;<em>agdal<\/em> est une forme de \u00ab&nbsp;bricolage&nbsp;\u00bb diffus, dont le nom r\u00e9v\u00e8le son secret. R\u00e9pandu \u00e0 travers l&#8217;ensemble de l&#8217;Afrique du nord-ouest,le terme <em>agdal<\/em> est d\u00e9riv\u00e9 de la racine berb\u00e8re \u00ab&nbsp;GDL&nbsp;\u00bb qui peut recouvrir diverses significations telles que \u00ab&nbsp;protection&nbsp;\u00bb, \u00ab&nbsp;interdiction&nbsp;\u00bb, un \u00ab&nbsp;territoire&nbsp;\u00bb en soi, voire l\u2019action de \u00ab&nbsp;pa\u00eetre&nbsp;\u00bb. Dans le Haut Atlas, il se r\u00e9f\u00e8re le plus souvent \u00e0 un ancien syst\u00e8me de gouvernance de la ressource communautaire, mais aussi au territoire prot\u00e9g\u00e9 lui-m\u00eame&nbsp;: quel homonyme r\u00e9v\u00e9lateur ! &nbsp;<\/p>\n\n\n\n<p>Igourdane est l&#8217;un de ces vastes <em>agdals<\/em> pastoraux d&#8217;altitude, d\u2019une superficie de plus de 4&nbsp;000 ha (40&nbsp;km<sup>2<\/sup>), g\u00e9r\u00e9 collectivement par trois tribus. Chaque ann\u00e9e, ces tribus d\u00e9cident de fermer l&#8217;<em>agdal<\/em> au p\u00e2turage au mois d&#8217;avril, et de ne pas l&#8217;ouvrir avant le d\u00e9but du mois de juin, permettant ainsi la r\u00e9g\u00e9n\u00e9ration de la v\u00e9g\u00e9tation. Quel exploit&nbsp;! Il implique que tous se r\u00e9unissent pour prendre des d\u00e9cisions pour le bien commun de l\u2019ensemble de la tribu, alors que dans nos soci\u00e9t\u00e9s fortement consommatrices, nous sommes souvent incapables de nous mettre d&#8217;accord, voire m\u00eame parler, entre voisins d&#8217;une m\u00eame ruelle&nbsp;! En moyenne, 250 familles appartenant aux trois tribus et 80&nbsp;000 animaux habitent l&#8217;<em>agdal<\/em> pendant l&#8217;\u00e9t\u00e9, tirant profit de la patience et la discipline dont ils ont fait preuve au printemps lorsqu&#8217;ils ont \u00e9t\u00e9 interdits d&#8217;entrer sur les pelouses verdoyantes et fleurissantes afin de leur permettre de bien pousser, pour le bien de la collectivit\u00e9. <\/p>\n\n\n\n<div style=\"height:50px\" aria-hidden=\"true\" class=\"wp-block-spacer\"><\/div>\n\n\n\n<h3 class=\"has-text-align-center wp-block-heading\"><strong>Ton nom<\/strong><\/h3>\n\n\n\n<p class=\"has-text-align-center\"><em><em>Ton nom n&#8217;est pas \u00e0 toi, il appartient au groupe<\/em><\/em><\/p>\n\n\n\n<div style=\"height:50px\" aria-hidden=\"true\" class=\"wp-block-spacer\"><\/div>\n\n\n\n<figure class=\"wp-block-image alignfull size-full\"><img loading=\"lazy\" decoding=\"async\" width=\"1438\" height=\"1418\" src=\"https:\/\/cpm.osupytheas.fr\/wp-content\/uploads\/2021\/05\/M5.jpg\" alt=\"\" class=\"wp-image-70\" srcset=\"https:\/\/cpm.osupytheas.fr\/wp-content\/uploads\/2021\/05\/M5.jpg 1438w, https:\/\/cpm.osupytheas.fr\/wp-content\/uploads\/2021\/05\/M5-300x296.jpg 300w, https:\/\/cpm.osupytheas.fr\/wp-content\/uploads\/2021\/05\/M5-1024x1010.jpg 1024w, https:\/\/cpm.osupytheas.fr\/wp-content\/uploads\/2021\/05\/M5-768x757.jpg 768w\" sizes=\"auto, (max-width: 1438px) 100vw, 1438px\" \/><\/figure>\n\n\n\n<p><em>Titre:<strong> <strong><em>Trois g\u00e9n\u00e9rations. La famille Ben Youssef<\/em><\/strong><\/strong><br>Ann\u00e9e:&nbsp;2019<br>Lieu:&nbsp;Saghrou &amp; Nkob (Maroc)<br>Auteur &amp; Droits:&nbsp;Inan\u00e7 TEKG\u00dc\u00c7<\/em><\/p>\n\n\n\n<div style=\"height:50px\" aria-hidden=\"true\" class=\"wp-block-spacer\"><\/div>\n\n\n\n<p>A\u00eft M\u2019hamed, A\u00eft Bouguemez et A\u00eft Atta&nbsp;: ce sont les noms des trois tribus qui mettent en <em>agdal<\/em> l&#8217;Igourdane. Les deux premi\u00e8res vivent relativement proches d&#8217;Igourdane. Mais la troisi\u00e8me s&#8217;engage chaque ann\u00e9e dans un voyage ardu de 150&nbsp;km \u00e0 pied pour monter et descendre l&#8217;<em>agdal<\/em>. Ces tribus ont suivi le rythme des saisons depuis des g\u00e9n\u00e9rations, dans un effort concert\u00e9 qui exige de chaque individu qu\u2019il se soumette et se conforme \u00e0 la volont\u00e9 collective.&nbsp;<\/p>\n\n\n\n<p>La plupart des A\u00eft Atta laissent leurs enfants en ville chez des parents jusqu&#8217;\u00e0 ce qu&#8217;ils atteignent l&#8217;\u00e2ge de pouvoir se joindre aux autres membres de la famille, dans un destin que beaucoup d&#8217;entre eux accompliront de mani\u00e8re cyclique jusqu\u2019au terme de leur existence. Les m\u00e8res et les p\u00e8res accompagnent ce parcours vers les hauteurs. Se d\u00e9placer ensemble en tant que destin, l&#8217;oubli comme n\u00e9cessit\u00e9. Il est quasiment impossible pour quelqu&#8217;un qui n&#8217;a pas grandi avec cette vision profonde des p\u00e2turages d&#8217;imaginer m\u00eame ce que cela repr\u00e9sente de devenir un \u00e9l\u00e9ment pleinement int\u00e9gr\u00e9 de cet ensemble.<\/p>\n\n\n\n<div style=\"height:50px\" aria-hidden=\"true\" class=\"wp-block-spacer\"><\/div>\n\n\n\n<figure class=\"wp-block-video\"><video height=\"720\" style=\"aspect-ratio: 1280 \/ 720;\" width=\"1280\" controls poster=\"https:\/\/cpm.osupytheas.fr\/wp-content\/uploads\/2021\/07\/AIT-ATTA_TRAILER_FINAL_thumb1.jpg\" src=\"https:\/\/cpm.osupytheas.fr\/wp-content\/uploads\/2021\/06\/AIT-ATTA_TRAILER_FINAL.m4v\"><\/video><\/figure>\n\n\n\n<p><em>Titre:&nbsp;<strong>A\u00eft Atta: <strong><em>nomades du Haut Atlas<\/em><\/strong><\/strong><br>Ann\u00e9e:&nbsp;2020<br>Lieu:&nbsp;Haut Atlas (Maroc)<br>Auteur &amp; Droits:&nbsp;Inan\u00e7 TEKG\u00dc\u00c7,&nbsp; Eda Elif TIBET &amp; KARMAMOTION<br>Site web:&nbsp;<a href=\"https:\/\/www.karmamotion.com\/aitatta\">https:\/\/www.karmamotion.com\/aitatta<\/a><\/em><\/p>\n\n\n\n<div style=\"height:50px\" aria-hidden=\"true\" class=\"wp-block-spacer\"><\/div>\n\n\n\n<h3 class=\"has-text-align-center wp-block-heading\"><strong>Ton corps<\/strong><\/h3>\n\n\n\n<p class=\"has-text-align-center\"><em><em>Ton corps n&#8217;est pas \u00e0 toi, il appartient au troupeau<\/em><\/em><\/p>\n\n\n\n<div style=\"height:50px\" aria-hidden=\"true\" class=\"wp-block-spacer\"><\/div>\n\n\n\n<figure class=\"wp-block-image alignfull size-full\"><img loading=\"lazy\" decoding=\"async\" width=\"1534\" height=\"1024\" src=\"https:\/\/cpm.osupytheas.fr\/wp-content\/uploads\/2021\/05\/M7.jpg\" alt=\"\" class=\"wp-image-72\" srcset=\"https:\/\/cpm.osupytheas.fr\/wp-content\/uploads\/2021\/05\/M7.jpg 1534w, https:\/\/cpm.osupytheas.fr\/wp-content\/uploads\/2021\/05\/M7-300x200.jpg 300w, https:\/\/cpm.osupytheas.fr\/wp-content\/uploads\/2021\/05\/M7-1024x684.jpg 1024w, https:\/\/cpm.osupytheas.fr\/wp-content\/uploads\/2021\/05\/M7-768x513.jpg 768w\" sizes=\"auto, (max-width: 1534px) 100vw, 1534px\" \/><\/figure>\n\n\n\n<p><em>Titre:&nbsp;<strong><strong><em>Nuits blanches <\/em><\/strong><\/strong><br>Ann\u00e9e:&nbsp;2019<br>Lieu:&nbsp;Haut Atlas <em>central<\/em> (Maroc)<br>Auteur &amp; Droits: Inan\u00e7 TEKG\u00dc\u00c7<\/em><\/p>\n\n\n\n<div style=\"height:50px\" aria-hidden=\"true\" class=\"wp-block-spacer\"><\/div>\n\n\n\n<p>Les ch\u00e8vres, les chameaux, les humains, les pistes, les montagnes, les vallons, les herbes, les pluies. Tous ont le m\u00eame poids dans l&#8217;air fin de l&#8217;<em>agdal<\/em>. Les humains ont abandonn\u00e9 depuis des lustres toute pr\u00e9tention de pouvoir maitriser les \u00e9l\u00e9ments. La nuit, ce sont les bergers qui doivent mettre terme \u00e0 leurs r\u00eaveries pour aller rassembler les animaux de leurs troupeaux afin de les emp\u00eacher de se disperser dans la faible lumi\u00e8re de la lune, sous les \u00e9toiles qui percent le ciel noir de leurs yeux scintillants.<\/p>\n\n\n\n<div style=\"height:50px\" aria-hidden=\"true\" class=\"wp-block-spacer\"><\/div>\n\n\n\n<figure class=\"wp-block-image alignfull size-full\"><img loading=\"lazy\" decoding=\"async\" width=\"1800\" height=\"1200\" src=\"https:\/\/cpm.osupytheas.fr\/wp-content\/uploads\/2021\/05\/M8.jpg\" alt=\"\" class=\"wp-image-73\" srcset=\"https:\/\/cpm.osupytheas.fr\/wp-content\/uploads\/2021\/05\/M8.jpg 1800w, https:\/\/cpm.osupytheas.fr\/wp-content\/uploads\/2021\/05\/M8-300x200.jpg 300w, https:\/\/cpm.osupytheas.fr\/wp-content\/uploads\/2021\/05\/M8-1024x683.jpg 1024w, https:\/\/cpm.osupytheas.fr\/wp-content\/uploads\/2021\/05\/M8-768x512.jpg 768w, https:\/\/cpm.osupytheas.fr\/wp-content\/uploads\/2021\/05\/M8-1536x1024.jpg 1536w, https:\/\/cpm.osupytheas.fr\/wp-content\/uploads\/2021\/05\/M8-1568x1045.jpg 1568w\" sizes=\"auto, (max-width: 1800px) 100vw, 1800px\" \/><\/figure>\n\n\n\n<p><em>Titre:&nbsp;<strong>L&#8217;eau c&#8217;est la vie<\/strong><br>Ann\u00e9e:&nbsp;2019<br>Lieu:&nbsp;Saghrou (Maroc)<br>Auteur &amp; Droits: Inan\u00e7 TEKG\u00dc\u00c7<\/em><\/p>\n\n\n\n<div style=\"height:50px\" aria-hidden=\"true\" class=\"wp-block-spacer\"><\/div>\n\n\n\n<p>L\u00e0-haut, dans les montagnes pr\u00e9sahariennes, on peut faire un pas en arri\u00e8re par rapport \u00e0 nos besoins habituels et accorder plus de place aux pulsions humaines primordiales&nbsp;: la faim, la fatigue, la soif. La topographie et le climat de ces r\u00e9gions pastorales les rendent difficiles d&#8217;acc\u00e8s&nbsp;; c\u2019est donc la pr\u00e9sence ou l&#8217;absence de l&#8217;eau qui est \u00e0 la base de toute d\u00e9cision. Comme l&#8217;affirme l&#8217;ancien proverbe &nbsp;Amazigh\/Berb\u00e8re&nbsp;: <em>aman ilman<\/em> (l&#8217;eau c&#8217;est la vie).<\/p>\n\n\n\n<div style=\"height:50px\" aria-hidden=\"true\" class=\"wp-block-spacer\"><\/div>\n\n\n\n<figure class=\"wp-block-image alignfull size-full\"><img loading=\"lazy\" decoding=\"async\" width=\"1382\" height=\"923\" src=\"https:\/\/cpm.osupytheas.fr\/wp-content\/uploads\/2021\/05\/M9.jpg\" alt=\"\" class=\"wp-image-74\" srcset=\"https:\/\/cpm.osupytheas.fr\/wp-content\/uploads\/2021\/05\/M9.jpg 1382w, https:\/\/cpm.osupytheas.fr\/wp-content\/uploads\/2021\/05\/M9-300x200.jpg 300w, https:\/\/cpm.osupytheas.fr\/wp-content\/uploads\/2021\/05\/M9-1024x684.jpg 1024w, https:\/\/cpm.osupytheas.fr\/wp-content\/uploads\/2021\/05\/M9-768x513.jpg 768w\" sizes=\"auto, (max-width: 1382px) 100vw, 1382px\" \/><\/figure>\n\n\n\n<p><em>Titre:&nbsp;<strong><strong><em>Connaissances partag\u00e9es<\/em><\/strong><\/strong><br>Ann\u00e9e: 2019<br>Lieu:&nbsp;Dades (Maroc)<br>Auteur &amp; Droits:&nbsp;Inan\u00e7 TEKG\u00dc\u00c7<\/em><\/p>\n\n\n\n<div style=\"height:50px\" aria-hidden=\"true\" class=\"wp-block-spacer\"><\/div>\n\n\n\n<p>Mais on ne peut pas satisfaire ces pulsions tout seul. L\u00e0-haut, d\u00e9passer les notions de libert\u00e9 individuelle, si sacr\u00e9es dans la culture occidentale urbaine, est une lib\u00e9ration. Mais ici, les bergers se r\u00e9jouissent de se laisser aller, de se laisser guider vers les p\u00e2turages par d&#8217;autres de leur groupe.<\/p>\n\n\n\n<p>Les <em>agdals<\/em>, s&#8217;ils sont g\u00e9r\u00e9s correctement, sont connus pour leur importante contribution \u00e0 la conservation socio-\u00e9cologique, \u00e0 plusieurs titres&nbsp;: en r\u00e9duisant la pression pastorale, en favorisant le cycle reproducteur de la v\u00e9g\u00e9tation, en conservant des races traditionnelles d&#8217;animaux ainsi qu&#8217;une culture unique et intangible, en enrichissant la biodiversit\u00e9 globale et en assurant la protection d&#8217;autres ressources naturelles telles que l&#8217;eau et les sols.<\/p>\n\n\n\n<p>Mais ils sont menac\u00e9s.<\/p>\n\n\n\n<p>Toute une s\u00e9rie de difficult\u00e9s, en lien aussi avec le changement climatique, comme le difficile maintien d&#8217;un mode de vie pastoral, les conditions rudes et fortement variables, le contexte socio-\u00e9conomique changeant avec tr\u00e8s peu d&#8217;aide de la part de l&#8217;\u00c9tat, tout cela contribue au recul des pratiques d&#8217;<em>agdal<\/em>. Ces syst\u00e8mes sont en r\u00e9gression, avec de moins en moins de familles et d&#8217;animaux qui s\u2019engagent chaque ann\u00e9e dans la transhumance vers les p\u00e2turages, et avec les nouvelles g\u00e9n\u00e9rations qui ne souhaitent pas continuer tant que pr\u00e9domine la duret\u00e9 des conditions de cette vie pastorale. &nbsp;<\/p>\n\n\n\n<p>C&#8217;est l\u00e0 que notre responsabilit\u00e9 doit s\u2019engager. Nous devons contribuer \u00e0 cr\u00e9er les conditions qui permettront \u00e0 ces tribus d\u2019Afrique du nord de maintenir Igourdane comme le magnifique <em>agdal<\/em> qu&#8217;il est encore aujourd&#8217;hui, avec ses valeurs naturelles et culturelles uniques, car aucune vie consacr\u00e9e \u00e0 la durabilit\u00e9 ne peut devenir insoutenable !<\/p>\n\n\n\n<hr class=\"wp-block-separator is-style-dots\"\/>\n\n\n\n<div style=\"height:50px\" aria-hidden=\"true\" class=\"wp-block-spacer\"><\/div>\n\n\n\n<p><strong>Remerciements<\/strong><\/p>\n\n\n\n<p>Nous souhaitons remercier les membres de la famille Ben Youssef qui ont partag\u00e9 avec nous leur voyage et leurs traditions, ainsi que KARMAMOTION qui a film\u00e9 et assur\u00e9 la coproduction afin de faire de ce voyage \u00e9poustouflant un film documentaire. Nous signalons aussi la contribution de la communaut\u00e9 locale d&#8217;Ait M\u2019hamed et de ses dirigeants, l&#8217;Association pour le D\u00e9veloppement des nomades du Saghro, l&#8217;\u00e9quipe GDF-MBLA dans son ensemble ainsi que la fondation MAVA et l&#8217;Initiative Darwin pour leur soutien financier tout le long de ce voyage.<\/p>\n\n\n\n<div style=\"height:50px\" aria-hidden=\"true\" class=\"wp-block-spacer\"><\/div>\n\n\n\n<p><strong>Texte et composition <\/strong>par Eda Elif TIBET, Pablo DOMINGUEZ, Pommelien DA SILVA, Inan\u00e7 TEKG\u00dc\u00c7, Soufiane M\u2019SOU, Ugo D&#8217;AMBROSIO et Emily CARUSO.<\/p>\n\n\n\n<hr class=\"wp-block-separator is-style-dots\"\/>\n\n\n\n<div style=\"height:50px\" aria-hidden=\"true\" class=\"wp-block-spacer\"><\/div>\n\n\n\n<p><\/p>\n","protected":false},"excerpt":{"rendered":"<p>Titre:&nbsp;Transhumant &#8211; Ann\u00e9e:&nbsp;2019 &#8211; Lieu:&nbsp;Saghrou (Maroc) &#8211; Auteur &amp; Droits:&nbsp;Inan\u00e7 TEKG\u00dc\u00c7 SUR LE LONG PARCOURS&nbsp;: A\u00eft Atta, les transhumants du Haut Atlas, Maroc C\u2019est comment &hellip;<\/p>\n","protected":false},"author":2,"featured_media":66,"parent":0,"menu_order":2,"comment_status":"closed","ping_status":"closed","template":"","meta":{"footnotes":""},"class_list":["post-633","page","type-page","status-publish","has-post-thumbnail","hentry"],"_links":{"self":[{"href":"https:\/\/cpm.osupytheas.fr\/index.php\/wp-json\/wp\/v2\/pages\/633","targetHints":{"allow":["GET"]}}],"collection":[{"href":"https:\/\/cpm.osupytheas.fr\/index.php\/wp-json\/wp\/v2\/pages"}],"about":[{"href":"https:\/\/cpm.osupytheas.fr\/index.php\/wp-json\/wp\/v2\/types\/page"}],"author":[{"embeddable":true,"href":"https:\/\/cpm.osupytheas.fr\/index.php\/wp-json\/wp\/v2\/users\/2"}],"replies":[{"embeddable":true,"href":"https:\/\/cpm.osupytheas.fr\/index.php\/wp-json\/wp\/v2\/comments?post=633"}],"version-history":[{"count":3,"href":"https:\/\/cpm.osupytheas.fr\/index.php\/wp-json\/wp\/v2\/pages\/633\/revisions"}],"predecessor-version":[{"id":648,"href":"https:\/\/cpm.osupytheas.fr\/index.php\/wp-json\/wp\/v2\/pages\/633\/revisions\/648"}],"wp:featuredmedia":[{"embeddable":true,"href":"https:\/\/cpm.osupytheas.fr\/index.php\/wp-json\/wp\/v2\/media\/66"}],"wp:attachment":[{"href":"https:\/\/cpm.osupytheas.fr\/index.php\/wp-json\/wp\/v2\/media?parent=633"}],"curies":[{"name":"wp","href":"https:\/\/api.w.org\/{rel}","templated":true}]}}