{"id":640,"date":"2021-08-23T14:31:36","date_gmt":"2021-08-23T12:31:36","guid":{"rendered":"https:\/\/cpm.osupytheas.fr\/?page_id=640"},"modified":"2021-08-23T15:55:18","modified_gmt":"2021-08-23T13:55:18","slug":"montenegro-fr","status":"publish","type":"page","link":"https:\/\/cpm.osupytheas.fr\/index.php\/montenegro-fr\/","title":{"rendered":"Mont\u00e9n\u00e9gro"},"content":{"rendered":"\n<p class=\"has-small-font-size\"><em>Titre: <strong>Friction&nbsp;<\/strong> Ann\u00e9e:&nbsp;2019  Lieu:&nbsp;Sinja(je)vina (Mont\u00e9n\u00e9gro) Auteur &amp; Droits: De haut en bas:: Wake Up Films, Dragana \u0160\u0106EPANOVI\u0106<\/em><\/p>\n\n\n\n<div style=\"height:50px\" aria-hidden=\"true\" class=\"wp-block-spacer\"><\/div>\n\n\n\n<h2 class=\"wp-block-heading\"><strong>UNE HISTOIRE DE BEAUT\u00c9 ET DE CORRUPTION&nbsp;: Sinja(je)vina, d&#8217;un territoire de vie \u00e0 un territoire de destruction&nbsp;? Nord du Mont\u00e9n\u00e9gro<\/strong><\/h2>\n\n\n\n<p>Sinja(je)vina est un immense plateau calcaire, d\u2019une superficie de plus de 400&nbsp;km<sup>2<\/sup>, qui avec Durmitor constituent un p\u00e2turage de montagne \u00e9tendu sur plus de 1 000 km<sup>2<\/sup> d\u2019un seul tenant, le plus vaste des Balkans et l&#8217;un des plus grands d\u2019Europe, fournissant un lieu de vie et des ressources \u00e0 plus de 250&nbsp;familles de pasteurs transhumants et de paysans.<\/p>\n\n\n\n<p>Pendant des centaines, sinon des milliers d&#8217;ann\u00e9es, les \u00e9leveurs et les paysans de Sinja(je)vina, qui est connu sous les deux noms (avec ou sans le \u00ab&nbsp;je&nbsp;\u00bb entre parenth\u00e8ses), ont gouvern\u00e9, prot\u00e9g\u00e9 et g\u00e9r\u00e9 leurs p\u00e2turages, comme on prot\u00e9gerait sa propre famille. Organis\u00e9s en regroupements de diff\u00e9rents communs pastoraux, ils sont responsables de la conservation d&#8217;un paysage dont la valeur sp\u00e9cifique et la biodiversit\u00e9 unique ont \u00e9t\u00e9 reconnues en tant que <a href=\"http:\/\/www.unesco.org\/new\/en\/natural-sciences\/environment\/ecological-sciences\/biosphere-reserves\/europe-north-america\/montenegro\/tara-river-basin\">r\u00e9serve de biosph\u00e8re par l&#8217;UNESCO<\/a> entre autres.<\/p>\n\n\n\n<div style=\"height:50px\" aria-hidden=\"true\" class=\"wp-block-spacer\"><\/div>\n\n\n\n<figure class=\"wp-block-image alignfull size-large\"><img loading=\"lazy\" decoding=\"async\" width=\"999\" height=\"1024\" src=\"https:\/\/cpm.osupytheas.fr\/wp-content\/uploads\/2021\/05\/MNG2-999x1024.jpg\" alt=\"\" class=\"wp-image-76\" srcset=\"https:\/\/cpm.osupytheas.fr\/wp-content\/uploads\/2021\/05\/MNG2-999x1024.jpg 999w, https:\/\/cpm.osupytheas.fr\/wp-content\/uploads\/2021\/05\/MNG2-293x300.jpg 293w, https:\/\/cpm.osupytheas.fr\/wp-content\/uploads\/2021\/05\/MNG2-768x787.jpg 768w, https:\/\/cpm.osupytheas.fr\/wp-content\/uploads\/2021\/05\/MNG2.jpg 1099w\" sizes=\"auto, (max-width: 999px) 100vw, 999px\" \/><\/figure>\n\n\n\n<p><em>Titre: <strong><strong><em>Localisation de Sinjajevina et de ses parcours transhumants principaux<\/em><\/strong><\/strong><br>Ann\u00e9e:&nbsp;2021 <br>Lieu:&nbsp;Sinja(je)vina (Mont\u00e9n\u00e9gro) <br>Auteur &amp; Droits:&nbsp;Sandra Kapetanovic et Pablo Dom\u00ednguez (encadr\u00e9 avec permission de Google Earth Engine).<\/em><\/p>\n\n\n\n<div style=\"height:50px\" aria-hidden=\"true\" class=\"wp-block-spacer\"><\/div>\n\n\n\n<h2 class=\"wp-block-heading\"><strong>Puret\u00e9<\/strong><\/h2>\n\n\n\n<figure class=\"wp-block-image alignfull size-large\"><img loading=\"lazy\" decoding=\"async\" width=\"1024\" height=\"768\" src=\"https:\/\/cpm.osupytheas.fr\/wp-content\/uploads\/2021\/05\/MNG3-1024x768.jpg\" alt=\"\" class=\"wp-image-77\" srcset=\"https:\/\/cpm.osupytheas.fr\/wp-content\/uploads\/2021\/05\/MNG3-1024x768.jpg 1024w, https:\/\/cpm.osupytheas.fr\/wp-content\/uploads\/2021\/05\/MNG3-300x225.jpg 300w, https:\/\/cpm.osupytheas.fr\/wp-content\/uploads\/2021\/05\/MNG3-768x576.jpg 768w, https:\/\/cpm.osupytheas.fr\/wp-content\/uploads\/2021\/05\/MNG3-1536x1152.jpg 1536w, https:\/\/cpm.osupytheas.fr\/wp-content\/uploads\/2021\/05\/MNG3-2048x1536.jpg 2048w, https:\/\/cpm.osupytheas.fr\/wp-content\/uploads\/2021\/05\/MNG3-1568x1176.jpg 1568w\" sizes=\"auto, (max-width: 1024px) 100vw, 1024px\" \/><\/figure>\n\n\n\n<p><em>Titre:&nbsp;<strong>Puret\u00e9<\/strong> <br>Ann\u00e9e:&nbsp;2019 <br>Lieu:&nbsp;Sinja(je)vina (Mont\u00e9n\u00e9gro)<br>Auteur &amp; Droits: Wake Up Films<\/em><\/p>\n\n\n\n<div style=\"height:50px\" aria-hidden=\"true\" class=\"wp-block-spacer\"><\/div>\n\n\n\n<p>Certains jours \u00e0 Sinja(je)vina, il semble que personne n\u2019y soit jamais all\u00e9. Des pentes intactes \u00e0 perte de vue, d&#8217;un vert \u00e9clatant en \u00e9t\u00e9 et d&#8217;une blancheur \u00e9blouissante en hiver&nbsp;! Pas d\u2019empreinte, pas de signe de destruction humaine. Et pourtant, les humains y vivent depuis des mill\u00e9naires. C\u2019est juste que nous ne sommes pas habitu\u00e9s \u00e0 \u00eatre t\u00e9moin d&#8217;une telle \u00ab&nbsp;l\u00e9g\u00e8ret\u00e9 d&#8217;\u00eatre&nbsp;\u00bb chez l&#8217;humain, une pr\u00e9sence qui nourrit plut\u00f4t que saccage.<\/p>\n\n\n\n<p>Cette puret\u00e9 doit \u00eatre ce \u00e0 quoi ressemble le soin (de la nature).<\/p>\n\n\n\n<div style=\"height:50px\" aria-hidden=\"true\" class=\"wp-block-spacer\"><\/div>\n\n\n\n<h2 class=\"wp-block-heading\"><strong>Soin<\/strong><\/h2>\n\n\n\n<figure class=\"wp-block-image alignfull size-large\"><img loading=\"lazy\" decoding=\"async\" width=\"1024\" height=\"539\" src=\"https:\/\/cpm.osupytheas.fr\/wp-content\/uploads\/2021\/05\/MNG4-1024x539.jpg\" alt=\"\" class=\"wp-image-78\" srcset=\"https:\/\/cpm.osupytheas.fr\/wp-content\/uploads\/2021\/05\/MNG4-1024x539.jpg 1024w, https:\/\/cpm.osupytheas.fr\/wp-content\/uploads\/2021\/05\/MNG4-300x158.jpg 300w, https:\/\/cpm.osupytheas.fr\/wp-content\/uploads\/2021\/05\/MNG4-768x404.jpg 768w, https:\/\/cpm.osupytheas.fr\/wp-content\/uploads\/2021\/05\/MNG4-1536x808.jpg 1536w, https:\/\/cpm.osupytheas.fr\/wp-content\/uploads\/2021\/05\/MNG4-1568x825.jpg 1568w, https:\/\/cpm.osupytheas.fr\/wp-content\/uploads\/2021\/05\/MNG4.jpg 1777w\" sizes=\"auto, (max-width: 1024px) 100vw, 1024px\" \/><\/figure>\n\n\n\n<p><em>Titre:&nbsp;<strong>Soin<\/strong> <br>Ann\u00e9e:&nbsp;2019 <br>Lieu:&nbsp;Sinja(je)vina (Mont\u00e9n\u00e9gro)<br>Auteur &amp; Droits:&nbsp;Wake Up Films<\/em><\/p>\n\n\n\n<div style=\"height:50px\" aria-hidden=\"true\" class=\"wp-block-spacer\"><\/div>\n\n\n\n<p>Le soin (de la nature, des animaux\u2026) est un art longtemps oubli\u00e9 que seuls de tels sommets majestueux ont pu pr\u00e9server. Les falaises prot\u00e8gent les pratiques transmises de g\u00e9n\u00e9ration en g\u00e9n\u00e9ration. Les habitants de Sinja(je)vina vivent au rythme des moutons qui broutent, de la traite quotidienne, des nuages qui traversent les saisons dans leur sillage. Ils remercient rituellement le fait que tout cela fait partie de leur vie. Car cet \u00e9quilibre ne doit jamais \u00eatre tenu pour acquis.<\/p>\n\n\n\n<div style=\"height:50px\" aria-hidden=\"true\" class=\"wp-block-spacer\"><\/div>\n\n\n\n<h2 class=\"wp-block-heading\"><strong>Connexion<\/strong><\/h2>\n\n\n\n<figure class=\"wp-block-image alignfull size-large\"><img loading=\"lazy\" decoding=\"async\" width=\"1024\" height=\"679\" src=\"https:\/\/cpm.osupytheas.fr\/wp-content\/uploads\/2021\/05\/MNG5-1024x679.jpg\" alt=\"\" class=\"wp-image-79\" srcset=\"https:\/\/cpm.osupytheas.fr\/wp-content\/uploads\/2021\/05\/MNG5-1024x679.jpg 1024w, https:\/\/cpm.osupytheas.fr\/wp-content\/uploads\/2021\/05\/MNG5-300x199.jpg 300w, https:\/\/cpm.osupytheas.fr\/wp-content\/uploads\/2021\/05\/MNG5-768x509.jpg 768w, https:\/\/cpm.osupytheas.fr\/wp-content\/uploads\/2021\/05\/MNG5.jpg 1100w\" sizes=\"auto, (max-width: 1024px) 100vw, 1024px\" \/><\/figure>\n\n\n\n<p><em>Titre:&nbsp;<strong>Connexion<\/strong> <br>Ann\u00e9e:&nbsp;2019 <br>Lieu:&nbsp;Sinja(je)vina (Mont\u00e9n\u00e9gro)<br>Auteur &amp; Droits: Nikola LU\u010cI\u0106<\/em><\/p>\n\n\n\n<div style=\"height:50px\" aria-hidden=\"true\" class=\"wp-block-spacer\"><\/div>\n\n\n\n<p>Sinja(je)vina est l&#8217;un de ces endroits de plus en plus rares o\u00f9 les habitants n&#8217;ont pas oubli\u00e9 qu&#8217;ils ne font qu&#8217;un avec la terre o\u00f9 ils vivent. Vous pouvez le voir \u00e0 la fa\u00e7on dont ils regardent l&#8217;herbe, comment ils caressent leurs arbres et comment ils nourrissent leurs animaux, leurs gens et leur terre. C&#8217;est par cet \u00e9quilibre que l&#8217;on obtient le paradis sur terre.<\/p>\n\n\n\n<div style=\"height:50px\" aria-hidden=\"true\" class=\"wp-block-spacer\"><\/div>\n\n\n\n<h2 class=\"wp-block-heading\"><strong>Destruction<\/strong><\/h2>\n\n\n\n<figure class=\"wp-block-image alignfull size-large\"><img loading=\"lazy\" decoding=\"async\" width=\"720\" height=\"480\" src=\"https:\/\/cpm.osupytheas.fr\/wp-content\/uploads\/2021\/05\/MNG6.jpg\" alt=\"\" class=\"wp-image-80\" srcset=\"https:\/\/cpm.osupytheas.fr\/wp-content\/uploads\/2021\/05\/MNG6.jpg 720w, https:\/\/cpm.osupytheas.fr\/wp-content\/uploads\/2021\/05\/MNG6-300x200.jpg 300w\" sizes=\"auto, (max-width: 720px) 100vw, 720px\" \/><\/figure>\n\n\n\n<p><em>Titre:&nbsp;<strong>Forme d&#8217;une pomme<\/strong> <br>Ann\u00e9e:&nbsp;2019 <br>Lieu:&nbsp;Sinja(je)vina (Mont\u00e9n\u00e9gro)<br>Auteur &amp; Droits:&nbsp;Minist\u00e8re de D\u00e9fense de Mont\u00e9n\u00e9gro<\/em><\/p>\n\n\n\n<div style=\"height:50px\" aria-hidden=\"true\" class=\"wp-block-spacer\"><\/div>\n\n\n\n<p>Il est toujours arriv\u00e9 que quelqu\u2019un voit le paradis et se laisse tenter par la pomme&nbsp;! En 2019, le gouvernement du Mont\u00e9n\u00e9gro d\u00e9cida de construire un terrain d\u2019entra\u00eenement militaire \u00e0 Sinja(je)vina avec le soutien d\u2019importants alli\u00e9s de l\u2019OTAN, apparemment indiff\u00e9rents aux dommages incommensurables que cela causerait \u00e0 sa population et \u00e0 ses \u00e9cosyst\u00e8mes. La pollution, le bruit, le danger et l&#8217;interdiction d&#8217;acc\u00e8s \u00e0 leurs p\u00e2turages, ce serait la destruction des modes de vie traditionnels des communaut\u00e9s locales, et des \u00e9cosyst\u00e8mes qui d\u00e9pendent directement de leurs pratiques pastorales. Il ne peut y avoir de coexistence pacifique entre protecteurs et destruction.<\/p>\n\n\n\n<div style=\"height:50px\" aria-hidden=\"true\" class=\"wp-block-spacer\"><\/div>\n\n\n\n<figure class=\"wp-block-image alignfull size-large\"><img loading=\"lazy\" decoding=\"async\" width=\"1024\" height=\"820\" src=\"https:\/\/cpm.osupytheas.fr\/wp-content\/uploads\/2021\/05\/MNG7.jpg\" alt=\"\" class=\"wp-image-81\" srcset=\"https:\/\/cpm.osupytheas.fr\/wp-content\/uploads\/2021\/05\/MNG7.jpg 1024w, https:\/\/cpm.osupytheas.fr\/wp-content\/uploads\/2021\/05\/MNG7-300x240.jpg 300w, https:\/\/cpm.osupytheas.fr\/wp-content\/uploads\/2021\/05\/MNG7-768x615.jpg 768w\" sizes=\"auto, (max-width: 1024px) 100vw, 1024px\" \/><\/figure>\n\n\n\n<p><em>Titre:&nbsp;<strong>Destruction<\/strong> <br>Ann\u00e9e:&nbsp;2019 <br>Lieu:&nbsp;Sinja(je)vina (Mont\u00e9n\u00e9gro)<br>Auteur &amp; Droits: Dragana \u0160\u0106EPANOVI\u0106<\/em><\/p>\n\n\n\n<div style=\"height:50px\" aria-hidden=\"true\" class=\"wp-block-spacer\"><\/div>\n\n\n\n<h2 class=\"wp-block-heading\"><strong><strong>Protection des communaut\u00e9s locales<\/strong><\/strong><\/h2>\n\n\n\n<figure class=\"wp-block-image alignfull size-large\"><img loading=\"lazy\" decoding=\"async\" width=\"512\" height=\"270\" src=\"https:\/\/cpm.osupytheas.fr\/wp-content\/uploads\/2021\/05\/MNG8.png\" alt=\"\" class=\"wp-image-82\" srcset=\"https:\/\/cpm.osupytheas.fr\/wp-content\/uploads\/2021\/05\/MNG8.png 512w, https:\/\/cpm.osupytheas.fr\/wp-content\/uploads\/2021\/05\/MNG8-300x158.png 300w\" sizes=\"auto, (max-width: 512px) 100vw, 512px\" \/><\/figure>\n\n\n\n<p><em>Titre: <strong>Protecteurs<\/strong> <br>Ann\u00e9e: 2018 <br>Lieu:&nbsp;Sinja(je)vina (Mont\u00e9n\u00e9gro)<br>Auteur &amp; Droits: Wake Up Films<\/em><\/p>\n\n\n\n<div style=\"height:50px\" aria-hidden=\"true\" class=\"wp-block-spacer\"><\/div>\n\n\n\n<p>Les communaut\u00e9s locales ont d\u00e9cid\u00e9 de ne pas rester assis pour attendre en silence et voir leur mode de vie mill\u00e9naire effac\u00e9 de la surface de la terre par un seul d\u00e9cret de l&#8217;Etat. Un patrimoine d&#8217;une immense valeur naturelle et culturelle, qui fait partie de la r\u00e9serve de biosph\u00e8re Tara de l&#8217;UNESCO, et qui a mis des milliers d&#8217;ann\u00e9es \u00e0 \u00e9voluer \u00e0 travers des centaines de g\u00e9n\u00e9rations de bergers, pourrait \u00eatre d\u00e9truit en quelques ann\u00e9es. Les membres de la communaut\u00e9 veulent participer aux d\u00e9cisions concernant leur territoire, ils veulent des garanties claires de la part du gouvernement que la r\u00e9gion restera non militaris\u00e9e et qu\u2019ils ne seront pas ali\u00e9n\u00e9s de leur mode de vie traditionnel.<\/p>\n\n\n\n<p>Plus encore\u2026 ils veulent que leur mode de vie soit soutenu et am\u00e9lior\u00e9&nbsp;! Avec un tel objectif, ils cherchent des alli\u00e9s puissants, et un ensemble de voix pour plaider en ch\u0153ur leur cause et sauver cet endroit unique quils ont su pr\u00e9server d&#8217;une d\u00e9vastation ou d&#8217;une disparition progressive.&nbsp;<\/p>\n\n\n\n<div style=\"height:50px\" aria-hidden=\"true\" class=\"wp-block-spacer\"><\/div>\n\n\n\n<figure class=\"wp-block-image alignfull size-large\"><img loading=\"lazy\" decoding=\"async\" width=\"1024\" height=\"819\" src=\"https:\/\/cpm.osupytheas.fr\/wp-content\/uploads\/2021\/05\/MNG9-1024x819.png\" alt=\"\" class=\"wp-image-83\" srcset=\"https:\/\/cpm.osupytheas.fr\/wp-content\/uploads\/2021\/05\/MNG9-1024x819.png 1024w, https:\/\/cpm.osupytheas.fr\/wp-content\/uploads\/2021\/05\/MNG9-300x240.png 300w, https:\/\/cpm.osupytheas.fr\/wp-content\/uploads\/2021\/05\/MNG9-768x614.png 768w, https:\/\/cpm.osupytheas.fr\/wp-content\/uploads\/2021\/05\/MNG9-1536x1229.png 1536w, https:\/\/cpm.osupytheas.fr\/wp-content\/uploads\/2021\/05\/MNG9-1568x1254.png 1568w, https:\/\/cpm.osupytheas.fr\/wp-content\/uploads\/2021\/05\/MNG9.png 1600w\" sizes=\"auto, (max-width: 1024px) 100vw, 1024px\" \/><\/figure>\n\n\n\n<p><em>Titre:&nbsp;<strong><strong><em>T\u00e9moignage vivant (Ljiljana \u0160aranovi\u0107 and Novak Dragovi\u0107)<\/em><\/strong><\/strong> <br>Ann\u00e9e:&nbsp;2020 <br>Lieu:&nbsp;Sinja(je)vina, Mont\u00e9n\u00e9gro<br>Auteur &amp; Droits: Wake Up Films<\/em><\/p>\n\n\n\n<div style=\"height:50px\" aria-hidden=\"true\" class=\"wp-block-spacer\"><\/div>\n\n\n\n<p>En novembre&nbsp;2019, une \u00e9quipe de recherche internationale a inform\u00e9 l\u2019UNESCO \u00e0 Paris, ainsi que le Parlement europ\u00e9en et la Commission europ\u00e9enne \u00e0 Bruxelles, du cas. En f\u00e9vrier&nbsp;2020, la Commission parlementaire de l\u2019UE pour la stabilisation et l\u2019association avec le Mont\u00e9n\u00e9gro a visit\u00e9 la capitale du pays, Podgorica, et son pr\u00e9sident a rencontr\u00e9 les communaut\u00e9s locales, des experts, des ONG et des politiciens soutenant les Sinja(je)vinans afin d&#8217;entendre en direct un compte rendu de leurs dol\u00e9ances, leurs plaintes et leurs r\u00e9clamations. C&#8217;\u00e9tait pour eux une \u00e9tape cruciale ; faire en sorte que l\u2019UE s\u2019exprime et oblige le Mont\u00e9n\u00e9gro de remplir des crit\u00e8res sp\u00e9cifiques afin de se faire accepter comme pays membre de l&#8217;Union europ\u00e9enne.<\/p>\n\n\n\n<div style=\"height:50px\" aria-hidden=\"true\" class=\"wp-block-spacer\"><\/div>\n\n\n\n<figure class=\"wp-block-video\"><video height=\"720\" style=\"aspect-ratio: 1280 \/ 720;\" width=\"1280\" controls poster=\"https:\/\/cpm.osupytheas.fr\/wp-content\/uploads\/2021\/07\/Sinjajevina-Montenegro_720_thumb1.jpg\" src=\"https:\/\/cpm.osupytheas.fr\/wp-content\/uploads\/2021\/07\/Sinjajevina-Montenegro_720.mp4\"><\/video><\/figure>\n\n\n\n<p><em>Titre:&nbsp;<strong>Mission Possible<\/strong> <br>Ann\u00e9e:&nbsp;2020 <br>Lieu:&nbsp;Sinja(je)vina, Mont\u00e9n\u00e9gro<br>Auteur &amp; Droits:&nbsp;Latte Creative &amp; Land Rights Now avec le soutien de Wake Up Films, Save Sinjajevina Association, International Land Coalition, ICCA Consortium, Common Lands Network et de nombreux autres citoyens individuels<\/em><\/p>\n\n\n\n<div style=\"height:50px\" aria-hidden=\"true\" class=\"wp-block-spacer\"><\/div>\n\n\n\n<p>Leur combat est celui de tous, car il ne reste plus beaucoup d&#8217;endroits o\u00f9 la nature et la culture fleurissent unies en symbiose comme \u00e0 Sinja(je)vina. Si la zone fait partie de la r\u00e9serve de &nbsp;biosph\u00e8re de l\u2019UNESCO du bassin du fleuve Tara et borde deux sites du patrimoine mondial de l&#8217;UNESCO, pourquoi ne pas la traiter comme telle ? Pourquoi d\u00e9truire Sinja(je)vina ou ignorer la capacit\u00e9 de conservation des communaut\u00e9s locales, mettant en p\u00e9ril sa r\u00e9silience \u00e9crasante, au lieu d&#8217;apprendre de ses habitants comment prot\u00e9ger non seulement un \u00e9cosyst\u00e8me sp\u00e9cifique, mais, en fait, notre plan\u00e8te enti\u00e8re&nbsp;?<\/p>\n\n\n\n<p>Le 5 d\u00e9cembre dernier, dans des temp\u00e9ratures au-dessous de z\u00e9ro et des conditions climatiques hostiles, les communaut\u00e9s ont une nouvelle fois eu gain de cause. Apr\u00e8s 51 jours de protestation dans un campement construit par des membres des communaut\u00e9s locales et des groupes de d\u00e9fense des droits, au c\u0153ur du terrain militaire de Sinja(je)vina, les entra\u00eenements et bombardements ont \u00e9t\u00e9 annul\u00e9s et le nouveau ministre de la d\u00e9fense de Mont\u00e9n\u00e9gro a annonc\u00e9 que le plan concernant le site d&#8217;entra\u00eenement militaire serait r\u00e9\u00e9valu\u00e9.<\/p>\n\n\n\n<div style=\"height:50px\" aria-hidden=\"true\" class=\"wp-block-spacer\"><\/div>\n\n\n\n<figure class=\"wp-block-image alignfull size-large\"><img loading=\"lazy\" decoding=\"async\" width=\"1024\" height=\"843\" src=\"https:\/\/cpm.osupytheas.fr\/wp-content\/uploads\/2021\/05\/MNG11-1024x843.jpg\" alt=\"\" class=\"wp-image-85\" srcset=\"https:\/\/cpm.osupytheas.fr\/wp-content\/uploads\/2021\/05\/MNG11-1024x843.jpg 1024w, https:\/\/cpm.osupytheas.fr\/wp-content\/uploads\/2021\/05\/MNG11-300x247.jpg 300w, https:\/\/cpm.osupytheas.fr\/wp-content\/uploads\/2021\/05\/MNG11-768x632.jpg 768w, https:\/\/cpm.osupytheas.fr\/wp-content\/uploads\/2021\/05\/MNG11-1536x1265.jpg 1536w, https:\/\/cpm.osupytheas.fr\/wp-content\/uploads\/2021\/05\/MNG11.jpg 1541w\" sizes=\"auto, (max-width: 1024px) 100vw, 1024px\" \/><\/figure>\n\n\n\n<p><em>Titre:&nbsp;<strong>Libert\u00e9<\/strong> <br>Ann\u00e9e: 2020 <br>Lieu:&nbsp;Sinja(je)vina (Mont\u00e9n\u00e9gro)<br>Auteur &amp; Droits: Wake Up Films<\/em><\/p>\n\n\n\n<div style=\"height:50px\" aria-hidden=\"true\" class=\"wp-block-spacer\"><\/div>\n\n\n\n<p>La c\u00e9l\u00e9bration f\u00fbt immense, et tous les protagonistes ressentirent un grand \u00e9lan d&#8217;espoir et d&#8217;enthousiasme lorsque la nouvelle est tomb\u00e9e de cet abandon de l&#8217;entra\u00eenement militaire et de la r\u00e9\u00e9valuation du plan militaire, mais de nombreux mont\u00e9n\u00e9grins ont le sentiment que ce n&#8217;est qu&#8217;un sursis temporaire et insistent pour que les revendications initiales des populations locales et des militants soient satisfaites&nbsp;:<\/p>\n\n\n\n<p>1. &#8211;&nbsp; qu&#8217;un d\u00e9cret soit promulgu\u00e9, annulant le pr\u00e9c\u00e9dent de 2019, qui avait officiellement inaugur\u00e9 le site d&#8217;entra\u00eenement militaire \u00e0 Sinja(je)vina. Ils acceptent l&#8217;annonce du ministre de la d\u00e9fense comme \u00e9tant une bonne nouvelle et constituant une d\u00e9claration d\u2019intention valable, mais ce ne sera que du vent si cela ne devient pas juridiquement contraignant. &nbsp;&nbsp;<\/p>\n\n\n\n<p>2.- qu&#8217;un d\u00e9cret de loi soit promulgu\u00e9 pour la cr\u00e9ation d&#8217;une aire prot\u00e9g\u00e9e, con\u00e7ue et gouvern\u00e9e avec la pleine participation des communaut\u00e9s locales, car, avec leur activit\u00e9 pastorale traditionnelle, elles sont les principaux garants de ces \u00e9cosyst\u00e8mes et de ces paysages uniques.&nbsp;<\/p>\n\n\n\n<div style=\"height:50px\" aria-hidden=\"true\" class=\"wp-block-spacer\"><\/div>\n\n\n\n<figure class=\"wp-block-image alignfull size-large\"><img loading=\"lazy\" decoding=\"async\" width=\"1024\" height=\"432\" src=\"https:\/\/cpm.osupytheas.fr\/wp-content\/uploads\/2021\/05\/MNG12-1024x432.png\" alt=\"\" class=\"wp-image-86\" srcset=\"https:\/\/cpm.osupytheas.fr\/wp-content\/uploads\/2021\/05\/MNG12-1024x432.png 1024w, https:\/\/cpm.osupytheas.fr\/wp-content\/uploads\/2021\/05\/MNG12-300x127.png 300w, https:\/\/cpm.osupytheas.fr\/wp-content\/uploads\/2021\/05\/MNG12-768x324.png 768w, https:\/\/cpm.osupytheas.fr\/wp-content\/uploads\/2021\/05\/MNG12-1536x648.png 1536w, https:\/\/cpm.osupytheas.fr\/wp-content\/uploads\/2021\/05\/MNG12-1568x662.png 1568w, https:\/\/cpm.osupytheas.fr\/wp-content\/uploads\/2021\/05\/MNG12.png 1600w\" sizes=\"auto, (max-width: 1024px) 100vw, 1024px\" \/><\/figure>\n\n\n\n<p><em>Titre:&nbsp;<strong><strong><em>Nouveaux horizons<\/em><\/strong><\/strong><br>Ann\u00e9e: 2018 <br>Lieu:&nbsp;Sinja(je)vina (Mont\u00e9n\u00e9gro)<br>Auteur &amp; Droits: Wake Up Films<\/em><\/p>\n\n\n\n<div style=\"height:50px\" aria-hidden=\"true\" class=\"wp-block-spacer\"><\/div>\n\n\n\n<p>L&#8217;histoire de Sinja(je)vina\u2019s est une histoire de puret\u00e9, de soin et de succ\u00e8s, dont nous pourrions tous tirer des le\u00e7ons. Alors essayez donc de la lire \u00e0 haute voix.<\/p>\n\n\n\n<hr class=\"wp-block-separator is-style-dots\"\/>\n\n\n\n<div style=\"height:50px\" aria-hidden=\"true\" class=\"wp-block-spacer\"><\/div>\n\n\n\n<p><strong>Remerciements<\/strong><\/p>\n\n\n\n<p>Nous tenons \u00e0 remercier les communaut\u00e9s locales pour leur collaboration constante en racontant leur histoire et en nous permettant de tant apprendre sur leur territoire, et plus particuli\u00e8rement la famille de Marjan et Mileva Jovanovic de Katun Okrugljak, ainsi que l&#8217;universit\u00e9 du Mont\u00e9n\u00e9gro pour leur soutien en nous informant sur les caract\u00e9ristiques et les valeurs de ce territoire de vie, et Wake Up Films pour leur soutien constant en nous mettant en contact avec les communaut\u00e9s locales et en fournissant des images cl\u00e9s.<\/p>\n\n\n\n<div style=\"height:50px\" aria-hidden=\"true\" class=\"wp-block-spacer\"><\/div>\n\n\n\n<p><strong>Texte et composition <\/strong>par Pablo DOMINGUEZ, Petar GLOMAZI\u0106, Milan SEKULOVI\u0106 et MILO\u0160 \u0110UROVI\u0106<\/p>\n\n\n\n<hr class=\"wp-block-separator is-style-dots\"\/>\n\n\n\n<div style=\"height:50px\" aria-hidden=\"true\" class=\"wp-block-spacer\"><\/div>\n","protected":false},"excerpt":{"rendered":"<p>Titre: Friction&nbsp; Ann\u00e9e:&nbsp;2019 Lieu:&nbsp;Sinja(je)vina (Mont\u00e9n\u00e9gro) Auteur &amp; Droits: De haut en bas:: Wake Up Films, Dragana \u0160\u0106EPANOVI\u0106 UNE HISTOIRE DE BEAUT\u00c9 ET DE CORRUPTION&nbsp;: Sinja(je)vina, &hellip;<\/p>\n","protected":false},"author":2,"featured_media":75,"parent":0,"menu_order":4,"comment_status":"closed","ping_status":"closed","template":"","meta":{"footnotes":""},"class_list":["post-640","page","type-page","status-publish","has-post-thumbnail","hentry"],"_links":{"self":[{"href":"https:\/\/cpm.osupytheas.fr\/index.php\/wp-json\/wp\/v2\/pages\/640","targetHints":{"allow":["GET"]}}],"collection":[{"href":"https:\/\/cpm.osupytheas.fr\/index.php\/wp-json\/wp\/v2\/pages"}],"about":[{"href":"https:\/\/cpm.osupytheas.fr\/index.php\/wp-json\/wp\/v2\/types\/page"}],"author":[{"embeddable":true,"href":"https:\/\/cpm.osupytheas.fr\/index.php\/wp-json\/wp\/v2\/users\/2"}],"replies":[{"embeddable":true,"href":"https:\/\/cpm.osupytheas.fr\/index.php\/wp-json\/wp\/v2\/comments?post=640"}],"version-history":[{"count":3,"href":"https:\/\/cpm.osupytheas.fr\/index.php\/wp-json\/wp\/v2\/pages\/640\/revisions"}],"predecessor-version":[{"id":649,"href":"https:\/\/cpm.osupytheas.fr\/index.php\/wp-json\/wp\/v2\/pages\/640\/revisions\/649"}],"wp:featuredmedia":[{"embeddable":true,"href":"https:\/\/cpm.osupytheas.fr\/index.php\/wp-json\/wp\/v2\/media\/75"}],"wp:attachment":[{"href":"https:\/\/cpm.osupytheas.fr\/index.php\/wp-json\/wp\/v2\/media?parent=640"}],"curies":[{"name":"wp","href":"https:\/\/api.w.org\/{rel}","templated":true}]}}