{"id":643,"date":"2021-08-23T15:25:52","date_gmt":"2021-08-23T13:25:52","guid":{"rendered":"https:\/\/cpm.osupytheas.fr\/?page_id=643"},"modified":"2021-08-23T15:55:31","modified_gmt":"2021-08-23T13:55:31","slug":"turquie","status":"publish","type":"page","link":"https:\/\/cpm.osupytheas.fr\/index.php\/turquie\/","title":{"rendered":"Turquie"},"content":{"rendered":"\n<p class=\"has-small-font-size\"><em>Titre:&nbsp;<strong><strong><em>Suivre le troupeau<\/em><\/strong><\/strong>  Ann\u00e9e: 2014  Lieu:&nbsp;Monts Taurus (Turquie) Auteur &amp; Droits: Eda Elif TIBET<\/em><\/p>\n\n\n\n<div style=\"height:50px\" aria-hidden=\"true\" class=\"wp-block-spacer\"><\/div>\n\n\n\n<h2 class=\"wp-block-heading\"><strong><strong>ELEMENTS EN FUSION ET COMMUNS EN VOIE DE DISPARITION :<\/strong><\/strong> <strong><strong>Les Sarikecili des Monts Taurus et les Ko\u00e7ers des Monts Karacadag, Turquie<\/strong><\/strong><\/h2>\n\n\n\n<p>Les bergers transhumants du Moyen Orient sont riches de ce qu\u2019ils savent sur le d\u00e9placement, sur les installations temporaires. Dans un milieu aride et sec, ils survivent&nbsp;; dans la verdure luxuriante, ils prosp\u00e8rent. Certaines tribus Kurdes comme les Ko\u00e7ers s\u2019installent dans les montagnes Karacadag du sud-est de la Turquie, d&#8217;autres comme les Sarikecili le font dans les montagnes Taurus du sud de la Turquie, surplombant la M\u00e9diterran\u00e9e. Ils se d\u00e9placent chaque ann\u00e9e \u00e0 pied avec leur famille et leur b\u00e9tail, sur des centaines de kilom\u00e8tres vers leurs p\u00e2turages d&#8217;\u00e9t\u00e9. Ces populations et leurs troupeaux de ch\u00e8vres et de chevaux pr\u00e9servent plusieurs \u00e9cosyst\u00e8mes pr\u00e9cieux, et les terres sont biologiquement enrichies par leurs transhumances qui diss\u00e9minent des graines et formatent les paysages tout au long de leurs voyages&#8230; Mais quand ils ne sont pas activement menac\u00e9s, ils sont laiss\u00e9s \u00e0 l&#8217;abandon, tandis que le monde changeant les met de plus en plus en danger. C\u2019est leur histoire qui se fond dans les \u00e9l\u00e9ments naturels et la lutte pour la survie.<\/p>\n\n\n\n<div style=\"height:50px\" aria-hidden=\"true\" class=\"wp-block-spacer\"><\/div>\n\n\n\n<figure class=\"wp-block-image alignfull size-large\"><img loading=\"lazy\" decoding=\"async\" width=\"1024\" height=\"683\" src=\"https:\/\/cpm.osupytheas.fr\/wp-content\/uploads\/2021\/05\/T2-1024x683.jpg\" alt=\"\" class=\"wp-image-106\" srcset=\"https:\/\/cpm.osupytheas.fr\/wp-content\/uploads\/2021\/05\/T2-1024x683.jpg 1024w, https:\/\/cpm.osupytheas.fr\/wp-content\/uploads\/2021\/05\/T2-300x200.jpg 300w, https:\/\/cpm.osupytheas.fr\/wp-content\/uploads\/2021\/05\/T2-768x512.jpg 768w, https:\/\/cpm.osupytheas.fr\/wp-content\/uploads\/2021\/05\/T2-1536x1024.jpg 1536w, https:\/\/cpm.osupytheas.fr\/wp-content\/uploads\/2021\/05\/T2-2048x1365.jpg 2048w, https:\/\/cpm.osupytheas.fr\/wp-content\/uploads\/2021\/05\/T2-1568x1045.jpg 1568w\" sizes=\"auto, (max-width: 1024px) 100vw, 1024px\" \/><\/figure>\n\n\n\n<p><em>Titre:&nbsp;<strong>Feeding is our duty<\/strong> <br>Ann\u00e9e:&nbsp;2016 <br>Lieu:&nbsp;Karacadag (Turquie)<br>Auteur &amp; Droits: G\u00fcl Ertunan KARAASLAN<\/em><\/p>\n\n\n\n<div style=\"height:50px\" aria-hidden=\"true\" class=\"wp-block-spacer\"><\/div>\n\n\n\n<figure class=\"wp-block-image alignfull size-large\"><img loading=\"lazy\" decoding=\"async\" width=\"1024\" height=\"683\" src=\"https:\/\/cpm.osupytheas.fr\/wp-content\/uploads\/2021\/05\/T3-1024x683.jpg\" alt=\"\" class=\"wp-image-107\" srcset=\"https:\/\/cpm.osupytheas.fr\/wp-content\/uploads\/2021\/05\/T3-1024x683.jpg 1024w, https:\/\/cpm.osupytheas.fr\/wp-content\/uploads\/2021\/05\/T3-300x200.jpg 300w, https:\/\/cpm.osupytheas.fr\/wp-content\/uploads\/2021\/05\/T3-768x512.jpg 768w, https:\/\/cpm.osupytheas.fr\/wp-content\/uploads\/2021\/05\/T3-1536x1024.jpg 1536w\" sizes=\"auto, (max-width: 1024px) 100vw, 1024px\" \/><\/figure>\n\n\n\n<p><em>Titre:&nbsp;<strong><strong><em>La terre est notre M\u00e8re<\/em><\/strong><\/strong> <br>Ann\u00e9e:&nbsp;2016 <br>Lieu:&nbsp;Karacadag (Turquie)<br>Auteur &amp; Droits: G\u00fcl Ertunan KARAASLAN<\/em><\/p>\n\n\n\n<div style=\"height:50px\" aria-hidden=\"true\" class=\"wp-block-spacer\"><\/div>\n\n\n\n<figure class=\"wp-block-image alignfull size-large\"><img loading=\"lazy\" decoding=\"async\" width=\"1024\" height=\"539\" src=\"https:\/\/cpm.osupytheas.fr\/wp-content\/uploads\/2021\/05\/T4-1024x539.jpg\" alt=\"\" class=\"wp-image-108\" srcset=\"https:\/\/cpm.osupytheas.fr\/wp-content\/uploads\/2021\/05\/T4-1024x539.jpg 1024w, https:\/\/cpm.osupytheas.fr\/wp-content\/uploads\/2021\/05\/T4-300x158.jpg 300w, https:\/\/cpm.osupytheas.fr\/wp-content\/uploads\/2021\/05\/T4-768x404.jpg 768w, https:\/\/cpm.osupytheas.fr\/wp-content\/uploads\/2021\/05\/T4.jpg 1434w\" sizes=\"auto, (max-width: 1024px) 100vw, 1024px\" \/><\/figure>\n\n\n\n<p><em>Titre:&nbsp;<strong><strong><em>Localisation des deux massifs pastoraux et leur parcours transhumants&nbsp;<\/em><\/strong>&nbsp;<\/strong> <br>Ann\u00e9e:&nbsp;2021 <br>Lieu:&nbsp;Monts Taurus et Monts Karacadag (Turquie)<br>Auteur &amp; Droits:&nbsp;Pablo Dom\u00ednguez (encadr\u00e9 avec permission de Google Earth Engine).<\/em><\/p>\n\n\n\n<div style=\"height:50px\" aria-hidden=\"true\" class=\"wp-block-spacer\"><\/div>\n\n\n\n<h2 class=\"wp-block-heading\"><strong>Terre<\/strong><\/h2>\n\n\n\n<figure class=\"wp-block-image alignfull size-large\"><img loading=\"lazy\" decoding=\"async\" width=\"1024\" height=\"683\" src=\"https:\/\/cpm.osupytheas.fr\/wp-content\/uploads\/2021\/05\/T5-1024x683.jpg\" alt=\"\" class=\"wp-image-109\" srcset=\"https:\/\/cpm.osupytheas.fr\/wp-content\/uploads\/2021\/05\/T5-1024x683.jpg 1024w, https:\/\/cpm.osupytheas.fr\/wp-content\/uploads\/2021\/05\/T5-300x200.jpg 300w, https:\/\/cpm.osupytheas.fr\/wp-content\/uploads\/2021\/05\/T5-768x512.jpg 768w, https:\/\/cpm.osupytheas.fr\/wp-content\/uploads\/2021\/05\/T5-1536x1024.jpg 1536w\" sizes=\"auto, (max-width: 1024px) 100vw, 1024px\" \/><\/figure>\n\n\n\n<p><em>Titre:&nbsp;<strong><strong><em>Commun et communaut\u00e9<\/em><\/strong><\/strong><br>Ann\u00e9e:&nbsp;2016 <br>Lieu:&nbsp;Karacadag (Turquie)<br>Auteur &amp; Droits: G\u00fcl Ertunan KARAASLAN<\/em><\/p>\n\n\n\n<div style=\"height:50px\" aria-hidden=\"true\" class=\"wp-block-spacer\"><\/div>\n\n\n\n<p>Pour les populations transhumantes, la terre n&#8217;est pas synonyme de terrain&nbsp;: elles n&#8217;ont pas ce sens de la propri\u00e9t\u00e9 s\u00e9dentaire. La terre est le chemin dans les bois, les falaises imperturbables, les champignons et les pins et enfin\u2026 les prairies. C\u2019est l\u00e0 o\u00f9 ils peuvent planter leur yourte (tente). La tribu des Sarikecili a une population mobile de 170 \u00e0 180 yourtes, chacune comprenant environ une famille, qui apportent avec elles partout o\u00f9 elles se d\u00e9placent, avec leurs ch\u00e8vres et leurs moutons. Tout comme leur ancienne esp\u00e8ce de ch\u00e8vres (<em>Capra Aegagrus Hircus<\/em>, connue pour vivre en Anatolie depuis 7&nbsp;200 avant J.-C.), ils s&#8217;adaptent aux conditions climatiques difficiles. Mais m\u00eame si \u00e0 travers les si\u00e8cles ils ont su si bien s&#8217;adapter \u00e0 la nature, on ne peut rien faire lorsqu&#8217;il s&#8217;agit de fronti\u00e8res et de conflits nationaux. Une grande partie des p\u00e2turages des Kurdes transhumants a \u00e9t\u00e9 divis\u00e9e entre quatre pays&nbsp;: la Syrie, la Turquie, l&#8217;Iraq et l&#8217;Iran. Ces fronti\u00e8res ont consid\u00e9rablement r\u00e9duit leurs d\u00e9placements, leurs territoires de vie, et ont rendu de plus en plus difficile l\u2019acc\u00e8s \u00e0 leurs p\u00e2turages qui sont leur vie, les confrontant \u00e0 des d\u00e9fis de plus en plus redoutables.<\/p>\n\n\n\n<div style=\"height:50px\" aria-hidden=\"true\" class=\"wp-block-spacer\"><\/div>\n\n\n\n<h2 class=\"wp-block-heading\"><strong>Feu<\/strong><\/h2>\n\n\n\n<figure class=\"wp-block-image alignfull size-large\"><img loading=\"lazy\" decoding=\"async\" width=\"1024\" height=\"683\" src=\"https:\/\/cpm.osupytheas.fr\/wp-content\/uploads\/2021\/05\/T6-1024x683.jpg\" alt=\"\" class=\"wp-image-110\" srcset=\"https:\/\/cpm.osupytheas.fr\/wp-content\/uploads\/2021\/05\/T6-1024x683.jpg 1024w, https:\/\/cpm.osupytheas.fr\/wp-content\/uploads\/2021\/05\/T6-300x200.jpg 300w, https:\/\/cpm.osupytheas.fr\/wp-content\/uploads\/2021\/05\/T6-768x512.jpg 768w, https:\/\/cpm.osupytheas.fr\/wp-content\/uploads\/2021\/05\/T6-1536x1024.jpg 1536w, https:\/\/cpm.osupytheas.fr\/wp-content\/uploads\/2021\/05\/T6-2048x1365.jpg 2048w, https:\/\/cpm.osupytheas.fr\/wp-content\/uploads\/2021\/05\/T6-1568x1045.jpg 1568w\" sizes=\"auto, (max-width: 1024px) 100vw, 1024px\" \/><\/figure>\n\n\n\n<p><em>Titre:&nbsp;<strong><strong><em>La maison est l\u00e0 o\u00f9 se trouve votre yurte<\/em><\/strong><\/strong> <br>Ann\u00e9e:&nbsp;2014 <br>Lieu:&nbsp;Monts Taurus (Turquie)<br>Auteur &amp; Droits:&nbsp;Eda Elif TIBET<\/em><\/p>\n\n\n\n<div style=\"height:50px\" aria-hidden=\"true\" class=\"wp-block-spacer\"><\/div>\n\n\n\n<p>Les ch\u00e8vres transhumantes s\u00e9curisent les parcours traditionnels, laissant la bonne quantit\u00e9 d&#8217;arbustes &nbsp;\u00e0 conserver pour le futur, tout en dispersant sur de vastes zones les graines dans leur fumier. Elles ouvrent des corridors en traversant les for\u00eats de pins, mangent une grande partie de la v\u00e9g\u00e9tation inflammable et prot\u00e8gent la soci\u00e9t\u00e9 dans son ensemble. Et en d\u00e9pit de tout cela, on les met en cause pour les feux de for\u00eat qu&#8217;en r\u00e9alit\u00e9 elles limitent ! Se servir de ch\u00e8vres comme boucs \u00e9missaires &#8211; quelle ironie ! Ne pourrait-il pas \u00eatre possible que la cause des incendies et de l&#8217;\u00e9rosion de ces zones, sans parler de la s\u00e9cheresse et de la d\u00e9sertification, soit plut\u00f4t li\u00e9e aux obstacles impos\u00e9s au pastoralisme mobile ?<\/p>\n\n\n\n<div style=\"height:50px\" aria-hidden=\"true\" class=\"wp-block-spacer\"><\/div>\n\n\n\n<h2 class=\"wp-block-heading\"><strong>Eau<\/strong><\/h2>\n\n\n\n<figure class=\"wp-block-image alignfull size-large\"><img loading=\"lazy\" decoding=\"async\" width=\"1024\" height=\"683\" src=\"https:\/\/cpm.osupytheas.fr\/wp-content\/uploads\/2021\/05\/T7-1024x683.jpg\" alt=\"\" class=\"wp-image-111\" srcset=\"https:\/\/cpm.osupytheas.fr\/wp-content\/uploads\/2021\/05\/T7-1024x683.jpg 1024w, https:\/\/cpm.osupytheas.fr\/wp-content\/uploads\/2021\/05\/T7-300x200.jpg 300w, https:\/\/cpm.osupytheas.fr\/wp-content\/uploads\/2021\/05\/T7-768x512.jpg 768w, https:\/\/cpm.osupytheas.fr\/wp-content\/uploads\/2021\/05\/T7-1536x1024.jpg 1536w, https:\/\/cpm.osupytheas.fr\/wp-content\/uploads\/2021\/05\/T7-2048x1365.jpg 2048w, https:\/\/cpm.osupytheas.fr\/wp-content\/uploads\/2021\/05\/T7-1568x1045.jpg 1568w\" sizes=\"auto, (max-width: 1024px) 100vw, 1024px\" \/><\/figure>\n\n\n\n<p><em>Titre:&nbsp;<strong><strong><em>Chassez le bouc \u00e9missaire<\/em><\/strong><\/strong> <br>Ann\u00e9e: 2014 <br>Lieu:&nbsp;Rivi\u00e8re G\u00f6ksu, Monts Taurus (Turquie)<br>Auteur &amp; Droits:&nbsp;Eda Elif TIBET<\/em><\/p>\n\n\n\n<div style=\"height:50px\" aria-hidden=\"true\" class=\"wp-block-spacer\"><\/div>\n\n\n\n<figure class=\"wp-block-image alignfull size-large\"><img loading=\"lazy\" decoding=\"async\" width=\"1024\" height=\"683\" src=\"https:\/\/cpm.osupytheas.fr\/wp-content\/uploads\/2021\/05\/T8-1024x683.jpg\" alt=\"\" class=\"wp-image-112\" srcset=\"https:\/\/cpm.osupytheas.fr\/wp-content\/uploads\/2021\/05\/T8-1024x683.jpg 1024w, https:\/\/cpm.osupytheas.fr\/wp-content\/uploads\/2021\/05\/T8-300x200.jpg 300w, https:\/\/cpm.osupytheas.fr\/wp-content\/uploads\/2021\/05\/T8-768x512.jpg 768w, https:\/\/cpm.osupytheas.fr\/wp-content\/uploads\/2021\/05\/T8-1536x1024.jpg 1536w, https:\/\/cpm.osupytheas.fr\/wp-content\/uploads\/2021\/05\/T8-2048x1365.jpg 2048w, https:\/\/cpm.osupytheas.fr\/wp-content\/uploads\/2021\/05\/T8-1568x1045.jpg 1568w\" sizes=\"auto, (max-width: 1024px) 100vw, 1024px\" \/><\/figure>\n\n\n\n<p><em>Titre:&nbsp;<strong><strong><em>Unit\u00e9 sensible<\/em><\/strong><\/strong> <br>Year: 2014 <br>Lieu:&nbsp;Monts Taurus (Turquie)<br>Auteur &amp; Droits:&nbsp;Eda Elif TIBET<\/em><\/p>\n\n\n\n<div style=\"height:50px\" aria-hidden=\"true\" class=\"wp-block-spacer\"><\/div>\n\n\n\n<p>Autrefois, l&#8217;eau s\u2019\u00e9coulait parall\u00e8lement aux sentiers traditionnels des nomades Elle croisait leurs chemins. On pouvait s\u2019en apercevoir quand la for\u00eat s&#8217;ouvrait sur une vall\u00e9e. Les ch\u00e8vres et les chevaux, et avant eux les chameaux, la sentaient, et savaient la trouver instinctivement. Les humains qui les accompagnaient pouvaient compter sur l&#8217;eau, mais aujourd&#8217;hui les sources ont disparu presque partout. La s\u00e9cheresse, l&#8217;agriculture intensive, les eaux d\u00e9tourn\u00e9es par les barrages et les centrales hydro\u00e9lectriques ont boulevers\u00e9 l&#8217;\u00e9quilibre. Maintenant, les familles ont besoin de stocker l&#8217;eau dans des citernes mobiles, ce qui rend tr\u00e8s difficile de suivre les routes ancestrales. Elles doivent emprunter des routes carrossables, qui sont dangereuses pour elles et leurs ch\u00e8vres. Elles disent qu&#8217;\u00e0 l&#8217;avenir, l&#8217;eau sera plus pr\u00e9cieuse que l&#8217;or. Ici, c\u2019est d\u00e9j\u00e0 le cas.<\/p>\n\n\n\n<div style=\"height:50px\" aria-hidden=\"true\" class=\"wp-block-spacer\"><\/div>\n\n\n\n<figure class=\"wp-block-image alignfull size-large\"><img loading=\"lazy\" decoding=\"async\" width=\"1024\" height=\"683\" src=\"https:\/\/cpm.osupytheas.fr\/wp-content\/uploads\/2021\/05\/T9-1024x683.jpg\" alt=\"\" class=\"wp-image-113\" srcset=\"https:\/\/cpm.osupytheas.fr\/wp-content\/uploads\/2021\/05\/T9-1024x683.jpg 1024w, https:\/\/cpm.osupytheas.fr\/wp-content\/uploads\/2021\/05\/T9-300x200.jpg 300w, https:\/\/cpm.osupytheas.fr\/wp-content\/uploads\/2021\/05\/T9-768x512.jpg 768w, https:\/\/cpm.osupytheas.fr\/wp-content\/uploads\/2021\/05\/T9-1536x1024.jpg 1536w, https:\/\/cpm.osupytheas.fr\/wp-content\/uploads\/2021\/05\/T9-2048x1365.jpg 2048w, https:\/\/cpm.osupytheas.fr\/wp-content\/uploads\/2021\/05\/T9-1568x1045.jpg 1568w\" sizes=\"auto, (max-width: 1024px) 100vw, 1024px\" \/><\/figure>\n\n\n\n<p><em>Titre:&nbsp;<strong><strong><em>Citerne d&#8217;eau<\/em><\/strong><\/strong> <br>Ann\u00e9e:&nbsp;2014 <br>Lieu:&nbsp;Monts Taurus (Turquie)<br>Auteur &amp; Droits: Eda Elif TIBET<\/em><\/p>\n\n\n\n<div style=\"height:50px\" aria-hidden=\"true\" class=\"wp-block-spacer\"><\/div>\n\n\n\n<h2 class=\"wp-block-heading\"><strong>Air<\/strong><\/h2>\n\n\n\n<figure class=\"wp-block-image alignfull size-large\"><img loading=\"lazy\" decoding=\"async\" width=\"1024\" height=\"683\" src=\"https:\/\/cpm.osupytheas.fr\/wp-content\/uploads\/2021\/05\/T10-1024x683.jpg\" alt=\"\" class=\"wp-image-114\" srcset=\"https:\/\/cpm.osupytheas.fr\/wp-content\/uploads\/2021\/05\/T10-1024x683.jpg 1024w, https:\/\/cpm.osupytheas.fr\/wp-content\/uploads\/2021\/05\/T10-300x200.jpg 300w, https:\/\/cpm.osupytheas.fr\/wp-content\/uploads\/2021\/05\/T10-768x512.jpg 768w, https:\/\/cpm.osupytheas.fr\/wp-content\/uploads\/2021\/05\/T10-1536x1024.jpg 1536w\" sizes=\"auto, (max-width: 1024px) 100vw, 1024px\" \/><\/figure>\n\n\n\n<p><em>Titre:&nbsp;<strong><strong><em>La perte des communs et la d\u00e9sertification<\/em><\/strong><\/strong><br>Ann\u00e9e:&nbsp;2016 <br>Lieu:&nbsp;Karacadag (Turquie)<br>Auteur &amp; Droits: G\u00fcl Ertunan KARAASLAN<\/em><\/p>\n\n\n\n<div style=\"height:50px\" aria-hidden=\"true\" class=\"wp-block-spacer\"><\/div>\n\n\n\n<p>Elles sont volatiles. Comme des gouttes de pluie, elles tombent avec leurs yourtes et leurs ch\u00e8vres et disparaissent ensuite avec les premiers rayons du soleil. Mais les populations transhumantes existent bien, et elles sont les archives d&#8217;une tradition et d\u2019une connaissance profond\u00e9ment enracin\u00e9es qui ne se limitent pas \u00e0 un seul endroit. Elles ne peuvent pas disparaitre, ni simplement s&#8217;arr\u00eater et s&#8217;installer. Il leur est d\u00e9j\u00e0 difficile de trouver un endroit pour passer l&#8217;hiver, souvent sans permis de s\u00e9jour officiel, et d\u2019\u00eatre \u00e0 la merci des propri\u00e9taires fonciers qui demandent des sommes d\u2019argent de plus en plus importantes en \u00e9change de l&#8217;accueil des pasteurs itin\u00e9rants et de leur b\u00e9tail.<\/p>\n\n\n\n<p>Mais lorsqu&#8217;ils sont entre eux, ils restent comme toujours, libres comme l&#8217;air !<\/p>\n\n\n\n<div style=\"height:50px\" aria-hidden=\"true\" class=\"wp-block-spacer\"><\/div>\n\n\n\n<figure class=\"wp-block-image alignfull size-large\"><img loading=\"lazy\" decoding=\"async\" width=\"1024\" height=\"683\" src=\"https:\/\/cpm.osupytheas.fr\/wp-content\/uploads\/2021\/05\/T11-1024x683.jpg\" alt=\"\" class=\"wp-image-115\" srcset=\"https:\/\/cpm.osupytheas.fr\/wp-content\/uploads\/2021\/05\/T11-1024x683.jpg 1024w, https:\/\/cpm.osupytheas.fr\/wp-content\/uploads\/2021\/05\/T11-300x200.jpg 300w, https:\/\/cpm.osupytheas.fr\/wp-content\/uploads\/2021\/05\/T11-768x512.jpg 768w, https:\/\/cpm.osupytheas.fr\/wp-content\/uploads\/2021\/05\/T11-1536x1024.jpg 1536w\" sizes=\"auto, (max-width: 1024px) 100vw, 1024px\" \/><\/figure>\n\n\n\n<p><em>Titre:&nbsp;<strong><strong><em>Pr\u00e9misses et promesses du futur<\/em><\/strong><\/strong> <br>Ann\u00e9e:&nbsp;2016 <br>Lieu:&nbsp;Karacadag (Turquie)<br>Auteur &amp; Droits:&nbsp;G\u00fcl Ertunan KARAASLAN<\/em><\/p>\n\n\n\n<div style=\"height:50px\" aria-hidden=\"true\" class=\"wp-block-spacer\"><\/div>\n\n\n\n<figure class=\"wp-block-video\"><video height=\"540\" style=\"aspect-ratio: 960 \/ 540;\" width=\"960\" controls poster=\"https:\/\/cpm.osupytheas.fr\/wp-content\/uploads\/2021\/07\/Hey-Gec\u0327i-_-Hey-Goat-Trailer_thumb1.jpg\" src=\"https:\/\/cpm.osupytheas.fr\/wp-content\/uploads\/2021\/06\/Hey-Gec\u0327i-_-Hey-Goat-Trailer.mp4\"><\/video><\/figure>\n\n\n\n<p><em>Titre:&nbsp;<strong><strong><em>Salut la ch\u00e8vre!<\/em><\/strong><\/strong><br>Ann\u00e9e:&nbsp;2014 <br>Lieu:&nbsp;Monts Taurus, Turquie<br>Auteur &amp; Droits:&nbsp;Eda Elif Tibet &amp; KARMAMOTION <br>Site web: <a href=\"https:\/\/www.karmamotion.com\/hey-goat\">https:\/\/www.karmamotion.com\/hey-goat<\/a>&nbsp;<br>Film complet: <a href=\"https:\/\/youtu.be\/VjzkQgfqCGQ\">https:\/\/youtu.be\/VjzkQgfqCGQ<\/a><\/em><\/p>\n\n\n\n<hr class=\"wp-block-separator is-style-dots\"\/>\n\n\n\n<div style=\"height:50px\" aria-hidden=\"true\" class=\"wp-block-spacer\"><\/div>\n\n\n\n<p><strong>Remerciements<\/strong><\/p>\n\n\n\n<p>Nous tenons \u00e0 remercier les membres de la famille G\u00f6k (Sarikecili) et notre chef de projet Nature Culture, le Dr. Banu Aydinoglugil et le membre de l&#8217;\u00e9quipe Mithat Marul pour leur pr\u00e9cieux soutien et leurs conseils tout au long du voyage de transhumance que nous avons entrepris ensemble dans les montagnes Taurus. Nous remercions KARMAMOTION d&#8217;avoir document\u00e9 l&#8217;histoire de la famille &nbsp;G\u00f6k et de l&#8217;avoir rendue accessible au grand public. Nous saluons la contribution de la Fondation Doga en Turquie et du Consortium M\u00e9diterran\u00e9en pour la Nature et la Culture, et la Fondation MAVA pour leur soutien financier tout au long de ce voyage.&nbsp;<\/p>\n\n\n\n<p>Nous souhaitons aussi remercier Sedat Kiran, Hamza Agan, Casim Agan, ainsi que toute la tribu &nbsp;Kejan et l&#8217;Association Kocer pour avoir partag\u00e9 leurs voyages et traditions avec G\u00fcl Ertunan KARAASLAN.<\/p>\n\n\n\n<div style=\"height:50px\" aria-hidden=\"true\" class=\"wp-block-spacer\"><\/div>\n\n\n\n<p><strong>Texte et composition <\/strong>par Eda Elif TIBET, G\u00fcl Ertunan KARAASLAN, B\u00fcsra SAHIN et Pablo DOMINGUEZ.<\/p>\n\n\n\n<hr class=\"wp-block-separator is-style-dots\"\/>\n\n\n\n<div style=\"height:50px\" aria-hidden=\"true\" class=\"wp-block-spacer\"><\/div>\n","protected":false},"excerpt":{"rendered":"<p>Titre:&nbsp;Suivre le troupeau Ann\u00e9e: 2014 Lieu:&nbsp;Monts Taurus (Turquie) Auteur &amp; Droits: Eda Elif TIBET ELEMENTS EN FUSION ET COMMUNS EN VOIE DE DISPARITION : Les &hellip;<\/p>\n","protected":false},"author":2,"featured_media":105,"parent":0,"menu_order":5,"comment_status":"closed","ping_status":"closed","template":"","meta":{"footnotes":""},"class_list":["post-643","page","type-page","status-publish","has-post-thumbnail","hentry"],"_links":{"self":[{"href":"https:\/\/cpm.osupytheas.fr\/index.php\/wp-json\/wp\/v2\/pages\/643","targetHints":{"allow":["GET"]}}],"collection":[{"href":"https:\/\/cpm.osupytheas.fr\/index.php\/wp-json\/wp\/v2\/pages"}],"about":[{"href":"https:\/\/cpm.osupytheas.fr\/index.php\/wp-json\/wp\/v2\/types\/page"}],"author":[{"embeddable":true,"href":"https:\/\/cpm.osupytheas.fr\/index.php\/wp-json\/wp\/v2\/users\/2"}],"replies":[{"embeddable":true,"href":"https:\/\/cpm.osupytheas.fr\/index.php\/wp-json\/wp\/v2\/comments?post=643"}],"version-history":[{"count":2,"href":"https:\/\/cpm.osupytheas.fr\/index.php\/wp-json\/wp\/v2\/pages\/643\/revisions"}],"predecessor-version":[{"id":650,"href":"https:\/\/cpm.osupytheas.fr\/index.php\/wp-json\/wp\/v2\/pages\/643\/revisions\/650"}],"wp:featuredmedia":[{"embeddable":true,"href":"https:\/\/cpm.osupytheas.fr\/index.php\/wp-json\/wp\/v2\/media\/105"}],"wp:attachment":[{"href":"https:\/\/cpm.osupytheas.fr\/index.php\/wp-json\/wp\/v2\/media?parent=643"}],"curies":[{"name":"wp","href":"https:\/\/api.w.org\/{rel}","templated":true}]}}